{"id":42313,"date":"2023-02-28T10:54:52","date_gmt":"2023-02-28T03:54:52","guid":{"rendered":"https:\/\/mouldking.store\/shop\/moc-factory-89465-futuremen-cosmoliner-from-captain-future-with-1030-pieces\/"},"modified":"2025-12-16T22:25:15","modified_gmt":"2025-12-16T15:25:15","slug":"moc-factory-89465-futuremen-cosmoliner-from-captain-future-with-1030-pieces","status":"publish","type":"product","link":"https:\/\/mouldking.store\/vi\/shop\/moc-factory-89465-futuremen-cosmoliner-from-captain-future-with-1030-pieces\/","title":{"rendered":"MOC Factory 89465 Futuremen Cosmoliner t\u1eeb Captain Future v\u1edbi 1030 m\u1ea3nh gh\u00e9p"},"content":{"rendered":"<div>\u2705 MOC-89465 Futuremen Cosmoliner t\u1eeb Captain Future<\/p>\n<p>\u2705T\u00e0u v\u0169 tr\u1ee5 Futuremen l\u00e0 m\u1ed9t con t\u00e0u v\u0169 tr\u1ee5 h\u01b0 c\u1ea5u trong lo\u1ea1t phim khoa h\u1ecdc vi\u1ec5n t\u01b0\u1edfng \u201cCaptain Future\u201d, \u0111\u01b0\u1ee3c xu\u1ea5t b\u1ea3n l\u1ea7n \u0111\u1ea7u v\u00e0o n\u0103m 1940.<\/p><\/div>\n<div>\ud83d\udeab QUAN TR\u1eccNG!<\/p>\n<p>T\u00ean s\u1ea3n ph\u1ea9m: Futuremen Cosmoliner t\u1eeb Captain Future<\/p>\n<p>Th\u1ec3 lo\u1ea1i: Kh\u00f4ng gian<\/p>\n<p>B\u1ed9 n\u00e0y ch\u1ee9a: C9293<\/p>\n<p>1030 vi\u00ean g\u1ea1ch ch\u1ea5t l\u01b0\u1ee3ng t\u1ed1t<\/p>\n<p>K\u00edch th\u01b0\u1edbc: 35,1 x 11,1 x 17,8 cm<\/p>\n<p>Tr\u1ecdng l\u01b0\u1ee3ng: 1,01 kg<\/p>\n<p>H\u01b0\u1edbng d\u1eabn PDF<\/p>\n<p>\ud83d\udcccB\u1ea3n ch\u1ea5t c\u1ee7a nh\u00e2n v\u1eadt ch\u00ednh<\/p>\n<p>Xin gi\u1edbi thi\u1ec7u b\u1ed9 s\u01b0u t\u1eadp \u0111\u00e1ng t\u1ef1 h\u00e0o c\u1ee7a ch\u00fang t\u00f4i mang t\u00ean \u201cFuturemen Cosmoliner from Captain Future\u201d m\u00e0 b\u1ea1n kh\u00f4ng n\u00ean b\u1ecf l\u1ee1.<\/p>\n<p>Trong s\u00ea-ri, Cosmoliner l\u00e0 t\u00e0u v\u0169 tr\u1ee5 ch\u00ednh \u0111\u01b0\u1ee3c s\u1eed d\u1ee5ng b\u1edfi Captain Future v\u00e0 nh\u00f3m c\u1ee7a anh \u1ea5y, Futuremen, trong c\u00e1c nhi\u1ec7m v\u1ee5 kh\u00e1c nhau c\u1ee7a h\u1ecd tr\u00ean kh\u1eafp thi\u00ean h\u00e0. Con t\u00e0u \u0111\u01b0\u1ee3c m\u00f4 t\u1ea3 l\u00e0 m\u1ed9t con t\u00e0u ki\u1ec3u d\u00e1ng \u0111\u1eb9p v\u00e0 m\u1ea1nh m\u1ebd, v\u1edbi thi\u1ebft k\u1ebf h\u1ee3p l\u00fd cho ph\u00e9p n\u00f3 di chuy\u1ec3n v\u1edbi t\u1ed1c \u0111\u1ed9 \u0111\u00e1ng kinh ng\u1ea1c. N\u00f3 \u0111\u01b0\u1ee3c trang b\u1ecb nhi\u1ec1u c\u00f4ng ngh\u1ec7 ti\u00ean ti\u1ebfn, bao g\u1ed3m l\u00e1 ch\u1eafn tr\u01b0\u1eddng l\u1ef1c, m\u00e1y t\u1ea1o ph\u00e2n t\u1eed v\u00e0 h\u1ec7 th\u1ed1ng ki\u1ec3m so\u00e1t tr\u1ecdng l\u1ef1c.<\/p><\/div>","protected":false},"excerpt":{"rendered":"<p>Th\u01b0\u01a1ng hi\u1ec7u: Nh\u00e0 m\u00e1y M\u1ed8C<br \/>\nGi\u1edbi t\u00ednh: Unisex<br \/>\n\u0110\u1ed9 tu\u1ed5i: &gt; 8 tu\u1ed5i<br \/>\nS\u1ed1 m\u00f4 h\u00ecnh: 89465<br \/>\nPh\u00e2n lo\u1ea1i: T\u1eadp h\u1ee3p<br \/>\nH\u00ecnh d\u1ea1ng kh\u1ed1i nh\u1ef1a: G\u1ea1ch t\u1ef1 kh\u00f3a<br \/>\nCh\u1ea5t li\u1ec7u: Nh\u1ef1a<br \/>\nLo\u1ea1i nh\u1ef1a: ABS<br \/>\nKh\u1ed1i g\u1ea1ch: 1030 +<br \/>\nKh\u00f4ng c\u00f3 h\u1ed9p<\/p>","protected":false},"featured_media":42312,"comment_status":"open","ping_status":"closed","template":"","meta":{"_acf_changed":false},"product_cat":[1357,581,6016,364,1408],"product_tag":[11436,11435,11437,11434,9139,434,2276,389],"class_list":["product","first","instock","shipping-taxable","purchasable","product-type-simple"],"acf":[],"_links":{"self":[{"href":"https:\/\/mouldking.store\/vi\/wp-json\/wp\/v2\/product\/42313","targetHints":{"allow":["GET"]}}],"collection":[{"href":"https:\/\/mouldking.store\/vi\/wp-json\/wp\/v2\/product"}],"about":[{"href":"https:\/\/mouldking.store\/vi\/wp-json\/wp\/v2\/types\/product"}],"replies":[{"embeddable":true,"href":"https:\/\/mouldking.store\/vi\/wp-json\/wp\/v2\/comments?post=42313"}],"wp:featuredmedia":[{"embeddable":true,"href":"https:\/\/mouldking.store\/vi\/wp-json\/wp\/v2\/media\/42312"}],"wp:attachment":[{"href":"https:\/\/mouldking.store\/vi\/wp-json\/wp\/v2\/media?parent=42313"}],"wp:term":[{"taxonomy":"product_cat","embeddable":true,"href":"https:\/\/mouldking.store\/vi\/wp-json\/wp\/v2\/product_cat?post=42313"},{"taxonomy":"product_tag","embeddable":true,"href":"https:\/\/mouldking.store\/vi\/wp-json\/wp\/v2\/product_tag?post=42313"}],"curies":[{"name":"wp","href":"https:\/\/api.w.org\/{rel}","templated":true}]}}