{"id":42332,"date":"2023-02-28T14:13:46","date_gmt":"2023-02-28T07:13:46","guid":{"rendered":"https:\/\/mouldking.store\/shop\/moc-factory-99581-vulcan-centaur-with-1355-pieces\/"},"modified":"2025-12-16T22:25:15","modified_gmt":"2025-12-16T15:25:15","slug":"moc-factory-99581-vulcan-centaur-with-1355-pieces","status":"publish","type":"product","link":"https:\/\/mouldking.store\/vi\/shop\/moc-factory-99581-vulcan-centaur-with-1355-pieces\/","title":{"rendered":"MOC Factory 99581 Vulcan Centaur with 1355 Pieces"},"content":{"rendered":"<div>\u2705MOC-99581 Nh\u00e2n m\u00e3 Vulcan<\/p>\n<p>\u2705Vulcan Centaur l\u00e0 t\u00ean l\u1eeda \u0111\u1ea9y h\u1ea1ng n\u1eb7ng \u0111\u01b0\u1ee3c ph\u00e1t tri\u1ec3n b\u1edfi United Launch Alliance (ULA), m\u1ed9t li\u00ean doanh gi\u1eefa Lockheed Martin v\u00e0 Boeing, \u0111\u1ec3 s\u1eed d\u1ee5ng trong vi\u1ec7c ph\u00f3ng nhi\u1ec1u lo\u1ea1i tr\u1ecdng t\u1ea3i v\u00e0o kh\u00f4ng gian.<\/p>\n<p>\ud83d\udeab QUAN TR\u1eccNG!<\/p>\n<p>T\u00ean s\u1ea3n ph\u1ea9m: Nh\u00e2n m\u00e3 Vulcan<\/p>\n<p>Th\u1ec3 lo\u1ea1i: Kh\u00f4ng gian<\/p>\n<p>B\u1ed9 n\u00e0y ch\u1ee9a: C9301<\/p>\n<p>1355 chi\u1ebfc G\u1ea1ch ch\u1ea5t l\u01b0\u1ee3ng t\u1ed1t<\/p>\n<p>K\u00edch th\u01b0\u1edbc: 8,9 x 5,7 x 61,3 cm<\/p>\n<p>C\u00e2n n\u1eb7ng: 0,48kg<\/p>\n<p>H\u01b0\u1edbng d\u1eabn PDF<\/p>\n<p>\ud83d\udcccB\u1ea3n ch\u1ea5t c\u1ee7a nh\u00e2n v\u1eadt ch\u00ednh<\/p>\n<p>Xin gi\u1edbi thi\u1ec7u b\u1ed9 s\u01b0u t\u1eadp \u0111\u00e1ng t\u1ef1 h\u00e0o c\u1ee7a ch\u00fang t\u00f4i mang t\u00ean \u201cVulcan Centaur\u201d m\u00e0 b\u1ea1n kh\u00f4ng n\u00ean b\u1ecf l\u1ee1.<\/p>\n<p>T\u00ean l\u1eeda Vulcan Centaur \u0111\u01b0\u1ee3c thi\u1ebft k\u1ebf \u0111\u1ec3 thay th\u1ebf c\u00e1c t\u00ean l\u1eeda Atlas V v\u00e0 Delta IV hi\u1ec7n c\u00f3 c\u1ee7a ULA, d\u1ef1 ki\u1ebfn s\u1ebd ng\u1eebng ho\u1ea1t \u0111\u1ed9ng v\u00e0o nh\u1eefng n\u0103m 2020. N\u00f3 s\u1ebd c\u00f3 kh\u1ea3 n\u0103ng n\u00e2ng t\u1ea3i tr\u1ecdng l\u00ean t\u1edbi 57.000 pound (26.000 kg) l\u00ean qu\u1ef9 \u0111\u1ea1o Tr\u00e1i \u0111\u1ea5t th\u1ea5p v\u00e0 l\u00ean t\u1edbi 31.000 pound (14.000 kg) l\u00ean qu\u1ef9 \u0111\u1ea1o chuy\u1ec3n \u0111\u1ecba t\u0129nh.<\/p><\/div>","protected":false},"excerpt":{"rendered":"<p>Th\u01b0\u01a1ng hi\u1ec7u: Nh\u00e0 m\u00e1y M\u1ed8C<br \/>\nGi\u1edbi t\u00ednh: Unisex<br \/>\n\u0110\u1ed9 tu\u1ed5i: &gt; 12 tu\u1ed5i<br \/>\nS\u1ed1 m\u00f4 h\u00ecnh: 99581<br \/>\nPh\u00e2n lo\u1ea1i: T\u1eadp h\u1ee3p<br \/>\nH\u00ecnh d\u1ea1ng kh\u1ed1i nh\u1ef1a: G\u1ea1ch t\u1ef1 kh\u00f3a<br \/>\nCh\u1ea5t li\u1ec7u: Nh\u1ef1a<br \/>\nLo\u1ea1i nh\u1ef1a: ABS<br \/>\nKh\u1ed1i g\u1ea1ch: 1355 +<br \/>\nKh\u00f4ng c\u00f3 h\u1ed9p<\/p>","protected":false},"featured_media":42323,"comment_status":"open","ping_status":"closed","template":"","meta":{"_acf_changed":false},"product_cat":[1357,6016,364],"product_tag":[11440,2276,389,10288],"class_list":["product","first","instock","shipping-taxable","purchasable","product-type-simple"],"acf":[],"_links":{"self":[{"href":"https:\/\/mouldking.store\/vi\/wp-json\/wp\/v2\/product\/42332","targetHints":{"allow":["GET"]}}],"collection":[{"href":"https:\/\/mouldking.store\/vi\/wp-json\/wp\/v2\/product"}],"about":[{"href":"https:\/\/mouldking.store\/vi\/wp-json\/wp\/v2\/types\/product"}],"replies":[{"embeddable":true,"href":"https:\/\/mouldking.store\/vi\/wp-json\/wp\/v2\/comments?post=42332"}],"wp:featuredmedia":[{"embeddable":true,"href":"https:\/\/mouldking.store\/vi\/wp-json\/wp\/v2\/media\/42323"}],"wp:attachment":[{"href":"https:\/\/mouldking.store\/vi\/wp-json\/wp\/v2\/media?parent=42332"}],"wp:term":[{"taxonomy":"product_cat","embeddable":true,"href":"https:\/\/mouldking.store\/vi\/wp-json\/wp\/v2\/product_cat?post=42332"},{"taxonomy":"product_tag","embeddable":true,"href":"https:\/\/mouldking.store\/vi\/wp-json\/wp\/v2\/product_tag?post=42332"}],"curies":[{"name":"wp","href":"https:\/\/api.w.org\/{rel}","templated":true}]}}