{"id":42337,"date":"2023-02-28T14:23:05","date_gmt":"2023-02-28T07:23:05","guid":{"rendered":"https:\/\/mouldking.store\/shop\/moc-factory-115338-h-iia-super-collection-with-716-pieces\/"},"modified":"2025-12-16T22:25:15","modified_gmt":"2025-12-16T15:25:15","slug":"moc-factory-115338-h-iia-super-collection-with-716-pieces","status":"publish","type":"product","link":"https:\/\/mouldking.store\/vi\/shop\/moc-factory-115338-h-iia-super-collection-with-716-pieces\/","title":{"rendered":"MOC Factory 115338 B\u1ed9 s\u01b0u t\u1eadp si\u00eau ph\u1ea9m H-IIA v\u1edbi 716 m\u1ea3nh gh\u00e9p"},"content":{"rendered":"<div>\u2705 MOC-115338 Si\u00eau B\u1ed9 S\u01b0u T\u1eadp H-IIA<\/p>\n<p>\u2705H-IIA l\u00e0 d\u00f2ng ph\u01b0\u01a1ng ti\u1ec7n ph\u00f3ng c\u00f3 th\u1ec3 ti\u00eau hao (ELV) c\u1ee7a Nh\u1eadt B\u1ea3n do C\u01a1 quan Th\u00e1m hi\u1ec3m H\u00e0ng kh\u00f4ng V\u0169 tr\u1ee5 Nh\u1eadt B\u1ea3n (JAXA) v\u1eadn h\u00e0nh. \u201cH\u201d l\u00e0 vi\u1ebft t\u1eaft c\u1ee7a \u201cH-II\u201d v\u00e0 \u201cIIA\u201d l\u00e0 \u201cB\u1ed9 \u0111i\u1ec1u h\u1ee3p gi\u1eefa c\u00e1c t\u1ea7ng \u0111\u01b0\u1ee3c c\u1ea3i ti\u1ebfn\u201d.<\/p>\n<p>\ud83d\udeab QUAN TR\u1eccNG!<\/p>\n<p>T\u00ean s\u1ea3n ph\u1ea9m: B\u1ed9 s\u01b0u t\u1eadp si\u00eau ph\u1ea9m H-IIA<\/p>\n<p>Th\u1ec3 lo\u1ea1i: Kh\u00f4ng gian<\/p>\n<p>B\u1ed9 n\u00e0y ch\u1ee9a: C9310<\/p>\n<p>716 vi\u00ean g\u1ea1ch ch\u1ea5t l\u01b0\u1ee3ng t\u1ed1t<\/p>\n<p>K\u00edch th\u01b0\u1edbc: 8 x 8 x 24 cm<\/p>\n<p>C\u00e2n n\u1eb7ng: 0,69kg<\/p>\n<p>H\u01b0\u1edbng d\u1eabn PDF<\/p>\n<p>\ud83d\udcccB\u1ea3n ch\u1ea5t c\u1ee7a nh\u00e2n v\u1eadt ch\u00ednh<\/p>\n<p>Gi\u1edbi thi\u1ec7u b\u1ed9 s\u01b0u t\u1eadp \u0111\u00e1ng t\u1ef1 h\u00e0o c\u1ee7a ch\u00fang t\u00f4i mang t\u00ean \u201cTr\u1ecdng l\u01b0\u1ee3ng: 0,69 kg\u201d m\u00e0 b\u1ea1n kh\u00f4ng n\u00ean b\u1ecf l\u1ee1.<\/p>\n<p>H-IIA c\u00f3 thi\u1ebft k\u1ebf hai giai \u0111o\u1ea1n, v\u1edbi c\u00e1c t\u00ean l\u1eeda \u0111\u1ea9y r\u1eafn \u0111\u01b0\u1ee3c g\u1eafn v\u00e0o giai \u0111o\u1ea1n \u0111\u1ea7u ti\u00ean \u0111\u1ec3 cung c\u1ea5p l\u1ef1c \u0111\u1ea9y b\u1ed5 sung trong giai \u0111o\u1ea1n \u0111\u1ea7u c\u1ee7a chuy\u1ebfn bay. Giai \u0111o\u1ea1n th\u1ee9 hai c\u1ee7a t\u00ean l\u1eeda \u0111\u01b0\u1ee3c cung c\u1ea5p b\u1edfi \u0111\u1ed9ng c\u01a1 nhi\u00ean li\u1ec7u l\u1ecfng. H-IIA \u0111\u00e3 \u0111\u01b0\u1ee3c \u0111\u01b0a v\u00e0o s\u1eed d\u1ee5ng t\u1eeb n\u0103m 2001 v\u00e0 c\u00f3 th\u00e0nh t\u00edch t\u1ed1t v\u1ec1 \u0111\u1ed9 tin c\u1eady v\u00e0 th\u00e0nh c\u00f4ng. N\u00f3 \u0111\u00e3 tr\u1edf th\u00e0nh m\u1ed9t th\u00e0nh ph\u1ea7n quan tr\u1ecdng trong ch\u01b0\u01a1ng tr\u00ecnh kh\u00f4ng gian c\u1ee7a Nh\u1eadt B\u1ea3n, h\u1ed7 tr\u1ee3 c\u1ea3 c\u00e1c nhi\u1ec7m v\u1ee5 trong n\u01b0\u1edbc v\u00e0 qu\u1ed1c t\u1ebf.<\/p><\/div>","protected":false},"excerpt":{"rendered":"<p>Th\u01b0\u01a1ng hi\u1ec7u: Nh\u00e0 m\u00e1y M\u1ed8C<br \/>\nGi\u1edbi t\u00ednh: Unisex<br \/>\n\u0110\u1ed9 tu\u1ed5i: &gt; 12 tu\u1ed5i<br \/>\nS\u1ed1 m\u00f4 h\u00ecnh: 115338<br \/>\nPh\u00e2n lo\u1ea1i: T\u1eadp h\u1ee3p<br \/>\nH\u00ecnh d\u1ea1ng kh\u1ed1i nh\u1ef1a: G\u1ea1ch t\u1ef1 kh\u00f3a<br \/>\nCh\u1ea5t li\u1ec7u: Nh\u1ef1a<br \/>\nLo\u1ea1i nh\u1ef1a: ABS<br \/>\nKh\u1ed1i g\u1ea1ch: 716 +<br \/>\nKh\u00f4ng c\u00f3 h\u1ed9p<\/p>","protected":false},"featured_media":42333,"comment_status":"open","ping_status":"closed","template":"","meta":{"_acf_changed":false},"product_cat":[6016],"product_tag":[11441,2276,11396],"class_list":["product","first","instock","shipping-taxable","purchasable","product-type-simple"],"acf":[],"_links":{"self":[{"href":"https:\/\/mouldking.store\/vi\/wp-json\/wp\/v2\/product\/42337","targetHints":{"allow":["GET"]}}],"collection":[{"href":"https:\/\/mouldking.store\/vi\/wp-json\/wp\/v2\/product"}],"about":[{"href":"https:\/\/mouldking.store\/vi\/wp-json\/wp\/v2\/types\/product"}],"replies":[{"embeddable":true,"href":"https:\/\/mouldking.store\/vi\/wp-json\/wp\/v2\/comments?post=42337"}],"wp:featuredmedia":[{"embeddable":true,"href":"https:\/\/mouldking.store\/vi\/wp-json\/wp\/v2\/media\/42333"}],"wp:attachment":[{"href":"https:\/\/mouldking.store\/vi\/wp-json\/wp\/v2\/media?parent=42337"}],"wp:term":[{"taxonomy":"product_cat","embeddable":true,"href":"https:\/\/mouldking.store\/vi\/wp-json\/wp\/v2\/product_cat?post=42337"},{"taxonomy":"product_tag","embeddable":true,"href":"https:\/\/mouldking.store\/vi\/wp-json\/wp\/v2\/product_tag?post=42337"}],"curies":[{"name":"wp","href":"https:\/\/api.w.org\/{rel}","templated":true}]}}