{"id":42359,"date":"2023-02-28T14:53:09","date_gmt":"2023-02-28T07:53:09","guid":{"rendered":"https:\/\/mouldking.store\/shop\/moc-factory-96080-viking-village-viking-mead-hall-with-745-pieces\/"},"modified":"2025-12-16T22:25:14","modified_gmt":"2025-12-16T15:25:14","slug":"moc-factory-96080-viking-village-viking-mead-hall-with-745-pieces","status":"publish","type":"product","link":"https:\/\/mouldking.store\/vi\/shop\/moc-factory-96080-viking-village-viking-mead-hall-with-745-pieces\/","title":{"rendered":"Nh\u00e0 m\u00e1y MOC 96080 Viking Village Viking Mead Hall v\u1edbi 745 m\u1ea3nh gh\u00e9p"},"content":{"rendered":"<div>\u2705 MOC-96080 Viking Village Viking Mead Hall<\/p>\n<p>\u2705 Viking Mead Hall, c\u00f2n \u0111\u01b0\u1ee3c g\u1ecdi l\u00e0 Great Hall, l\u00e0 m\u1ed9t t\u00f2a nh\u00e0 l\u1edbn \u0111\u00f3ng vai tr\u00f2 l\u00e0 n\u01a1i t\u1eadp trung trung t\u00e2m c\u1ee7a c\u1ed9ng \u0111\u1ed3ng Viking. S\u1ea3nh Mead th\u01b0\u1eddng l\u00e0 t\u00f2a nh\u00e0 l\u1edbn nh\u1ea5t v\u00e0 quan tr\u1ecdng nh\u1ea5t trong khu \u0111\u1ecbnh c\u01b0 c\u1ee7a ng\u01b0\u1eddi Viking, \u0111\u1ed3ng th\u1eddi \u0111\u01b0\u1ee3c s\u1eed d\u1ee5ng cho nhi\u1ec1u s\u1ef1 ki\u1ec7n x\u00e3 h\u1ed9i, ch\u00ednh tr\u1ecb v\u00e0 t\u00f4n gi\u00e1o.<\/p>\n<p>\ud83d\udeab QUAN TR\u1eccNG!<\/p>\n<p>T\u00ean s\u1ea3n ph\u1ea9m: L\u00e0ng Viking Viking Mead Hall<\/p>\n<p>Danh m\u1ee5c: T\u00f2a nh\u00e0 m\u00f4-\u0111un<\/p>\n<p>B\u1ed9 n\u00e0y ch\u1ee9a: C9341<\/p>\n<p>745 chi\u1ebfc G\u1ea1ch ch\u1ea5t l\u01b0\u1ee3ng t\u1ed1t<\/p>\n<p>K\u00edch th\u01b0\u1edbc: 26 x 12 x 25 cm<\/p>\n<p>C\u00e2n n\u1eb7ng: 0,95kg<\/p>\n<p>H\u01b0\u1edbng d\u1eabn PDF<\/p>\n<p>\ud83d\udcccB\u1ea3n ch\u1ea5t c\u1ee7a nh\u00e2n v\u1eadt ch\u00ednh<\/p>\n<p>Xin gi\u1edbi thi\u1ec7u b\u1ed9 s\u01b0u t\u1eadp \u0111\u00e1ng t\u1ef1 h\u00e0o c\u1ee7a ch\u00fang t\u00f4i mang t\u00ean \u201cViking Village Viking Mead Hall\u201d m\u00e0 b\u1ea1n kh\u00f4ng n\u00ean b\u1ecf l\u1ee1.<\/p>\n<p>Mead Hall th\u01b0\u1eddng \u0111\u01b0\u1ee3c x\u00e2y d\u1ef1ng b\u1eb1ng g\u1ed7 v\u00e0 tranh, v\u00e0 c\u00f3 th\u1ec3 kh\u00e1 l\u1edbn, v\u1edbi m\u1ed9t s\u1ed1 d\u00e0i t\u1edbi 200 feet. N\u00f3 th\u01b0\u1eddng c\u00f3 m\u1ed9t s\u1ea3nh l\u1edbn \u1edf trung t\u00e2m, v\u1edbi m\u1ed9t c\u00e1i b\u1ec7 n\u00e2ng cao \u1edf m\u1ed9t \u0111\u1ea7u, n\u01a1i th\u1ee7 l\u0129nh ho\u1eb7c nh\u00e0 vua s\u1ebd ng\u1ed3i. H\u1ed9i tr\u01b0\u1eddng c\u0169ng th\u01b0\u1eddng \u0111\u01b0\u1ee3c trang tr\u00ed b\u1eb1ng th\u1ea3m trang tr\u00ed, v\u0169 kh\u00ed v\u00e0 c\u00e1c v\u1eadt d\u1ee5ng quan tr\u1ecdng kh\u00e1c \u0111\u1ed1i v\u1edbi c\u1ed9ng \u0111\u1ed3ng.<\/p><\/div>","protected":false},"excerpt":{"rendered":"<p>Th\u01b0\u01a1ng hi\u1ec7u: Nh\u00e0 m\u00e1y M\u1ed8C<br \/>\nGi\u1edbi t\u00ednh: Unisex<br \/>\n\u0110\u1ed9 tu\u1ed5i: &gt; 8 tu\u1ed5i<br \/>\nS\u1ed1 m\u00f4 h\u00ecnh: 96080<br \/>\nPh\u00e2n lo\u1ea1i: T\u1eadp h\u1ee3p<br \/>\nH\u00ecnh d\u1ea1ng kh\u1ed1i nh\u1ef1a: G\u1ea1ch t\u1ef1 kh\u00f3a<br \/>\nCh\u1ea5t li\u1ec7u: Nh\u1ef1a<br \/>\nLo\u1ea1i nh\u1ef1a: ABS<br \/>\nKh\u1ed1i g\u1ea1ch: 745 +<br \/>\nKh\u00f4ng c\u00f3 h\u1ed9p<\/p>","protected":false},"featured_media":42358,"comment_status":"open","ping_status":"closed","template":"","meta":{"_acf_changed":false},"product_cat":[1395,390],"product_tag":[4883,11445,11099,392,9952,6373],"class_list":["product","first","instock","shipping-taxable","purchasable","product-type-simple"],"acf":[],"_links":{"self":[{"href":"https:\/\/mouldking.store\/vi\/wp-json\/wp\/v2\/product\/42359","targetHints":{"allow":["GET"]}}],"collection":[{"href":"https:\/\/mouldking.store\/vi\/wp-json\/wp\/v2\/product"}],"about":[{"href":"https:\/\/mouldking.store\/vi\/wp-json\/wp\/v2\/types\/product"}],"replies":[{"embeddable":true,"href":"https:\/\/mouldking.store\/vi\/wp-json\/wp\/v2\/comments?post=42359"}],"wp:featuredmedia":[{"embeddable":true,"href":"https:\/\/mouldking.store\/vi\/wp-json\/wp\/v2\/media\/42358"}],"wp:attachment":[{"href":"https:\/\/mouldking.store\/vi\/wp-json\/wp\/v2\/media?parent=42359"}],"wp:term":[{"taxonomy":"product_cat","embeddable":true,"href":"https:\/\/mouldking.store\/vi\/wp-json\/wp\/v2\/product_cat?post=42359"},{"taxonomy":"product_tag","embeddable":true,"href":"https:\/\/mouldking.store\/vi\/wp-json\/wp\/v2\/product_tag?post=42359"}],"curies":[{"name":"wp","href":"https:\/\/api.w.org\/{rel}","templated":true}]}}