{"id":42387,"date":"2023-02-28T15:28:18","date_gmt":"2023-02-28T08:28:18","guid":{"rendered":"https:\/\/mouldking.store\/shop\/moc-factory-89461-robot-mobile-suit-tiger-girl-with-314-pieces\/"},"modified":"2025-12-16T22:25:14","modified_gmt":"2025-12-16T15:25:14","slug":"moc-factory-89461-robot-mobile-suit-tiger-girl-with-314-pieces","status":"publish","type":"product","link":"https:\/\/mouldking.store\/vi\/shop\/moc-factory-89461-robot-mobile-suit-tiger-girl-with-314-pieces\/","title":{"rendered":"MOC Factory 89461 Robot Mobile Suit Tiger Girl v\u1edbi 314 m\u1ea3nh gh\u00e9p"},"content":{"rendered":"<div>\u2705 MOC-89461 Robot Mobile Suit Tiger Girl&nbsp;<\/p>\n<p>\u2705Robot Mobile Suit Tiger Girl l\u00e0 m\u1ed9t s\u00e1ng t\u1ea1o LEGO m\u00e0u v\u00e0ng v\u00e0 tr\u1eafng c\u00f3 v\u1ebb nh\u01b0 \u0111\u01b0\u1ee3c m\u00f4 ph\u1ecfng theo m\u1ed9t con h\u1ed5.<\/p>\n<p>\ud83d\udeab QUAN TR\u1eccNG!<\/p>\n<p>T\u00ean s\u1ea3n ph\u1ea9m: Robot Mobile Suit Tiger Girl&nbsp;<\/p>\n<p>Th\u1ec3 lo\u1ea1i: Ng\u01b0\u1eddi s\u00e1ng t\u1ea1o<\/p>\n<p>B\u1ed9 n\u00e0y ch\u1ee9a: C9358<\/p>\n<p>314 vi\u00ean g\u1ea1ch ch\u1ea5t l\u01b0\u1ee3ng t\u1ed1t<\/p>\n<p>K\u00edch th\u01b0\u1edbc: 15,4 x 12,4 x 25,6 cm<\/p>\n<p>C\u00e2n n\u1eb7ng: 0,42kg<\/p>\n<p>H\u01b0\u1edbng d\u1eabn PDF<\/p>\n<p>\ud83d\udcccB\u1ea3n ch\u1ea5t c\u1ee7a nh\u00e2n v\u1eadt ch\u00ednh<\/p>\n<p>Xin gi\u1edbi thi\u1ec7u b\u1ed9 s\u01b0u t\u1eadp \u0111\u00e1ng t\u1ef1 h\u00e0o c\u1ee7a ch\u00fang t\u00f4i mang t\u00ean \u201cRobot Mobile Suit Tiger Girl\u201d m\u00e0 b\u1ea1n kh\u00f4ng n\u00ean b\u1ecf l\u1ee1.<\/p>\n<p>C\u00f4 g\u00e1i ng\u01b0\u1eddi m\u00e1y c\u00f3 h\u00ecnh d\u1ea1ng gi\u1ed1ng ng\u01b0\u1eddi v\u1edbi \u0111\u1ea7u, th\u00e2n, tay v\u00e0 ch\u00e2n, ch\u1ee7 y\u1ebfu l\u00e0 m\u00e0u v\u00e0ng v\u1edbi c\u00e1c \u0111i\u1ec3m nh\u1ea5n m\u00e0u tr\u1eafng. \u0110\u1ea7u \u0111\u01b0\u1ee3c thi\u1ebft k\u1ebf gi\u1ed1ng \u0111\u1ea7u h\u1ed5 v\u1edbi \u0111\u00f4i tai nh\u1ecdn, m\u00f5m v\u00e0 \u0111\u00f4i m\u1eaft to. C\u00e1nh tay v\u00e0 ch\u00e2n c\u00f3 nhi\u1ec1u kh\u1edbp n\u1ed1i kh\u00e1c nhau cho ph\u00e9p t\u1ea1o t\u01b0 th\u1ebf v\u00e0 chuy\u1ec3n \u0111\u1ed9ng. C\u00f4 g\u00e1i ng\u01b0\u1eddi m\u00e1y c\u0169ng \u0111\u01b0\u1ee3c trang b\u1ecb nhi\u1ec1u v\u0169 kh\u00ed v\u00e0 ph\u1ee5 ki\u1ec7n kh\u00e1c nhau, bao g\u1ed3m c\u1ea3 nh\u1eefng kh\u1ea9u ph\u00e1o l\u1edbn g\u1eafn v\u00e0o c\u00e1nh tay v\u00e0 m\u1ed9t chi\u1ebfc ba l\u00f4 ch\u1ee9a v\u0169 kh\u00ed b\u1ed5 sung.<\/p><\/div>","protected":false},"excerpt":{"rendered":"<p>Th\u01b0\u01a1ng hi\u1ec7u: Nh\u00e0 m\u00e1y M\u1ed8C<br \/>\nGi\u1edbi t\u00ednh: Unisex<br \/>\n\u0110\u1ed9 tu\u1ed5i: &gt; 8 tu\u1ed5i<br \/>\nS\u1ed1 m\u00f4 h\u00ecnh: 89461<br \/>\nPh\u00e2n lo\u1ea1i: T\u1eadp h\u1ee3p<br \/>\nH\u00ecnh d\u1ea1ng kh\u1ed1i nh\u1ef1a: G\u1ea1ch t\u1ef1 kh\u00f3a<br \/>\nCh\u1ea5t li\u1ec7u: Nh\u1ef1a<br \/>\nLo\u1ea1i nh\u1ef1a: ABS<br \/>\nKh\u1ed1i g\u1ea1ch: 314 +<br \/>\nKh\u00f4ng c\u00f3 h\u1ed9p<\/p>","protected":false},"featured_media":42378,"comment_status":"open","ping_status":"closed","template":"","meta":{"_acf_changed":false},"product_cat":[1365,371],"product_tag":[11072,8452,11035,590,6482],"class_list":["product","first","instock","shipping-taxable","purchasable","product-type-simple"],"acf":[],"_links":{"self":[{"href":"https:\/\/mouldking.store\/vi\/wp-json\/wp\/v2\/product\/42387","targetHints":{"allow":["GET"]}}],"collection":[{"href":"https:\/\/mouldking.store\/vi\/wp-json\/wp\/v2\/product"}],"about":[{"href":"https:\/\/mouldking.store\/vi\/wp-json\/wp\/v2\/types\/product"}],"replies":[{"embeddable":true,"href":"https:\/\/mouldking.store\/vi\/wp-json\/wp\/v2\/comments?post=42387"}],"wp:featuredmedia":[{"embeddable":true,"href":"https:\/\/mouldking.store\/vi\/wp-json\/wp\/v2\/media\/42378"}],"wp:attachment":[{"href":"https:\/\/mouldking.store\/vi\/wp-json\/wp\/v2\/media?parent=42387"}],"wp:term":[{"taxonomy":"product_cat","embeddable":true,"href":"https:\/\/mouldking.store\/vi\/wp-json\/wp\/v2\/product_cat?post=42387"},{"taxonomy":"product_tag","embeddable":true,"href":"https:\/\/mouldking.store\/vi\/wp-json\/wp\/v2\/product_tag?post=42387"}],"curies":[{"name":"wp","href":"https:\/\/api.w.org\/{rel}","templated":true}]}}