{"id":42394,"date":"2023-03-01T15:49:24","date_gmt":"2023-03-01T08:49:24","guid":{"rendered":"https:\/\/mouldking.store\/shop\/k-box-v5007-dj-rambo-man-bumblebee-robot-with-5692-pieces\/"},"modified":"2023-03-01T15:49:24","modified_gmt":"2023-03-01T08:49:24","slug":"k-box-v5007-dj-rambo-man-bumblebee-robot-with-5692-pieces","status":"publish","type":"product","link":"https:\/\/mouldking.store\/vi\/shop\/k-box-v5007-dj-rambo-man-bumblebee-robot-with-5692-pieces\/","title":{"rendered":"K-Box V5007 Robot Bumblebee DJ-Rambo Man v\u1edbi 5692 m\u1ea3nh gh\u00e9p"},"content":{"rendered":"<div>\u2705 Robot Bumblebee DJ-Rambo Man K-Box V5007<br \/>&nbsp;<br \/>\u2705DJ-Rambo Man Bumblebee d\u01b0\u1eddng nh\u01b0 l\u00e0 m\u1ed9t b\u1ed9 \u0111\u1ed3 ch\u01a1i kh\u1ed1i x\u00e2y d\u1ef1ng v\u1edbi 5692\u00b1 m\u1ea3nh c\u00f3 th\u1ec3 \u0111\u01b0\u1ee3c s\u1eed d\u1ee5ng \u0111\u1ec3 x\u00e2y d\u1ef1ng h\u00ecnh ng\u01b0\u1eddi m\u00e1y.<br \/>&nbsp;<br \/>\ud83d\udeab QUAN TR\u1eccNG!&nbsp;<br \/>&nbsp;<br \/>T\u00ean s\u1ea3n ph\u1ea9m: Robot ong ngh\u1ec7 DJ-Rambo Man<br \/>&nbsp;<br \/>Th\u1ec3 lo\u1ea1i: Ng\u01b0\u1eddi s\u00e1ng t\u1ea1o&nbsp;<br \/>&nbsp;<br \/>B\u1ed9 n\u00e0y ch\u1ee9a: K-Box V5007<br \/>&nbsp;<br \/>5692 chi\u1ebfc G\u1ea1ch ch\u1ea5t l\u01b0\u1ee3ng t\u1ed1t&nbsp;<br \/>&nbsp;<br \/>K\u00edch th\u01b0\u1edbc: 55\u00d732.5\u00d761.5cm<br \/>&nbsp;<br \/>H\u01b0\u1edbng d\u1eabn th\u1ee7 c\u00f4ng&nbsp;<br \/>&nbsp;<br \/>\ud83d\udcccB\u1ea3n ch\u1ea5t c\u1ee7a nh\u00e2n v\u1eadt ch\u00ednh&nbsp;<br \/>&nbsp;<br \/>Xin gi\u1edbi thi\u1ec7u b\u1ed9 s\u01b0u t\u1eadp \u0111\u00e1ng t\u1ef1 h\u00e0o c\u1ee7a ch\u00fang t\u00f4i mang t\u00ean \u201cDJ-Rambo Man Bumblebee Robot\u201d m\u00e0 b\u1ea1n kh\u00f4ng n\u00ean b\u1ecf l\u1ee1.&nbsp;<br \/>&nbsp;<br \/>B\u1ed9 kh\u1ed1i x\u00e2y d\u1ef1ng t\u01b0\u01a1ng th\u00edch v\u1edbi c\u00e1c \u0111\u1ed3 ch\u01a1i kh\u1ed1i x\u00e2y d\u1ef1ng t\u01b0\u01a1ng t\u1ef1 kh\u00e1c, c\u00f3 ngh\u0129a l\u00e0 c\u00e1c m\u1ea3nh gh\u00e9p c\u00f3 th\u1ec3 \u0111\u01b0\u1ee3c s\u1eed d\u1ee5ng \u0111\u1ec3 x\u00e2y d\u1ef1ng nhi\u1ec1u m\u00f4 h\u00ecnh kh\u00e1c nhau ngo\u00e0i h\u00ecnh ng\u01b0\u1eddi m\u00e1y.<\/div>","protected":false},"excerpt":{"rendered":"<p>Th\u01b0\u01a1ng hi\u1ec7u: K-Box<br \/>\nGi\u1edbi t\u00ednh: Unisex<br \/>\n\u0110\u1ed9 tu\u1ed5i: &gt; 14 tu\u1ed5i<br \/>\nS\u1ed1 m\u00f4 h\u00ecnh: V5007<br \/>\nPh\u00e2n lo\u1ea1i: T\u1eadp h\u1ee3p<br \/>\nH\u00ecnh d\u1ea1ng kh\u1ed1i nh\u1ef1a: G\u1ea1ch t\u1ef1 kh\u00f3a<br \/>\nCh\u1ea5t li\u1ec7u: Nh\u1ef1a<br \/>\nLo\u1ea1i nh\u1ef1a: ABS<br \/>\nKh\u1ed1i g\u1ea1ch: 5692 +<br \/>\nKh\u00f4ng c\u00f3 h\u1ed9p ban \u0111\u1ea7u<\/p>","protected":false},"featured_media":42389,"comment_status":"open","ping_status":"closed","template":"","meta":{"_acf_changed":false},"product_cat":[1365,371],"product_tag":[6798,11072,8452,11452,9139,590],"class_list":["product","first","instock","shipping-taxable","purchasable","product-type-simple"],"acf":[],"_links":{"self":[{"href":"https:\/\/mouldking.store\/vi\/wp-json\/wp\/v2\/product\/42394","targetHints":{"allow":["GET"]}}],"collection":[{"href":"https:\/\/mouldking.store\/vi\/wp-json\/wp\/v2\/product"}],"about":[{"href":"https:\/\/mouldking.store\/vi\/wp-json\/wp\/v2\/types\/product"}],"replies":[{"embeddable":true,"href":"https:\/\/mouldking.store\/vi\/wp-json\/wp\/v2\/comments?post=42394"}],"wp:featuredmedia":[{"embeddable":true,"href":"https:\/\/mouldking.store\/vi\/wp-json\/wp\/v2\/media\/42389"}],"wp:attachment":[{"href":"https:\/\/mouldking.store\/vi\/wp-json\/wp\/v2\/media?parent=42394"}],"wp:term":[{"taxonomy":"product_cat","embeddable":true,"href":"https:\/\/mouldking.store\/vi\/wp-json\/wp\/v2\/product_cat?post=42394"},{"taxonomy":"product_tag","embeddable":true,"href":"https:\/\/mouldking.store\/vi\/wp-json\/wp\/v2\/product_tag?post=42394"}],"curies":[{"name":"wp","href":"https:\/\/api.w.org\/{rel}","templated":true}]}}