{"id":42414,"date":"2023-03-01T16:40:37","date_gmt":"2023-03-01T09:40:37","guid":{"rendered":"https:\/\/mouldking.store\/shop\/qman-enlighten-keeppley-k20215-pokemon-ashs-koga-ninja-with-400-pieces\/"},"modified":"2023-03-01T16:40:37","modified_gmt":"2023-03-01T09:40:37","slug":"qman-enlighten-keeppley-k20215-pokemon-ashs-koga-ninja-with-400-pieces","status":"publish","type":"product","link":"https:\/\/mouldking.store\/vi\/shop\/qman-enlighten-keeppley-k20215-pokemon-ashs-koga-ninja-with-400-pieces\/","title":{"rendered":"QMAN \/ ENLIGHTEN \/ KEEPPLEY K20215 Pok\u00e9mon: Ninja Koga c\u1ee7a Ash v\u1edbi 400 m\u1ea3nh gh\u00e9p"},"content":{"rendered":"<div>\u2705 ENLIGHTEN K20215 Pok\u00e9mon: Ash&#8217;s Koga Ninja<br \/>&nbsp;<br \/>\u2705Koga is a Gym Leader in the Pok\u00e9mon games and anime, who specializes in Poison-type Pok\u00e9mon. He is also a member of the Koga Ninja Clan, which is known for their stealthy tactics and mastery of Poison-type Pok\u00e9mon. In the anime, Koga has a daughter named Janine who also becomes a Gym Leader and uses Poison-type Pok\u00e9mon.<br \/>&nbsp;<br \/>\ud83d\udeab QUAN TR\u1eccNG!&nbsp;<br \/>&nbsp;<br \/>Product Name: Pok\u00e9mon: Ash&#8217;s Koga Ninja<br \/>&nbsp;<br \/>Th\u1ec3 lo\u1ea1i: Ng\u01b0\u1eddi s\u00e1ng t\u1ea1o&nbsp;<br \/>&nbsp;<br \/>This Kit Contains: ENLIGHTEN K20215<br \/>&nbsp;<br \/>400 pcs Good Quality Bricks&nbsp;<br \/>&nbsp;<br \/>Size: 30 \u00d7 35 \u00d7 40 cm<br \/>&nbsp;<br \/>H\u01b0\u1edbng d\u1eabn th\u1ee7 c\u00f4ng&nbsp;<br \/>&nbsp;<br \/>\ud83d\udcccB\u1ea3n ch\u1ea5t c\u1ee7a nh\u00e2n v\u1eadt ch\u00ednh&nbsp;<br \/>&nbsp;<br \/>Introducing our proud collection named \u201cPok\u00e9mon: Ash&#8217;s Koga Ninja\u201d you should not miss.&nbsp;<br \/>&nbsp;<br \/>As for Ash, he is the main character of the Pok\u00e9mon anime series and has caught and trained a wide variety of Pok\u00e9mon throughout his adventures. Some of the Pok\u00e9mon he has caught or encountered that are related to the Koga Gym include Weedle, Kakuna, Beedrill, Venonat, and Venomoth. However, I&#8217;m not aware of any specific Pok\u00e9mon that Ash has caught or trained that are referred to as &#8220;Ash&#8217;s Koga Ninja&#8221;.<\/div>","protected":false},"excerpt":{"rendered":"<p>Th\u01b0\u01a1ng hi\u1ec7u: QMAN \/ ENLIGHTEN \/ KEEPPLEY<br \/>\nGi\u1edbi t\u00ednh: Unisex<br \/>\n\u0110\u1ed9 tu\u1ed5i: &gt; 6 tu\u1ed5i<br \/>\nModel Number: K20215<br \/>\nPh\u00e2n lo\u1ea1i: T\u1eadp h\u1ee3p<br \/>\nH\u00ecnh d\u1ea1ng kh\u1ed1i nh\u1ef1a: G\u1ea1ch t\u1ef1 kh\u00f3a<br \/>\nCh\u1ea5t li\u1ec7u: Nh\u1ef1a<br \/>\nLo\u1ea1i nh\u1ef1a: ABS<br \/>\nBricks Blocks: 400 +<br \/>\nKh\u00f4ng c\u00f3 h\u1ed9p ban \u0111\u1ea7u<\/p>","protected":false},"featured_media":42409,"comment_status":"open","ping_status":"closed","template":"","meta":{"_acf_changed":false},"product_cat":[1365,371,581,1408],"product_tag":[11072,8452,9139,434,8335,2468],"class_list":["product","first","instock","shipping-taxable","purchasable","product-type-simple"],"acf":[],"_links":{"self":[{"href":"https:\/\/mouldking.store\/vi\/wp-json\/wp\/v2\/product\/42414","targetHints":{"allow":["GET"]}}],"collection":[{"href":"https:\/\/mouldking.store\/vi\/wp-json\/wp\/v2\/product"}],"about":[{"href":"https:\/\/mouldking.store\/vi\/wp-json\/wp\/v2\/types\/product"}],"replies":[{"embeddable":true,"href":"https:\/\/mouldking.store\/vi\/wp-json\/wp\/v2\/comments?post=42414"}],"wp:featuredmedia":[{"embeddable":true,"href":"https:\/\/mouldking.store\/vi\/wp-json\/wp\/v2\/media\/42409"}],"wp:attachment":[{"href":"https:\/\/mouldking.store\/vi\/wp-json\/wp\/v2\/media?parent=42414"}],"wp:term":[{"taxonomy":"product_cat","embeddable":true,"href":"https:\/\/mouldking.store\/vi\/wp-json\/wp\/v2\/product_cat?post=42414"},{"taxonomy":"product_tag","embeddable":true,"href":"https:\/\/mouldking.store\/vi\/wp-json\/wp\/v2\/product_tag?post=42414"}],"curies":[{"name":"wp","href":"https:\/\/api.w.org\/{rel}","templated":true}]}}