{"id":42438,"date":"2023-03-01T17:12:31","date_gmt":"2023-03-01T10:12:31","guid":{"rendered":"https:\/\/mouldking.store\/shop\/moc-factory-94689-malfoy-manor-with-1813-pieces\/"},"modified":"2025-12-16T22:25:14","modified_gmt":"2025-12-16T15:25:14","slug":"moc-factory-94689-malfoy-manor-with-1813-pieces","status":"publish","type":"product","link":"https:\/\/mouldking.store\/vi\/shop\/moc-factory-94689-malfoy-manor-with-1813-pieces\/","title":{"rendered":"Nh\u00e0 m\u00e1y MOC 94689 Trang vi\u00ean Malfoy v\u1edbi 1813 M\u1ea3nh gh\u00e9p"},"content":{"rendered":"<div>\u2705 MOC-94689 Malfoy Manor<\/p>\n<p>\u2705Malfoy Manor is a fictional location in the Harry Potter book and film series. It is the ancestral home of the Malfoy family, a wealthy and influential pure-blood wizarding family that supports Lord Voldemort and his Death Eaters.<\/p>\n<p>\ud83d\udeab QUAN TR\u1eccNG!<\/p>\n<p>Product Name: Malfoy Manor<\/p>\n<p>Th\u1ec3 lo\u1ea1i: Phim<\/p>\n<p>This Kit Contains: MOC-94689<\/p>\n<p>1813 pcs Good Quality Bricks<\/p>\n<p>Tr\u1ecdng l\u01b0\u1ee3ng: 1700g<\/p>\n<p>H\u01b0\u1edbng d\u1eabn PDF<\/p>\n<p>\ud83d\udcccB\u1ea3n ch\u1ea5t c\u1ee7a nh\u00e2n v\u1eadt ch\u00ednh<\/p>\n<p>Introducing our proud collection named \u201cMalfoy Manor\u201d you should not miss.<\/p>\n<p>Located in the county of Wiltshire in England, Malfoy Manor is a grand and opulent mansion that is surrounded by extensive grounds and gardens. It is described as having high ceilings, ornate decorations, and numerous rooms and corridors, including a dungeon where prisoners are kept. In the Harry Potter series, Malfoy Manor is featured prominently in the seventh book, &#8220;Harry Potter and the Deathly Hallows,&#8221; where it serves as the headquarters of Voldemort and the Death Eaters. The Manor is the site of several key events in the book, including the capture and imprisonment of several main characters and the final showdown between Harry Potter and Voldemort.<\/p><\/div>","protected":false},"excerpt":{"rendered":"<p>Th\u01b0\u01a1ng hi\u1ec7u: Nh\u00e0 m\u00e1y M\u1ed8C<br \/>\nGi\u1edbi t\u00ednh: Unisex<br \/>\n\u0110\u1ed9 tu\u1ed5i: &gt; 12 tu\u1ed5i<br \/>\nModel Number: 94689<br \/>\nPh\u00e2n lo\u1ea1i: T\u1eadp h\u1ee3p<br \/>\nH\u00ecnh d\u1ea1ng kh\u1ed1i nh\u1ef1a: G\u1ea1ch t\u1ef1 kh\u00f3a<br \/>\nCh\u1ea5t li\u1ec7u: Nh\u1ef1a<br \/>\nLo\u1ea1i nh\u1ef1a: ABS<br \/>\nBricks Blocks: 1813 +<br \/>\nS\u1eafp x\u1ebfp th\u1eddi gian: 4-8 tu\u1ea7n<\/p>","protected":false},"featured_media":42436,"comment_status":"open","ping_status":"closed","template":"","meta":{"_acf_changed":false},"product_cat":[1395,390,581,1408],"product_tag":[727,4883,5724,11456,11457,392,434],"class_list":["product","first","instock","shipping-taxable","purchasable","product-type-simple"],"acf":[],"_links":{"self":[{"href":"https:\/\/mouldking.store\/vi\/wp-json\/wp\/v2\/product\/42438","targetHints":{"allow":["GET"]}}],"collection":[{"href":"https:\/\/mouldking.store\/vi\/wp-json\/wp\/v2\/product"}],"about":[{"href":"https:\/\/mouldking.store\/vi\/wp-json\/wp\/v2\/types\/product"}],"replies":[{"embeddable":true,"href":"https:\/\/mouldking.store\/vi\/wp-json\/wp\/v2\/comments?post=42438"}],"wp:featuredmedia":[{"embeddable":true,"href":"https:\/\/mouldking.store\/vi\/wp-json\/wp\/v2\/media\/42436"}],"wp:attachment":[{"href":"https:\/\/mouldking.store\/vi\/wp-json\/wp\/v2\/media?parent=42438"}],"wp:term":[{"taxonomy":"product_cat","embeddable":true,"href":"https:\/\/mouldking.store\/vi\/wp-json\/wp\/v2\/product_cat?post=42438"},{"taxonomy":"product_tag","embeddable":true,"href":"https:\/\/mouldking.store\/vi\/wp-json\/wp\/v2\/product_tag?post=42438"}],"curies":[{"name":"wp","href":"https:\/\/api.w.org\/{rel}","templated":true}]}}