{"id":42441,"date":"2023-03-01T17:22:10","date_gmt":"2023-03-01T10:22:10","guid":{"rendered":"https:\/\/mouldking.store\/shop\/moc-factory-65774-kings-cross-station-with-1641-pieces\/"},"modified":"2025-12-16T22:25:14","modified_gmt":"2025-12-16T15:25:14","slug":"moc-factory-65774-kings-cross-station-with-1641-pieces","status":"publish","type":"product","link":"https:\/\/mouldking.store\/vi\/shop\/moc-factory-65774-kings-cross-station-with-1641-pieces\/","title":{"rendered":"MOC Factory 65774 King&#039;s Cross Station with 1641 Pieces"},"content":{"rendered":"<div>\u2705 MOC-65774 Tr\u1ea1m King&#039;s Cross<\/p>\n<p>\u2705Nh\u00e0 ga King&#039;s Cross l\u00e0 m\u1ed9t nh\u00e0 ga \u0111\u01b0\u1eddng s\u1eaft v\u00e0 t\u00e0u \u0111i\u1ec7n ng\u1ea7m l\u1edbn n\u1eb1m \u1edf trung t\u00e2m Lu\u00e2n \u0110\u00f4n, Anh. \u0110\u00e2y l\u00e0 m\u1ed9t trong nh\u1eefng nh\u00e0 ga b\u1eadn r\u1ed9n nh\u1ea5t trong th\u00e0nh ph\u1ed1 v\u00e0 \u0111\u00f3ng vai tr\u00f2 l\u00e0 trung t\u00e2m giao th\u00f4ng ch\u00ednh cho c\u00e1c d\u1ecbch v\u1ee5 \u0111\u01b0\u1eddng s\u1eaft \u0111\u1ecba ph\u01b0\u01a1ng v\u00e0 qu\u1ed1c gia, c\u0169ng nh\u01b0 cho T\u00e0u \u0111i\u1ec7n ng\u1ea7m Lu\u00e2n \u0110\u00f4n.<\/p>\n<p>\ud83d\udeab QUAN TR\u1eccNG!<\/p>\n<p>T\u00ean s\u1ea3n ph\u1ea9m: King&#039;s Cross Station<\/p>\n<p>Danh m\u1ee5c: T\u00f2a nh\u00e0 m\u00f4-\u0111un<\/p>\n<p>B\u1ed9 c\u00f4ng c\u1ee5 n\u00e0y ch\u1ee9a: MOC-65774<\/p>\n<p>1641 vi\u00ean g\u1ea1ch ch\u1ea5t l\u01b0\u1ee3ng t\u1ed1t<\/p>\n<p>Tr\u1ecdng l\u01b0\u1ee3ng: 1400g<\/p>\n<p>H\u01b0\u1edbng d\u1eabn PDF<\/p>\n<p>\ud83d\udcccB\u1ea3n ch\u1ea5t c\u1ee7a nh\u00e2n v\u1eadt ch\u00ednh<\/p>\n<p>Xin gi\u1edbi thi\u1ec7u b\u1ed9 s\u01b0u t\u1eadp \u0111\u00e1ng t\u1ef1 h\u00e0o c\u1ee7a ch\u00fang t\u00f4i mang t\u00ean \u201cTr\u1ea1m King&#039;s Cross\u201d m\u00e0 b\u1ea1n kh\u00f4ng n\u00ean b\u1ecf l\u1ee1.<\/p>\n<p>Nh\u00e0 ga King&#039;s Cross c\u00f3 l\u1ebd \u0111\u01b0\u1ee3c ng\u01b0\u1eddi h\u00e2m m\u1ed9 b\u1ed9 truy\u1ec7n v\u00e0 phim Harry Potter bi\u1ebft \u0111\u1ebfn nhi\u1ec1u nh\u1ea5t, v\u00ec \u0111\u00e2y l\u00e0 \u0111\u1ecba \u0111i\u1ec3m c\u1ee7a S\u00e2n ga 9 \u00be, m\u1ed9t s\u00e2n ga h\u01b0 c\u1ea5u n\u01a1i T\u00e0u t\u1ed1c h\u00e0nh Hogwarts kh\u1edfi h\u00e0nh \u0111\u1ebfn Tr\u01b0\u1eddng Ph\u00f9 th\u1ee7y v\u00e0 Ph\u00e1p s\u01b0 Hogwarts. \u0110\u1ec3 t\u01b0\u1edfng nh\u1edb \u0111\u1ebfn b\u1ed9 truy\u1ec7n, nh\u00e0 ga hi\u1ec7n c\u00f3 c\u00e0i \u0111\u1eb7t N\u1ec1n t\u1ea3ng 9 \u00be, n\u01a1i du kh\u00e1ch c\u00f3 th\u1ec3 ch\u1ee5p \u1ea3nh v\u00e0 mua h\u00e0ng h\u00f3a theo ch\u1ee7 \u0111\u1ec1 Harry Potter.<\/p><\/div>","protected":false},"excerpt":{"rendered":"<p>Th\u01b0\u01a1ng hi\u1ec7u: Nh\u00e0 m\u00e1y M\u1ed8C<br \/>\nGi\u1edbi t\u00ednh: Unisex<br \/>\n\u0110\u1ed9 tu\u1ed5i: &gt; 12 tu\u1ed5i<br \/>\nS\u1ed1 m\u00f4 h\u00ecnh: 65774<br \/>\nPh\u00e2n lo\u1ea1i: T\u1eadp h\u1ee3p<br \/>\nH\u00ecnh d\u1ea1ng kh\u1ed1i nh\u1ef1a: G\u1ea1ch t\u1ef1 kh\u00f3a<br \/>\nCh\u1ea5t li\u1ec7u: Nh\u1ef1a<br \/>\nLo\u1ea1i nh\u1ef1a: ABS<br \/>\nKh\u1ed1i g\u1ea1ch: 1641 +<br \/>\nS\u1eafp x\u1ebfp th\u1eddi gian: 4-8 tu\u1ea7n<\/p>","protected":false},"featured_media":42439,"comment_status":"open","ping_status":"closed","template":"","meta":{"_acf_changed":false},"product_cat":[1395,371,372,390,581,6016,415,364,1408],"product_tag":[4883,5724,9925,392,434,2309],"class_list":["product","first","instock","shipping-taxable","purchasable","product-type-simple"],"acf":[],"_links":{"self":[{"href":"https:\/\/mouldking.store\/vi\/wp-json\/wp\/v2\/product\/42441","targetHints":{"allow":["GET"]}}],"collection":[{"href":"https:\/\/mouldking.store\/vi\/wp-json\/wp\/v2\/product"}],"about":[{"href":"https:\/\/mouldking.store\/vi\/wp-json\/wp\/v2\/types\/product"}],"replies":[{"embeddable":true,"href":"https:\/\/mouldking.store\/vi\/wp-json\/wp\/v2\/comments?post=42441"}],"wp:featuredmedia":[{"embeddable":true,"href":"https:\/\/mouldking.store\/vi\/wp-json\/wp\/v2\/media\/42439"}],"wp:attachment":[{"href":"https:\/\/mouldking.store\/vi\/wp-json\/wp\/v2\/media?parent=42441"}],"wp:term":[{"taxonomy":"product_cat","embeddable":true,"href":"https:\/\/mouldking.store\/vi\/wp-json\/wp\/v2\/product_cat?post=42441"},{"taxonomy":"product_tag","embeddable":true,"href":"https:\/\/mouldking.store\/vi\/wp-json\/wp\/v2\/product_tag?post=42441"}],"curies":[{"name":"wp","href":"https:\/\/api.w.org\/{rel}","templated":true}]}}