{"id":42452,"date":"2023-03-01T17:37:00","date_gmt":"2023-03-01T10:37:00","guid":{"rendered":"https:\/\/mouldking.store\/shop\/moc-factory-127125-sci-fi-clone-tank-cannon-with-463-pieces\/"},"modified":"2025-12-16T22:25:14","modified_gmt":"2025-12-16T15:25:14","slug":"moc-factory-127125-sci-fi-clone-tank-cannon-with-463-pieces","status":"publish","type":"product","link":"https:\/\/mouldking.store\/vi\/shop\/moc-factory-127125-sci-fi-clone-tank-cannon-with-463-pieces\/","title":{"rendered":"MOC Factory 127125 Sci-Fi Clone Tank Cannon with 463 Pieces"},"content":{"rendered":"<div>\u2705 Ph\u00e1o xe t\u0103ng nh\u00e2n b\u1ea3n khoa h\u1ecdc vi\u1ec5n t\u01b0\u1edfng MOC-127125&nbsp;<\/p>\n<p>\u2705AV-7 Cannon V.2 l\u00e0 v\u0169 kh\u00ed h\u01b0 c\u1ea5u trong v\u0169 tr\u1ee5 Star Wars. N\u00f3 l\u00e0 v\u0169 kh\u00ed ph\u00e1o binh h\u1ea1ng n\u1eb7ng ch\u1ee7 y\u1ebfu \u0111\u01b0\u1ee3c s\u1eed d\u1ee5ng b\u1edfi \u0110\u1ea1i qu\u00e2n C\u1ed9ng h\u00f2a, t\u1ed5 ch\u1ee9c qu\u00e2n s\u1ef1 \u0111\u00e3 chi\u1ebfn \u0111\u1ea5u ch\u1ed1ng l\u1ea1i Qu\u00e2n \u0111\u1ed9i Droid ly khai trong Chi\u1ebfn tranh Nh\u00e2n b\u1ea3n.<\/p>\n<p>\ud83d\udeab QUAN TR\u1eccNG!<\/p>\n<p>T\u00ean s\u1ea3n ph\u1ea9m: Ph\u00e1o xe t\u0103ng nh\u00e2n b\u1ea3n khoa h\u1ecdc vi\u1ec5n t\u01b0\u1edfng&nbsp;<\/p>\n<p>Th\u1ec3 lo\u1ea1i: Chi\u1ebfn tranh gi\u1eefa c\u00e1c v\u00ec sao<\/p>\n<p>B\u1ed9 n\u00e0y ch\u1ee9a: MOC-127125<\/p>\n<p>463 chi\u1ebfc G\u1ea1ch ch\u1ea5t l\u01b0\u1ee3ng t\u1ed1t<\/p>\n<p>Tr\u1ecdng l\u01b0\u1ee3ng: 300g<\/p>\n<p>H\u01b0\u1edbng d\u1eabn PDF<\/p>\n<p>\ud83d\udcccB\u1ea3n ch\u1ea5t c\u1ee7a nh\u00e2n v\u1eadt ch\u00ednh<\/p>\n<p>Xin gi\u1edbi thi\u1ec7u b\u1ed9 s\u01b0u t\u1eadp \u0111\u00e1ng t\u1ef1 h\u00e0o c\u1ee7a ch\u00fang t\u00f4i mang t\u00ean \u201cSci-Fi Clone Tank Cannon\u201d m\u00e0 b\u1ea1n kh\u00f4ng n\u00ean b\u1ecf l\u1ee1.<\/p>\n<p>AV-7 Cannon V.2 l\u00e0 m\u1ed9t n\u1ec1n t\u1ea3ng v\u0169 kh\u00ed di \u0111\u1ed9ng c\u00f3 th\u1ec3 \u0111\u01b0\u1ee3c tri\u1ec3n khai tr\u00ean nhi\u1ec1u lo\u1ea1i \u0111\u1ecba h\u00ecnh kh\u00e1c nhau, bao g\u1ed3m c\u1ea3 b\u00e3i bi\u1ec3n \u0111\u1ea7y c\u00e1t v\u00e0 v\u00e1ch \u0111\u00e1. N\u00f3 c\u00f3 m\u1ed9t kh\u1ea9u ph\u00e1o xoay l\u1edbn, c\u00f3 kh\u1ea3 n\u0103ng b\u1eafn ra nh\u1eefng v\u1ee5 n\u1ed5 n\u0103ng l\u01b0\u1ee3ng m\u1ea1nh m\u1ebd c\u00f3 th\u1ec3 ph\u00e1 h\u1ee7y c\u00e1c ph\u01b0\u01a1ng ti\u1ec7n v\u00e0 c\u00f4ng tr\u00ecnh c\u1ee7a k\u1ebb th\u00f9. Trong lo\u1ea1t phim ho\u1ea1t h\u00ecnh Star Wars: The Clone Wars, AV-7 Cannon V.2 \u0111\u01b0\u1ee3c s\u1eed d\u1ee5ng trong m\u1ed9t s\u1ed1 tr\u1eadn chi\u1ebfn quan tr\u1ecdng, bao g\u1ed3m Tr\u1eadn Umbara v\u00e0 Tr\u1eadn Ringo Vinda. Lo\u1ea1i v\u0169 kh\u00ed n\u00e0y th\u01b0\u1eddng \u0111\u01b0\u1ee3c v\u1eadn h\u00e0nh b\u1edfi nh\u1eefng ng\u01b0\u1eddi l\u00ednh nh\u00e2n b\u1ea3n, nh\u1eefng ng\u01b0\u1eddi c\u00f3 th\u1ec3 s\u1eed d\u1ee5ng h\u1ecfa l\u1ef1c c\u1ee7a n\u00f3 \u0111\u1ec3 gi\u00e0nh \u0111\u01b0\u1ee3c l\u1ee3i th\u1ebf chi\u1ebfn l\u01b0\u1ee3c tr\u01b0\u1edbc qu\u00e2n \u0111\u1ecbch.<\/p><\/div>","protected":false},"excerpt":{"rendered":"<p>Th\u01b0\u01a1ng hi\u1ec7u: Nh\u00e0 m\u00e1y M\u1ed8C<br \/>\nGi\u1edbi t\u00ednh: Unisex<br \/>\n\u0110\u1ed9 tu\u1ed5i: &gt; 12 tu\u1ed5i<br \/>\nS\u1ed1 m\u00f4 h\u00ecnh: 127125<br \/>\nPh\u00e2n lo\u1ea1i: T\u1eadp h\u1ee3p<br \/>\nH\u00ecnh d\u1ea1ng kh\u1ed1i nh\u1ef1a: G\u1ea1ch t\u1ef1 kh\u00f3a<br \/>\nCh\u1ea5t li\u1ec7u: Nh\u1ef1a<br \/>\nLo\u1ea1i nh\u1ef1a: ABS<br \/>\nKh\u1ed1i g\u1ea1ch: 463 +<br \/>\nS\u1eafp x\u1ebfp th\u1eddi gian: 4-8 tu\u1ea7n<\/p>","protected":false},"featured_media":42446,"comment_status":"open","ping_status":"closed","template":"","meta":{"_acf_changed":false},"product_cat":[1350,1357,372,581,6016,415,364,1408],"product_tag":[11460,374,434,2276,436,485,389],"class_list":["product","first","instock","shipping-taxable","purchasable","product-type-simple"],"acf":[],"_links":{"self":[{"href":"https:\/\/mouldking.store\/vi\/wp-json\/wp\/v2\/product\/42452","targetHints":{"allow":["GET"]}}],"collection":[{"href":"https:\/\/mouldking.store\/vi\/wp-json\/wp\/v2\/product"}],"about":[{"href":"https:\/\/mouldking.store\/vi\/wp-json\/wp\/v2\/types\/product"}],"replies":[{"embeddable":true,"href":"https:\/\/mouldking.store\/vi\/wp-json\/wp\/v2\/comments?post=42452"}],"wp:featuredmedia":[{"embeddable":true,"href":"https:\/\/mouldking.store\/vi\/wp-json\/wp\/v2\/media\/42446"}],"wp:attachment":[{"href":"https:\/\/mouldking.store\/vi\/wp-json\/wp\/v2\/media?parent=42452"}],"wp:term":[{"taxonomy":"product_cat","embeddable":true,"href":"https:\/\/mouldking.store\/vi\/wp-json\/wp\/v2\/product_cat?post=42452"},{"taxonomy":"product_tag","embeddable":true,"href":"https:\/\/mouldking.store\/vi\/wp-json\/wp\/v2\/product_tag?post=42452"}],"curies":[{"name":"wp","href":"https:\/\/api.w.org\/{rel}","templated":true}]}}