{"id":42483,"date":"2023-03-01T18:20:55","date_gmt":"2023-03-01T11:20:55","guid":{"rendered":"https:\/\/mouldking.store\/shop\/moc-factory-132314-falcons-impenetrable-keep-with-2155-pieces\/"},"modified":"2025-12-16T22:25:14","modified_gmt":"2025-12-16T15:25:14","slug":"moc-factory-132314-falcons-impenetrable-keep-with-2155-pieces","status":"publish","type":"product","link":"https:\/\/mouldking.store\/vi\/shop\/moc-factory-132314-falcons-impenetrable-keep-with-2155-pieces\/","title":{"rendered":"Nh\u00e0 m\u00e1y MOC 132314 Falcons B\u1ea5t kh\u1ea3 x\u00e2m ph\u1ea1m v\u1edbi 2155 m\u1ea3nh gh\u00e9p"},"content":{"rendered":"<div>\u2705 MOC-132314 Falcons B\u1ea5t kh\u1ea3 x\u00e2m ph\u1ea1m<\/p>\n<p>\u2705Falcons Impenetrable Keep l\u00e0 m\u00f4 h\u00ecnh g\u1ea1ch \u0111\u01b0\u1ee3c thi\u1ebft k\u1ebf b\u1edfi m\u1ed9t ng\u01b0\u1eddi \u0111am m\u00ea g\u1ea1ch c\u00f3 t\u00ean Legolot. \u0110\u00f3 l\u00e0 m\u1ed9t l\u00e2u \u0111\u00e0i theo ch\u1ee7 \u0111\u1ec1 th\u1eddi trung c\u1ed5 l\u00e0m b\u1eb1ng g\u1ea1ch v\u00e0 c\u00f3 nhi\u1ec1u chi ti\u1ebft ki\u1ebfn tr\u00fac kh\u00e1c nhau, ch\u1eb3ng h\u1ea1n nh\u01b0 th\u00e1p, t\u01b0\u1eddng, c\u1ed5ng v\u00e0 s\u00e2n trong. M\u00f4 h\u00ecnh kh\u00f4ng d\u1ef1a tr\u00ean b\u1ea5t k\u1ef3 l\u00e2u \u0111\u00e0i hi\u1ec7n c\u00f3 n\u00e0o m\u00e0 l\u00e0 s\u1ea3n ph\u1ea9m c\u1ee7a tr\u00ed t\u01b0\u1edfng t\u01b0\u1ee3ng c\u1ee7a nh\u00e0 thi\u1ebft k\u1ebf.<\/p>\n<p>\ud83d\udeab QUAN TR\u1eccNG!<\/p>\n<p>T\u00ean s\u1ea3n ph\u1ea9m: Falcons Impenetrable Keep<\/p>\n<p>Danh m\u1ee5c: T\u00f2a nh\u00e0 m\u00f4-\u0111un<\/p>\n<p>B\u1ed9 c\u00f4ng c\u1ee5 n\u00e0y ch\u1ee9a: MOC-132314<\/p>\n<p>2155 chi\u1ebfc G\u1ea1ch ch\u1ea5t l\u01b0\u1ee3ng t\u1ed1t<\/p>\n<p>Tr\u1ecdng l\u01b0\u1ee3ng: 1500g<\/p>\n<p>H\u01b0\u1edbng d\u1eabn PDF<\/p>\n<p>\ud83d\udcccB\u1ea3n ch\u1ea5t c\u1ee7a nh\u00e2n v\u1eadt ch\u00ednh<\/p>\n<p>Xin gi\u1edbi thi\u1ec7u b\u1ed9 s\u01b0u t\u1eadp \u0111\u00e1ng t\u1ef1 h\u00e0o c\u1ee7a ch\u00fang t\u00f4i c\u00f3 t\u00ean \u201cFalcons Impenetrable Keep\u201d m\u00e0 b\u1ea1n kh\u00f4ng n\u00ean b\u1ecf l\u1ee1.<\/p>\n<p>Nh\u1eefng ng\u01b0\u1eddi \u0111am m\u00ea g\u1ea1ch th\u01b0\u1eddng t\u1ea1o c\u00e1c m\u00f4 h\u00ecnh t\u00f9y ch\u1ec9nh nh\u01b0 m\u00f4 h\u00ecnh n\u00e0y v\u00e0 chia s\u1ebb h\u01b0\u1edbng d\u1eabn v\u1ec1 c\u00e1ch x\u00e2y d\u1ef1ng ch\u00fang v\u1edbi nh\u1eefng ng\u01b0\u1eddi kh\u00e1c quan t\u00e2m \u0111\u1ebfn x\u00e2y d\u1ef1ng b\u1eb1ng g\u1ea1ch. M\u00f4 h\u00ecnh b\u1ea1n \u0111\u1ec1 c\u1eadp c\u00f3 s\u1eb5n \u0111\u1ec3 mua d\u01b0\u1edbi d\u1ea1ng h\u01b0\u1edbng d\u1eabn, c\u00f3 ngh\u0129a l\u00e0 b\u1ea1n c\u00f3 th\u1ec3 mua ri\u00eang h\u01b0\u1edbng d\u1eabn x\u00e2y d\u1ef1ng v\u00e0 c\u00e1c m\u1ea3nh g\u1ea1ch c\u1ea7n thi\u1ebft v\u00e0 t\u1ef1 m\u00ecnh x\u00e2y d\u1ef1ng l\u00e2u \u0111\u00e0i.<\/p><\/div>","protected":false},"excerpt":{"rendered":"<p>Th\u01b0\u01a1ng hi\u1ec7u: Nh\u00e0 m\u00e1y M\u1ed8C<br \/>\nGi\u1edbi t\u00ednh: Unisex<br \/>\n\u0110\u1ed9 tu\u1ed5i: &gt; 12 tu\u1ed5i<br \/>\nS\u1ed1 m\u00f4 h\u00ecnh: 132314<br \/>\nPh\u00e2n lo\u1ea1i: T\u1eadp h\u1ee3p<br \/>\nH\u00ecnh d\u1ea1ng kh\u1ed1i nh\u1ef1a: G\u1ea1ch t\u1ef1 kh\u00f3a<br \/>\nCh\u1ea5t li\u1ec7u: Nh\u1ef1a<br \/>\nLo\u1ea1i nh\u1ef1a: ABS<br \/>\nKh\u1ed1i g\u1ea1ch: 2155 +<br \/>\nS\u1eafp x\u1ebfp th\u1eddi gian: 4-8 tu\u1ea7n<\/p>","protected":false},"author":83,"featured_media":42477,"comment_status":"open","ping_status":"closed","template":"","meta":{"_acf_changed":false},"product_cat":[1395,390],"product_tag":[11462,4883,5644,392],"class_list":["product","first","instock","shipping-taxable","purchasable","product-type-simple"],"acf":[],"_links":{"self":[{"href":"https:\/\/mouldking.store\/vi\/wp-json\/wp\/v2\/product\/42483","targetHints":{"allow":["GET"]}}],"collection":[{"href":"https:\/\/mouldking.store\/vi\/wp-json\/wp\/v2\/product"}],"about":[{"href":"https:\/\/mouldking.store\/vi\/wp-json\/wp\/v2\/types\/product"}],"author":[{"embeddable":true,"href":"https:\/\/mouldking.store\/vi\/wp-json\/wp\/v2\/users\/83"}],"replies":[{"embeddable":true,"href":"https:\/\/mouldking.store\/vi\/wp-json\/wp\/v2\/comments?post=42483"}],"wp:featuredmedia":[{"embeddable":true,"href":"https:\/\/mouldking.store\/vi\/wp-json\/wp\/v2\/media\/42477"}],"wp:attachment":[{"href":"https:\/\/mouldking.store\/vi\/wp-json\/wp\/v2\/media?parent=42483"}],"wp:term":[{"taxonomy":"product_cat","embeddable":true,"href":"https:\/\/mouldking.store\/vi\/wp-json\/wp\/v2\/product_cat?post=42483"},{"taxonomy":"product_tag","embeddable":true,"href":"https:\/\/mouldking.store\/vi\/wp-json\/wp\/v2\/product_tag?post=42483"}],"curies":[{"name":"wp","href":"https:\/\/api.w.org\/{rel}","templated":true}]}}