{"id":42490,"date":"2023-03-01T18:28:01","date_gmt":"2023-03-01T11:28:01","guid":{"rendered":"https:\/\/mouldking.store\/shop\/moc-factory-29408-ucs-kms-bismarck-battleship-with-7164-pieces\/"},"modified":"2025-12-16T22:25:14","modified_gmt":"2025-12-16T15:25:14","slug":"moc-factory-29408-ucs-kms-bismarck-battleship-with-7164-pieces","status":"publish","type":"product","link":"https:\/\/mouldking.store\/vi\/shop\/moc-factory-29408-ucs-kms-bismarck-battleship-with-7164-pieces\/","title":{"rendered":"MOC Factory 29408 UCS KMS Bismarck Battleship with 7164 Pieces"},"content":{"rendered":"<div>\u2705 MOC-29408 UCS KMS Chi\u1ebfn h\u1ea1m Bismarck<\/p>\n<p>\u2705UCS KMS Bismarck l\u00e0 m\u00f4 h\u00ecnh g\u1ea1ch t\u00e0u chi\u1ebfn Bismarck c\u1ee7a \u0110\u1ee9c, \u0111\u01b0\u1ee3c thi\u1ebft k\u1ebf b\u1edfi m\u1ed9t ng\u01b0\u1eddi \u0111am m\u00ea g\u1ea1ch v\u00e0 \u0111\u01b0\u1ee3c b\u00e1n d\u01b0\u1edbi d\u1ea1ng h\u01b0\u1edbng d\u1eabn x\u00e2y d\u1ef1ng. Thu\u1eadt ng\u1eef UCS l\u00e0 vi\u1ebft t\u1eaft c\u1ee7a \u201cUltimate Collector&#039;s Series\u201d, m\u1ed9t k\u00fd hi\u1ec7u \u0111\u01b0\u1ee3c s\u1eed d\u1ee5ng b\u1edfi g\u1ea1ch \u0111\u1ec3 bi\u1ec3u th\u1ecb m\u1ed9t d\u00f2ng m\u00f4 h\u00ecnh \u0111\u01b0\u1ee3c thi\u1ebft k\u1ebf cho nh\u1eefng ng\u01b0\u1eddi x\u00e2y d\u1ef1ng v\u00e0 nh\u00e0 s\u01b0u t\u1eadp c\u00f3 kinh nghi\u1ec7m h\u01a1n, th\u01b0\u1eddng c\u00f3 quy m\u00f4 l\u1edbn h\u01a1n v\u00e0 ph\u1ee9c t\u1ea1p h\u01a1n c\u00e1c b\u1ed9 g\u1ea1ch th\u00f4ng th\u01b0\u1eddng.<\/p>\n<p>\ud83d\udeab QUAN TR\u1eccNG!<\/p>\n<p>T\u00ean s\u1ea3n ph\u1ea9m: Chi\u1ebfn h\u1ea1m UCS KMS Bismarck<\/p>\n<p>Th\u1ec3 lo\u1ea1i: Qu\u00e2n s\u1ef1<\/p>\n<p>B\u1ed9 n\u00e0y ch\u1ee9a: MOC-29408<\/p>\n<p>7164 chi\u1ebfc G\u1ea1ch ch\u1ea5t l\u01b0\u1ee3ng t\u1ed1t<\/p>\n<p>Tr\u1ecdng l\u01b0\u1ee3ng: 6000g<\/p>\n<p>H\u01b0\u1edbng d\u1eabn PDF<\/p>\n<p>\ud83d\udcccB\u1ea3n ch\u1ea5t c\u1ee7a nh\u00e2n v\u1eadt ch\u00ednh<\/p>\n<p>Xin gi\u1edbi thi\u1ec7u b\u1ed9 s\u01b0u t\u1eadp \u0111\u00e1ng t\u1ef1 h\u00e0o c\u1ee7a ch\u00fang t\u00f4i mang t\u00ean \u201cChi\u1ebfn h\u1ea1m UCS KMS Bismarck\u201d m\u00e0 b\u1ea1n kh\u00f4ng n\u00ean b\u1ecf l\u1ee1.<\/p>\n<p>KMS Bismarck l\u00e0 chi\u1ebfn h\u1ea1m n\u1ed5i ti\u1ebfng t\u1eebng ph\u1ee5c v\u1ee5 trong h\u1ea3i qu\u00e2n \u0110\u1ee9c trong Th\u1ebf chi\u1ebfn II. M\u00f4 h\u00ecnh g\u1ea1ch \u0111\u01b0\u1ee3c thi\u1ebft k\u1ebf gi\u1ed1ng v\u1edbi con t\u00e0u th\u1eadt nh\u1ea5t c\u00f3 th\u1ec3 v\u00e0 c\u00f3 c\u00e1c chi ti\u1ebft ph\u1ee9c t\u1ea1p nh\u01b0 th\u00e2n t\u00e0u chi ti\u1ebft, th\u00e1p s\u00fang v\u00e0 gi\u00e1 \u0111\u1ee1 m\u00e0n h\u00ecnh. N\u00f3 bao g\u1ed3m h\u01a1n 7.000 m\u1ea3nh g\u1ea1ch v\u00e0 c\u00f3 chi\u1ec1u d\u00e0i h\u01a1n 100 cm (40 inch).<\/p><\/div>","protected":false},"excerpt":{"rendered":"<p>Th\u01b0\u01a1ng hi\u1ec7u: Nh\u00e0 m\u00e1y M\u1ed8C<br \/>\nGi\u1edbi t\u00ednh: Unisex<br \/>\n\u0110\u1ed9 tu\u1ed5i: &gt; 12 tu\u1ed5i<br \/>\nS\u1ed1 m\u00f4 h\u00ecnh: 29408<br \/>\nPh\u00e2n lo\u1ea1i: T\u1eadp h\u1ee3p<br \/>\nH\u00ecnh d\u1ea1ng kh\u1ed1i nh\u1ef1a: G\u1ea1ch t\u1ef1 kh\u00f3a<br \/>\nCh\u1ea5t li\u1ec7u: Nh\u1ef1a<br \/>\nLo\u1ea1i nh\u1ef1a: ABS<br \/>\nKh\u1ed1i g\u1ea1ch: 7164 +<br \/>\nS\u1eafp x\u1ebfp th\u1eddi gian: 4-8 tu\u1ea7n<\/p>","protected":false},"featured_media":42484,"comment_status":"open","ping_status":"closed","template":"","meta":{"_acf_changed":false},"product_cat":[1350,1357,372,364],"product_tag":[5703,9289,374,389,4093],"class_list":["product","first","instock","shipping-taxable","purchasable","product-type-simple"],"acf":[],"_links":{"self":[{"href":"https:\/\/mouldking.store\/vi\/wp-json\/wp\/v2\/product\/42490","targetHints":{"allow":["GET"]}}],"collection":[{"href":"https:\/\/mouldking.store\/vi\/wp-json\/wp\/v2\/product"}],"about":[{"href":"https:\/\/mouldking.store\/vi\/wp-json\/wp\/v2\/types\/product"}],"replies":[{"embeddable":true,"href":"https:\/\/mouldking.store\/vi\/wp-json\/wp\/v2\/comments?post=42490"}],"wp:featuredmedia":[{"embeddable":true,"href":"https:\/\/mouldking.store\/vi\/wp-json\/wp\/v2\/media\/42484"}],"wp:attachment":[{"href":"https:\/\/mouldking.store\/vi\/wp-json\/wp\/v2\/media?parent=42490"}],"wp:term":[{"taxonomy":"product_cat","embeddable":true,"href":"https:\/\/mouldking.store\/vi\/wp-json\/wp\/v2\/product_cat?post=42490"},{"taxonomy":"product_tag","embeddable":true,"href":"https:\/\/mouldking.store\/vi\/wp-json\/wp\/v2\/product_tag?post=42490"}],"curies":[{"name":"wp","href":"https:\/\/api.w.org\/{rel}","templated":true}]}}