{"id":42495,"date":"2023-03-01T18:36:09","date_gmt":"2023-03-01T11:36:09","guid":{"rendered":"https:\/\/mouldking.store\/shop\/moc-factory-12233-1970-porsche-can-am-42077-rally-car-c-model-with-1026-pieces\/"},"modified":"2025-12-16T22:25:14","modified_gmt":"2025-12-16T15:25:14","slug":"moc-factory-12233-1970-porsche-can-am-42077-rally-car-c-model-with-1026-pieces","status":"publish","type":"product","link":"https:\/\/mouldking.store\/vi\/shop\/moc-factory-12233-1970-porsche-can-am-42077-rally-car-c-model-with-1026-pieces\/","title":{"rendered":"MOC Factory 12233 1970 Porsche Can Am \u2013 42077 Rally Car \u2013 C Model with 1026 Pieces"},"content":{"rendered":"<div>\u2705 MOC-12233 1970 Porsche Can Am \u2013 42077 Rally Car \u2013 C Model<\/p>\n<p>\u2705Porsche Can Am 1970 l\u00e0 m\u1ed9t m\u1eabu g\u1ea1ch t\u00f9y ch\u1ec9nh \u0111\u01b0\u1ee3c thi\u1ebft k\u1ebf b\u1edfi m\u1ed9t ng\u01b0\u1eddi \u0111am m\u00ea g\u1ea1ch nh\u01b0 m\u1ed9t M\u1eabu C c\u1ee7a b\u1ed9 Technic 42077 Rally Car b\u1eb1ng g\u1ea1ch. M\u00f4 h\u00ecnh C l\u00e0 c\u00e1c m\u00f4 h\u00ecnh thay th\u1ebf m\u00e0 ng\u01b0\u1eddi x\u00e2y d\u1ef1ng c\u00f3 th\u1ec3 t\u1ea1o b\u1eb1ng c\u00e1ch s\u1eed d\u1ee5ng c\u00e1c m\u1ea3nh t\u1eeb m\u1ed9t b\u1ed9 g\u1ea1ch kh\u00e1c v\u1edbi m\u00f4 h\u00ecnh ch\u00ednh m\u00e0 b\u1ed9 \u0111\u01b0\u1ee3c thi\u1ebft k\u1ebf.<\/p>\n<p>\ud83d\udeab QUAN TR\u1eccNG!<\/p>\n<p>T\u00ean s\u1ea3n ph\u1ea9m: 1970 Porsche Can Am \u2013 42077 Rally Car \u2013 C Model<\/p>\n<p>Danh m\u1ee5c: K\u1ef9 thu\u1eadt<\/p>\n<p>B\u1ed9 n\u00e0y ch\u1ee9a: MOC-12233<\/p>\n<p>1026 vi\u00ean g\u1ea1ch ch\u1ea5t l\u01b0\u1ee3ng t\u1ed1t<\/p>\n<p>Tr\u1ecdng l\u01b0\u1ee3ng: 1000g<\/p>\n<p>H\u01b0\u1edbng d\u1eabn PDF<\/p>\n<p>\ud83d\udcccB\u1ea3n ch\u1ea5t c\u1ee7a nh\u00e2n v\u1eadt ch\u00ednh<\/p>\n<p>Xin gi\u1edbi thi\u1ec7u b\u1ed9 s\u01b0u t\u1eadp \u0111\u00e1ng t\u1ef1 h\u00e0o c\u1ee7a ch\u00fang t\u00f4i mang t\u00ean \u201c1970 Porsche Can Am \u2013 42077 Rally Car \u2013 C Model\u201d m\u00e0 b\u1ea1n kh\u00f4ng n\u00ean b\u1ecf l\u1ee1.<\/p>\n<p>M\u1eabu Porsche Can Am 1970 \u0111\u01b0\u1ee3c thi\u1ebft k\u1ebf gi\u1ed1ng v\u1edbi m\u1ed9t chi\u1ebfc xe \u0111ua c\u1ed5 \u0111i\u1ec3n c\u1ee7a Porsche thu\u1ed9c d\u00f2ng Can-Am ra m\u1eaft v\u00e0o \u0111\u1ea7u nh\u1eefng n\u0103m 1970. N\u00f3 c\u00f3 th\u00e2n xe kh\u00ed \u0111\u1ed9ng h\u1ecdc, g\u1ea7m th\u1ea5p v\u1edbi c\u00e1nh gi\u00f3 sau, khe h\u00fat gi\u00f3 l\u1edbn v\u00e0 l\u1ed3ng cu\u1ed9n. M\u00f4 h\u00ecnh n\u00e0y c\u0169ng c\u00f3 h\u1ec7 th\u1ed1ng l\u00e1i v\u00e0 h\u1ec7 th\u1ed1ng treo ho\u1ea1t \u0111\u1ed9ng, c\u0169ng nh\u01b0 m\u1edf n\u1eafp \u0111\u1ed9ng c\u01a1 ph\u00eda sau \u0111\u1ec3 l\u1ed9 \u0111\u1ed9ng c\u01a1 chi ti\u1ebft.<\/p><\/div>","protected":false},"excerpt":{"rendered":"<p>Th\u01b0\u01a1ng hi\u1ec7u: Nh\u00e0 m\u00e1y M\u1ed8C<br \/>\nGi\u1edbi t\u00ednh: Unisex<br \/>\n\u0110\u1ed9 tu\u1ed5i: &gt; 12 tu\u1ed5i<br \/>\nS\u1ed1 m\u00f4 h\u00ecnh: 12233<br \/>\nPh\u00e2n lo\u1ea1i: T\u1eadp h\u1ee3p<br \/>\nH\u00ecnh d\u1ea1ng kh\u1ed1i nh\u1ef1a: G\u1ea1ch t\u1ef1 kh\u00f3a<br \/>\nCh\u1ea5t li\u1ec7u: Nh\u1ef1a<br \/>\nLo\u1ea1i nh\u1ef1a: ABS<br \/>\nKh\u1ed1i g\u1ea1ch: 1026 +<br \/>\nS\u1eafp x\u1ebfp th\u1eddi gian: 4-8 tu\u1ea7n<\/p>","protected":false},"featured_media":42491,"comment_status":"open","ping_status":"closed","template":"","meta":{"_acf_changed":false},"product_cat":[1360,1357,364],"product_tag":[457,2754,11463,389,11080],"class_list":["product","first","instock","shipping-taxable","purchasable","product-type-simple"],"acf":[],"_links":{"self":[{"href":"https:\/\/mouldking.store\/vi\/wp-json\/wp\/v2\/product\/42495","targetHints":{"allow":["GET"]}}],"collection":[{"href":"https:\/\/mouldking.store\/vi\/wp-json\/wp\/v2\/product"}],"about":[{"href":"https:\/\/mouldking.store\/vi\/wp-json\/wp\/v2\/types\/product"}],"replies":[{"embeddable":true,"href":"https:\/\/mouldking.store\/vi\/wp-json\/wp\/v2\/comments?post=42495"}],"wp:featuredmedia":[{"embeddable":true,"href":"https:\/\/mouldking.store\/vi\/wp-json\/wp\/v2\/media\/42491"}],"wp:attachment":[{"href":"https:\/\/mouldking.store\/vi\/wp-json\/wp\/v2\/media?parent=42495"}],"wp:term":[{"taxonomy":"product_cat","embeddable":true,"href":"https:\/\/mouldking.store\/vi\/wp-json\/wp\/v2\/product_cat?post=42495"},{"taxonomy":"product_tag","embeddable":true,"href":"https:\/\/mouldking.store\/vi\/wp-json\/wp\/v2\/product_tag?post=42495"}],"curies":[{"name":"wp","href":"https:\/\/api.w.org\/{rel}","templated":true}]}}