{"id":42530,"date":"2023-03-02T16:54:10","date_gmt":"2023-03-02T09:54:10","guid":{"rendered":"https:\/\/mouldking.store\/shop\/moc-factory-89458-my-singing-monsters-mammott-entbrat-bowgart-noggin-and-furcorn-with-168-pieces\/"},"modified":"2025-12-16T22:25:13","modified_gmt":"2025-12-16T15:25:13","slug":"moc-factory-89458-my-singing-monsters-mammott-entbrat-bowgart-noggin-and-furcorn-with-168-pieces","status":"publish","type":"product","link":"https:\/\/mouldking.store\/vi\/shop\/moc-factory-89458-my-singing-monsters-mammott-entbrat-bowgart-noggin-and-furcorn-with-168-pieces\/","title":{"rendered":"MOC Factory 89458 Qu\u00e1i v\u1eadt bi\u1ebft h\u00e1t c\u1ee7a t\u00f4i Mammott Entbrat Bowgart Noggin v\u00e0 Furcorn v\u1edbi 168 mi\u1ebfng gh\u00e9p"},"content":{"rendered":"<div>\u2705 MOC-89458 Qu\u00e1i v\u1eadt bi\u1ebft h\u00e1t c\u1ee7a t\u00f4i Mammott Entbrat Bowgart Noggin v\u00e0 Furcorn<\/p>\n<p>\u2705My Singer Monsters l\u00e0 m\u1ed9t tr\u00f2 ch\u01a1i di \u0111\u1ed9ng ph\u1ed5 bi\u1ebfn, n\u01a1i ng\u01b0\u1eddi ch\u01a1i thu th\u1eadp v\u00e0 nh\u00e2n gi\u1ed1ng nhi\u1ec1u lo\u1ea1i qu\u00e1i v\u1eadt kh\u00e1c nhau, m\u1ed7i lo\u1ea1i c\u00f3 h\u00ecnh d\u00e1ng v\u00e0 \u00e2m thanh \u0111\u1ed9c \u0111\u00e1o. Mammott, Entbrat, Bowgart, Noggin v\u00e0 Furcorn l\u00e0 m\u1ed9t s\u1ed1 qu\u00e1i v\u1eadt c\u00f3 th\u1ec3 t\u00ecm th\u1ea5y trong tr\u00f2 ch\u01a1i.<\/p>\n<p>\ud83d\udeab QUAN TR\u1eccNG!<\/p>\n<p>T\u00ean s\u1ea3n ph\u1ea9m: Qu\u00e1i v\u1eadt bi\u1ebft h\u00e1t c\u1ee7a t\u00f4i Mammott Entbrat Bowgart Noggin v\u00e0 Furcorn<\/p>\n<p>Th\u1ec3 lo\u1ea1i: Ng\u01b0\u1eddi s\u00e1ng t\u1ea1o<\/p>\n<p>B\u1ed9 n\u00e0y ch\u1ee9a: C9317<\/p>\n<p>168 vi\u00ean g\u1ea1ch ch\u1ea5t l\u01b0\u1ee3ng t\u1ed1t<\/p>\n<p>K\u00edch th\u01b0\u1edbc: 5.8 x 3.2 x 6.1cm<\/p>\n<p>Tr\u1ecdng l\u01b0\u1ee3ng: 0,06kg<\/p>\n<p>H\u01b0\u1edbng d\u1eabn PDF<\/p>\n<p>\ud83d\udcccB\u1ea3n ch\u1ea5t c\u1ee7a nh\u00e2n v\u1eadt ch\u00ednh<\/p>\n<p>Xin gi\u1edbi thi\u1ec7u b\u1ed9 s\u01b0u t\u1eadp \u0111\u00e1ng t\u1ef1 h\u00e0o c\u1ee7a ch\u00fang t\u00f4i mang t\u00ean \u201cNh\u1eefng con qu\u00e1i v\u1eadt bi\u1ebft h\u00e1t c\u1ee7a t\u00f4i Mammott Entbrat Bowgart Noggin v\u00e0 Furcorn\u201d m\u00e0 b\u1ea1n kh\u00f4ng n\u00ean b\u1ecf l\u1ee1.<\/p>\n<p>M\u1ed7i qu\u00e1i v\u1eadt c\u00f3 \u00e2m thanh \u0111\u1ed9c \u0111\u00e1o v\u00e0 c\u00f3 th\u1ec3 k\u1ebft h\u1ee3p v\u1edbi nh\u1eefng qu\u00e1i v\u1eadt kh\u00e1c \u0111\u1ec3 t\u1ea1o ra nh\u1eefng b\u00e0i h\u00e1t m\u1edbi, ph\u1ee9c t\u1ea1p h\u01a1n. Tr\u00f2 ch\u01a1i \u0111\u01b0\u1ee3c bi\u1ebft \u0111\u1ebfn v\u1edbi nh\u1eefng giai \u0111i\u1ec7u h\u1ea5p d\u1eabn v\u00e0 thi\u1ebft k\u1ebf qu\u00e1i v\u1eadt \u0111\u00e1ng y\u00eau, \u0111\u1ed3ng th\u1eddi c\u00f3 m\u1ed9t l\u01b0\u1ee3ng l\u1edbn ng\u01b0\u1eddi h\u00e2m m\u1ed9 t\u1eadn t\u1ee5y.<\/p><\/div>","protected":false},"excerpt":{"rendered":"<p>Th\u01b0\u01a1ng hi\u1ec7u: Nh\u00e0 m\u00e1y M\u1ed8C<br \/>\nGi\u1edbi t\u00ednh: Unisex<br \/>\n\u0110\u1ed9 tu\u1ed5i: &gt; 6 tu\u1ed5i<br \/>\nS\u1ed1 m\u00f4 h\u00ecnh: 89458<br \/>\nPh\u00e2n lo\u1ea1i: T\u1eadp h\u1ee3p<br \/>\nH\u00ecnh d\u1ea1ng kh\u1ed1i nh\u1ef1a: G\u1ea1ch t\u1ef1 kh\u00f3a<br \/>\nCh\u1ea5t li\u1ec7u: Nh\u1ef1a<br \/>\nLo\u1ea1i nh\u1ef1a: ABS<br \/>\nKh\u1ed1i g\u1ea1ch: 168 +<br \/>\nKh\u00f4ng c\u00f3 h\u1ed9p ban \u0111\u1ea7u<\/p>","protected":false},"featured_media":42521,"comment_status":"open","ping_status":"closed","template":"","meta":{"_acf_changed":false},"product_cat":[1365,371,581,1408],"product_tag":[11471,11072,8452,11470,11473,9139,11469,11468,434,11472,11467],"class_list":["product","first","instock","shipping-taxable","purchasable","product-type-simple"],"acf":[],"_links":{"self":[{"href":"https:\/\/mouldking.store\/vi\/wp-json\/wp\/v2\/product\/42530","targetHints":{"allow":["GET"]}}],"collection":[{"href":"https:\/\/mouldking.store\/vi\/wp-json\/wp\/v2\/product"}],"about":[{"href":"https:\/\/mouldking.store\/vi\/wp-json\/wp\/v2\/types\/product"}],"replies":[{"embeddable":true,"href":"https:\/\/mouldking.store\/vi\/wp-json\/wp\/v2\/comments?post=42530"}],"wp:featuredmedia":[{"embeddable":true,"href":"https:\/\/mouldking.store\/vi\/wp-json\/wp\/v2\/media\/42521"}],"wp:attachment":[{"href":"https:\/\/mouldking.store\/vi\/wp-json\/wp\/v2\/media?parent=42530"}],"wp:term":[{"taxonomy":"product_cat","embeddable":true,"href":"https:\/\/mouldking.store\/vi\/wp-json\/wp\/v2\/product_cat?post=42530"},{"taxonomy":"product_tag","embeddable":true,"href":"https:\/\/mouldking.store\/vi\/wp-json\/wp\/v2\/product_tag?post=42530"}],"curies":[{"name":"wp","href":"https:\/\/api.w.org\/{rel}","templated":true}]}}