{"id":42540,"date":"2023-03-02T17:05:36","date_gmt":"2023-03-02T10:05:36","guid":{"rendered":"https:\/\/mouldking.store\/shop\/moc-factory-89457-garten-of-banban-banban-with-134-pieces\/"},"modified":"2025-12-16T22:25:13","modified_gmt":"2025-12-16T15:25:13","slug":"moc-factory-89457-garten-of-banban-banban-with-134-pieces","status":"publish","type":"product","link":"https:\/\/mouldking.store\/vi\/shop\/moc-factory-89457-garten-of-banban-banban-with-134-pieces\/","title":{"rendered":"MOC Factory 89457 Garten of Banban Banban with 134 Pieces"},"content":{"rendered":"<div>\u2705 MOC-89457 V\u01b0\u1eddn Banban Banban<\/p>\n<p>\u2705Garten of Banban Banban c\u00f3 h\u00ecnh ng\u01b0\u1eddi m\u00e1y m\u00e0u \u0111\u1ecf v\u1edbi h\u00ecnh d\u00e1ng gi\u1ed1ng ng\u01b0\u1eddi. H\u00ecnh n\u00e0y c\u00f3 thi\u1ebft k\u1ebf h\u00ecnh kh\u1ed1i v\u00e0 g\u00f3c c\u1ea1nh v\u1edbi nhi\u1ec1u m\u1ea3nh v\u00e0 chi ti\u1ebft m\u00e0u \u0111\u1ecf kh\u00e1c nhau, bao g\u1ed3m c\u1ea3 tay, ch\u00e2n v\u00e0 \u0111\u1ea7u.<\/p>\n<p>\ud83d\udeab QUAN TR\u1eccNG!<\/p>\n<p>T\u00ean s\u1ea3n ph\u1ea9m: V\u01b0\u1eddn Banban Banban<\/p>\n<p>Th\u1ec3 lo\u1ea1i: Phim<\/p>\n<p>B\u1ed9 n\u00e0y ch\u1ee9a: C9316Y03<\/p>\n<p>134 vi\u00ean g\u1ea1ch ch\u1ea5t l\u01b0\u1ee3ng t\u1ed1t<\/p>\n<p>K\u00edch th\u01b0\u1edbc: 10.6 x 10.6 x 17.8cm<\/p>\n<p>C\u00e2n n\u1eb7ng: 0,09kg<\/p>\n<p>H\u01b0\u1edbng d\u1eabn PDF<\/p>\n<p>\ud83d\udcccB\u1ea3n ch\u1ea5t c\u1ee7a nh\u00e2n v\u1eadt ch\u00ednh<\/p>\n<p>Xin gi\u1edbi thi\u1ec7u b\u1ed9 s\u01b0u t\u1eadp \u0111\u00e1ng t\u1ef1 h\u00e0o c\u1ee7a ch\u00fang t\u00f4i mang t\u00ean \u201cKhu v\u01b0\u1eddn Banban Banban\u201d m\u00e0 b\u1ea1n kh\u00f4ng n\u00ean b\u1ecf l\u1ee1.<\/p>\n<p>B\u1ed9 n\u00e0y bao g\u1ed3m nhi\u1ec1u kh\u1ed1i x\u00e2y d\u1ef1ng kh\u00e1c nhau c\u00f3 th\u1ec3 \u0111\u01b0\u1ee3c s\u1eed d\u1ee5ng \u0111\u1ec3 t\u1ea1o h\u00ecnh ng\u01b0\u1eddi m\u00e1y, c\u0169ng nh\u01b0 c\u00e1c chi ti\u1ebft trang tr\u00ed b\u1ed5 sung nh\u01b0 hoa nh\u1ecf v\u00e0 c\u00e2y xanh. \u0110\u00e2y l\u00e0 m\u1ed9t d\u1ef1 \u00e1n x\u00e2y d\u1ef1ng th\u00fa v\u1ecb v\u00e0 s\u00e1ng t\u1ea1o c\u00f3 th\u1ec3 mang \u0111\u1ebfn h\u00e0ng gi\u1edd gi\u1ea3i tr\u00ed v\u00e0 th\u1eed th\u00e1ch cho nh\u1eefng ng\u01b0\u1eddi th\u00edch x\u00e2y d\u1ef1ng b\u1eb1ng c\u00e1c kh\u1ed1i.<\/p><\/div>","protected":false},"excerpt":{"rendered":"<p>Th\u01b0\u01a1ng hi\u1ec7u: Nh\u00e0 m\u00e1y M\u1ed8C<br \/>\nGi\u1edbi t\u00ednh: Unisex<br \/>\n\u0110\u1ed9 tu\u1ed5i: &gt; 6 tu\u1ed5i<br \/>\nS\u1ed1 m\u00f4 h\u00ecnh: 89457<br \/>\nPh\u00e2n lo\u1ea1i: T\u1eadp h\u1ee3p<br \/>\nH\u00ecnh d\u1ea1ng kh\u1ed1i nh\u1ef1a: G\u1ea1ch t\u1ef1 kh\u00f3a<br \/>\nCh\u1ea5t li\u1ec7u: Nh\u1ef1a<br \/>\nLo\u1ea1i nh\u1ef1a: ABS<br \/>\nKh\u1ed1i g\u1ea1ch: 134 +<br \/>\nKh\u00f4ng c\u00f3 h\u1ed9p ban \u0111\u1ea7u<\/p>","protected":false},"featured_media":42531,"comment_status":"open","ping_status":"closed","template":"","meta":{"_acf_changed":false},"product_cat":[1365,371,581,1408],"product_tag":[11475,11072,8452,9139,11474,434],"class_list":["product","first","instock","shipping-taxable","purchasable","product-type-simple"],"acf":[],"_links":{"self":[{"href":"https:\/\/mouldking.store\/vi\/wp-json\/wp\/v2\/product\/42540","targetHints":{"allow":["GET"]}}],"collection":[{"href":"https:\/\/mouldking.store\/vi\/wp-json\/wp\/v2\/product"}],"about":[{"href":"https:\/\/mouldking.store\/vi\/wp-json\/wp\/v2\/types\/product"}],"replies":[{"embeddable":true,"href":"https:\/\/mouldking.store\/vi\/wp-json\/wp\/v2\/comments?post=42540"}],"wp:featuredmedia":[{"embeddable":true,"href":"https:\/\/mouldking.store\/vi\/wp-json\/wp\/v2\/media\/42531"}],"wp:attachment":[{"href":"https:\/\/mouldking.store\/vi\/wp-json\/wp\/v2\/media?parent=42540"}],"wp:term":[{"taxonomy":"product_cat","embeddable":true,"href":"https:\/\/mouldking.store\/vi\/wp-json\/wp\/v2\/product_cat?post=42540"},{"taxonomy":"product_tag","embeddable":true,"href":"https:\/\/mouldking.store\/vi\/wp-json\/wp\/v2\/product_tag?post=42540"}],"curies":[{"name":"wp","href":"https:\/\/api.w.org\/{rel}","templated":true}]}}