{"id":42547,"date":"2023-03-02T17:12:58","date_gmt":"2023-03-02T10:12:58","guid":{"rendered":"https:\/\/mouldking.store\/shop\/moc-factory-114786-stranger-things-hawkins-national-laboratory-with-1344-pieces\/"},"modified":"2025-12-16T22:25:13","modified_gmt":"2025-12-16T15:25:13","slug":"moc-factory-114786-stranger-things-hawkins-national-laboratory-with-1344-pieces","status":"publish","type":"product","link":"https:\/\/mouldking.store\/vi\/shop\/moc-factory-114786-stranger-things-hawkins-national-laboratory-with-1344-pieces\/","title":{"rendered":"Nh\u00e0 m\u00e1y MOC 114786 Ph\u00f2ng th\u00ed nghi\u1ec7m qu\u1ed1c gia Stranger Things Hawkins v\u1edbi 1344 m\u1ea3nh gh\u00e9p"},"content":{"rendered":"<div>\u2705 MOC-114786 Ph\u00f2ng th\u00ed nghi\u1ec7m qu\u1ed1c gia Stranger Things Hawkins<\/p>\n<p>\u2705Ph\u00f2ng th\u00ed nghi\u1ec7m qu\u1ed1c gia Hawkins l\u00e0 m\u1ed9t c\u01a1 s\u1edf nghi\u00ean c\u1ee9u h\u01b0 c\u1ea5u trong lo\u1ea1t phim n\u1ed5i ti\u1ebfng c\u1ee7a Netflix, Stranger Things. N\u00f3 n\u1eb1m \u1edf th\u1ecb tr\u1ea5n Hawkins, Indiana v\u00e0 \u0111\u01b0\u1ee3c v\u1eadn h\u00e0nh b\u1edfi B\u1ed9 N\u0103ng l\u01b0\u1ee3ng Hoa K\u1ef3.<\/p>\n<p>\ud83d\udeab QUAN TR\u1eccNG!<\/p>\n<p>T\u00ean s\u1ea3n ph\u1ea9m: Ph\u00f2ng th\u00ed nghi\u1ec7m qu\u1ed1c gia Stranger Things Hawkins<\/p>\n<p>Th\u1ec3 lo\u1ea1i: Phim<\/p>\n<p>B\u1ed9 n\u00e0y Ch\u1ee9a: C9288<\/p>\n<p>1344 chi\u1ebfc G\u1ea1ch ch\u1ea5t l\u01b0\u1ee3ng t\u1ed1t<\/p>\n<p>K\u00edch th\u01b0\u1edbc: 21x21x11 cm<\/p>\n<p>C\u00e2n n\u1eb7ng: 0,83kg<\/p>\n<p>H\u01b0\u1edbng d\u1eabn PDF<\/p>\n<p>\ud83d\udcccB\u1ea3n ch\u1ea5t c\u1ee7a nh\u00e2n v\u1eadt ch\u00ednh<\/p>\n<p>Xin gi\u1edbi thi\u1ec7u b\u1ed9 s\u01b0u t\u1eadp \u0111\u00e1ng t\u1ef1 h\u00e0o c\u1ee7a ch\u00fang t\u00f4i mang t\u00ean \u201cPh\u00f2ng th\u00ed nghi\u1ec7m qu\u1ed1c gia Stranger Things Hawkins\u201d m\u00e0 b\u1ea1n kh\u00f4ng n\u00ean b\u1ecf l\u1ee1.<\/p>\n<p>Trong s\u00ea-ri, ph\u00f2ng th\u00ed nghi\u1ec7m \u0111\u00f3ng vai tr\u00f2 l\u00e0 c\u01a1 s\u1edf nghi\u00ean c\u1ee9u b\u00ed m\u1eadt v\u00e0 g\u00e2y tranh c\u00e3i c\u1ee7a ch\u00ednh ph\u1ee7, n\u01a1i ti\u1ebfn h\u00e0nh c\u00e1c th\u00ed nghi\u1ec7m v\u1ec1 c\u00e1c hi\u1ec7n t\u01b0\u1ee3ng si\u00eau nhi\u00ean, bao g\u1ed3m c\u1ea3 c\u00e1nh c\u1ed5ng d\u1eabn \u0111\u1ebfn m\u1ed9t chi\u1ec1u kh\u00f4ng gian thay th\u1ebf \u0111\u01b0\u1ee3c g\u1ecdi l\u00e0 Upside Down. Ph\u00f2ng th\u00ed nghi\u1ec7m ban \u0111\u1ea7u \u0111\u01b0\u1ee3c gi\u1edbi thi\u1ec7u l\u00e0 m\u1ed9t c\u01a1 s\u1edf l\u00e0nh t\u00ednh, nh\u01b0ng cu\u1ed1i c\u00f9ng n\u00f3 \u0111\u01b0\u1ee3c ti\u1ebft l\u1ed9 l\u00e0 ngu\u1ed3n g\u1ed1c c\u1ee7a nh\u1eefng s\u1ef1 ki\u1ec7n si\u00eau nhi\u00ean v\u00e0 nh\u1eefng m\u1ed1i nguy hi\u1ec3m \u0111ang \u0111e d\u1ecda th\u1ecb tr\u1ea5n Hawkins.<\/p><\/div>","protected":false},"excerpt":{"rendered":"<p>Th\u01b0\u01a1ng hi\u1ec7u: Nh\u00e0 m\u00e1y M\u1ed8C<br \/>\nGi\u1edbi t\u00ednh: Unisex<br \/>\n\u0110\u1ed9 tu\u1ed5i: &gt; 12 tu\u1ed5i<br \/>\nS\u1ed1 m\u00f4 h\u00ecnh: 114786<br \/>\nPh\u00e2n lo\u1ea1i: T\u1eadp h\u1ee3p<br \/>\nH\u00ecnh d\u1ea1ng kh\u1ed1i nh\u1ef1a: G\u1ea1ch t\u1ef1 kh\u00f3a<br \/>\nCh\u1ea5t li\u1ec7u: Nh\u1ef1a<br \/>\nLo\u1ea1i nh\u1ef1a: ABS<br \/>\nKh\u1ed1i g\u1ea1ch: 1344 +<br \/>\nKh\u00f4ng c\u00f3 h\u1ed9p ban \u0111\u1ea7u<\/p>","protected":false},"featured_media":42541,"comment_status":"open","ping_status":"closed","template":"","meta":{"_acf_changed":false},"product_cat":[1395,390,581,1408],"product_tag":[4883,9139,11476,6567,392,434,11477,5944],"class_list":["product","first","instock","shipping-taxable","purchasable","product-type-simple"],"acf":[],"_links":{"self":[{"href":"https:\/\/mouldking.store\/vi\/wp-json\/wp\/v2\/product\/42547","targetHints":{"allow":["GET"]}}],"collection":[{"href":"https:\/\/mouldking.store\/vi\/wp-json\/wp\/v2\/product"}],"about":[{"href":"https:\/\/mouldking.store\/vi\/wp-json\/wp\/v2\/types\/product"}],"replies":[{"embeddable":true,"href":"https:\/\/mouldking.store\/vi\/wp-json\/wp\/v2\/comments?post=42547"}],"wp:featuredmedia":[{"embeddable":true,"href":"https:\/\/mouldking.store\/vi\/wp-json\/wp\/v2\/media\/42541"}],"wp:attachment":[{"href":"https:\/\/mouldking.store\/vi\/wp-json\/wp\/v2\/media?parent=42547"}],"wp:term":[{"taxonomy":"product_cat","embeddable":true,"href":"https:\/\/mouldking.store\/vi\/wp-json\/wp\/v2\/product_cat?post=42547"},{"taxonomy":"product_tag","embeddable":true,"href":"https:\/\/mouldking.store\/vi\/wp-json\/wp\/v2\/product_tag?post=42547"}],"curies":[{"name":"wp","href":"https:\/\/api.w.org\/{rel}","templated":true}]}}