{"id":42554,"date":"2023-03-02T17:27:57","date_gmt":"2023-03-02T10:27:57","guid":{"rendered":"https:\/\/mouldking.store\/shop\/moc-factory-89456-garten-of-banban-banbaleena-with-127-pieces\/"},"modified":"2025-12-16T22:25:13","modified_gmt":"2025-12-16T15:25:13","slug":"moc-factory-89456-garten-of-banban-banbaleena-with-127-pieces","status":"publish","type":"product","link":"https:\/\/mouldking.store\/vi\/shop\/moc-factory-89456-garten-of-banban-banbaleena-with-127-pieces\/","title":{"rendered":"MOC Factory 89456 Garten of Banban Banbaleena v\u1edbi 127 m\u1ea3nh gh\u00e9p"},"content":{"rendered":"<div>\u2705 MOC-89456 Garten c\u1ee7a Banban Banbaleena&nbsp;<\/p>\n<p>\u2705Qu\u00e1i v\u1eadt l\u00e0 nh\u00f3m k\u1ebb th\u00f9 ch\u00ednh trong s\u00ea-ri tr\u00f2 ch\u01a1i \u0111i\u1ec7n t\u1eed kinh d\u1ecb \u0111\u1ed9c l\u1eadp Gardens of BanBan. Nh\u1eefng con qu\u00e1i v\u1eadt ban \u0111\u1ea7u \u0111\u01b0\u1ee3c thi\u1ebft k\u1ebf \u0111\u1ec3 ch\u0103m s\u00f3c nh\u1eefng \u0111\u1ee9a tr\u1ebb \u1edf Tr\u01b0\u1eddng m\u1eabu gi\u00e1o c\u1ee7a Banban, nh\u01b0ng ch\u00fang \u0111\u00e3 ph\u00e1t tri\u1ec3n b\u1ea3n ch\u1ea5t hoang d\u00e3 m\u1ed9t c\u00e1ch kh\u00f3 hi\u1ec3u v\u00e0 b\u1eaft \u0111\u1ea7u s\u0103n l\u00f9ng nh\u00e2n v\u1eadt ch\u00ednh khi h\u1ecd \u0111\u1ebfn tr\u01b0\u1eddng m\u1eabu gi\u00e1o \u0111\u1ec3 t\u00ecm \u0111\u1ee9a con b\u1ecb m\u1ea5t t\u00edch c\u1ee7a m\u00ecnh.<\/p>\n<p>\ud83d\udeab QUAN TR\u1eccNG!<\/p>\n<p>T\u00ean s\u1ea3n ph\u1ea9m: V\u01b0\u1eddn Banban Banbaleena&nbsp;<\/p>\n<p>Th\u1ec3 lo\u1ea1i: Ng\u01b0\u1eddi s\u00e1ng t\u1ea1o<\/p>\n<p>B\u1ed9 n\u00e0y ch\u1ee9a: C9316Y05<\/p>\n<p>127 vi\u00ean g\u1ea1ch ch\u1ea5t l\u01b0\u1ee3ng t\u1ed1t<\/p>\n<p>K\u00edch th\u01b0\u1edbc: 10.6 x 3.5 x 16.8 cm<\/p>\n<p>C\u00e2n n\u1eb7ng: 0,09kg<\/p>\n<p>H\u01b0\u1edbng d\u1eabn PDF<\/p>\n<p>\ud83d\udcccB\u1ea3n ch\u1ea5t c\u1ee7a nh\u00e2n v\u1eadt ch\u00ednh<\/p>\n<p>Xin gi\u1edbi thi\u1ec7u b\u1ed9 s\u01b0u t\u1eadp \u0111\u00e1ng t\u1ef1 h\u00e0o c\u1ee7a ch\u00fang t\u00f4i mang t\u00ean \u201cKhu v\u01b0\u1eddn Banban Banbaleena\u201d m\u00e0 b\u1ea1n kh\u00f4ng n\u00ean b\u1ecf l\u1ee1.<\/p>\n<p>Khu\u00f4n m\u1eb7t c\u1ee7a nh\u00e2n v\u1eadt to, v\u1edbi \u0111\u00f4i m\u1eaft to v\u00e0 bi\u1ec3u c\u1ea3m. C\u00f3 c\u00e1c y\u1ebfu t\u1ed1 trang tr\u00ed b\u1ed5 sung xung quanh nh\u00e2n v\u1eadt, bao g\u1ed3m n\u01a1 b\u01b0\u1edbm, l\u00e0m t\u0103ng th\u00eam thi\u1ebft k\u1ebf hay thay \u0111\u1ed5i v\u00e0 vui t\u01b0\u01a1i c\u1ee7a nh\u00e2n v\u1eadt.<\/p><\/div>","protected":false},"excerpt":{"rendered":"<p>Th\u01b0\u01a1ng hi\u1ec7u: Nh\u00e0 m\u00e1y M\u1ed8C<br \/>\nGi\u1edbi t\u00ednh: Unisex<br \/>\n\u0110\u1ed9 tu\u1ed5i: &gt; 6 tu\u1ed5i<br \/>\nS\u1ed1 m\u00f4 h\u00ecnh: 89456<br \/>\nPh\u00e2n lo\u1ea1i: T\u1eadp h\u1ee3p<br \/>\nH\u00ecnh d\u1ea1ng kh\u1ed1i nh\u1ef1a: G\u1ea1ch t\u1ef1 kh\u00f3a<br \/>\nCh\u1ea5t li\u1ec7u: Nh\u1ef1a<br \/>\nLo\u1ea1i nh\u1ef1a: ABS<br \/>\nKh\u1ed1i g\u1ea1ch: 127 +<br \/>\nKh\u00f4ng c\u00f3 h\u1ed9p ban \u0111\u1ea7u<\/p>","protected":false},"featured_media":42548,"comment_status":"open","ping_status":"closed","template":"","meta":{"_acf_changed":false},"product_cat":[1365,371,581,1408],"product_tag":[11478,11475,11072,8452,9139,11474,434],"class_list":["product","first","instock","shipping-taxable","purchasable","product-type-simple"],"acf":[],"_links":{"self":[{"href":"https:\/\/mouldking.store\/vi\/wp-json\/wp\/v2\/product\/42554","targetHints":{"allow":["GET"]}}],"collection":[{"href":"https:\/\/mouldking.store\/vi\/wp-json\/wp\/v2\/product"}],"about":[{"href":"https:\/\/mouldking.store\/vi\/wp-json\/wp\/v2\/types\/product"}],"replies":[{"embeddable":true,"href":"https:\/\/mouldking.store\/vi\/wp-json\/wp\/v2\/comments?post=42554"}],"wp:featuredmedia":[{"embeddable":true,"href":"https:\/\/mouldking.store\/vi\/wp-json\/wp\/v2\/media\/42548"}],"wp:attachment":[{"href":"https:\/\/mouldking.store\/vi\/wp-json\/wp\/v2\/media?parent=42554"}],"wp:term":[{"taxonomy":"product_cat","embeddable":true,"href":"https:\/\/mouldking.store\/vi\/wp-json\/wp\/v2\/product_cat?post=42554"},{"taxonomy":"product_tag","embeddable":true,"href":"https:\/\/mouldking.store\/vi\/wp-json\/wp\/v2\/product_tag?post=42554"}],"curies":[{"name":"wp","href":"https:\/\/api.w.org\/{rel}","templated":true}]}}