{"id":42619,"date":"2023-03-02T18:56:50","date_gmt":"2023-03-02T11:56:50","guid":{"rendered":"https:\/\/mouldking.store\/shop\/moc-factory-89448-old-water-mill-with-2691-pieces\/"},"modified":"2025-12-16T22:25:12","modified_gmt":"2025-12-16T15:25:12","slug":"moc-factory-89448-old-water-mill-with-2691-pieces","status":"publish","type":"product","link":"https:\/\/mouldking.store\/vi\/shop\/moc-factory-89448-old-water-mill-with-2691-pieces\/","title":{"rendered":"MOC Factory 89448 C\u1ed1i Xay N\u01b0\u1edbc C\u0169 V\u1edbi 2691 Chi Ti\u1ebft"},"content":{"rendered":"<div>\u2705 C\u1ed1i Xay N\u01b0\u1edbc C\u0169 MOC-89448<\/p>\n<p>\u2705Nh\u00e0 m\u00e1y n\u01b0\u1edbc c\u0169 l\u00e0 m\u1ed9t c\u00f4ng tr\u00ecnh l\u1ecbch s\u1eed s\u1eed d\u1ee5ng s\u1ee9c n\u01b0\u1edbc \u0111\u1ec3 nghi\u1ec1n ng\u0169 c\u1ed1c th\u00e0nh b\u1ed9t ho\u1eb7c th\u1ef1c hi\u1ec7n c\u00e1c lo\u1ea1i c\u00f4ng vi\u1ec7c c\u01a1 kh\u00ed kh\u00e1c. Nh\u00e0 m\u00e1y th\u01b0\u1eddng bao g\u1ed3m m\u1ed9t t\u00f2a nh\u00e0 l\u1edbn b\u1eb1ng \u0111\u00e1 ho\u1eb7c g\u1ed7 n\u1eb1m c\u1ea1nh m\u1ed9t d\u00f2ng su\u1ed1i ho\u1eb7c d\u00f2ng s\u00f4ng \u0111ang ch\u1ea3y. D\u00f2ng n\u01b0\u1edbc ch\u1ea3y \u0111\u01b0\u1ee3c d\u1eabn v\u00e0o m\u1ed9t b\u00e1nh xe, sau \u0111\u00f3 l\u00e0m quay c\u00e1c b\u00e1nh r\u0103ng v\u00e0 c\u00e1c b\u1ed9 ph\u1eadn c\u01a1 kh\u00ed kh\u00e1c \u0111\u1ec3 v\u1eadn h\u00e0nh m\u00e1y m\u00f3c c\u1ee7a nh\u00e0 m\u00e1y.<\/p>\n<p>\ud83d\udeab QUAN TR\u1eccNG!<\/p>\n<p>T\u00ean s\u1ea3n ph\u1ea9m: C\u1ed1i Xay N\u01b0\u1edbc C\u0169<\/p>\n<p>Th\u1ec3 lo\u1ea1i: Ng\u01b0\u1eddi s\u00e1ng t\u1ea1o<\/p>\n<p>B\u1ed9 n\u00e0y ch\u1ee9a: C9287<\/p>\n<p>2691 vi\u00ean g\u1ea1ch ch\u1ea5t l\u01b0\u1ee3ng t\u1ed1t<\/p>\n<p>K\u00edch th\u01b0\u1edbc: 32 x 20 x 20 cm<\/p>\n<p>C\u00e2n n\u1eb7ng: 1,44kg<\/p>\n<p>H\u01b0\u1edbng d\u1eabn PDF<\/p>\n<p>\ud83d\udcccB\u1ea3n ch\u1ea5t c\u1ee7a nh\u00e2n v\u1eadt ch\u00ednh<\/p>\n<p>Gi\u1edbi thi\u1ec7u b\u1ed9 s\u01b0u t\u1eadp \u0111\u00e1ng t\u1ef1 h\u00e0o c\u1ee7a ch\u00fang t\u00f4i mang t\u00ean \u201cOld Water Mill\u201d m\u00e0 b\u1ea1n kh\u00f4ng n\u00ean b\u1ecf l\u1ee1.<\/p>\n<p>C\u00e1c nh\u00e0 m\u00e1y n\u01b0\u1edbc c\u0169 th\u01b0\u1eddng \u0111\u01b0\u1ee3c \u0111\u1eb7t t\u1ea1i c\u00e1c khu v\u1ef1c n\u00f4ng th\u00f4n, danh lam th\u1eafng c\u1ea3nh v\u00e0 c\u00f3 th\u1ec3 \u0111\u01b0\u1ee3c bao quanh b\u1edfi c\u00e1c khu v\u01b0\u1eddn, ao h\u1ed3 xinh \u0111\u1eb9p ho\u1eb7c c\u00e1c \u0111\u1eb7c \u0111i\u1ec3m t\u1ef1 nhi\u00ean kh\u00e1c. Ch\u00fang l\u00e0 m\u1ed9t l\u1eddi nh\u1eafc nh\u1edf h\u1ea5p d\u1eabn v\u1ec1 s\u1ef1 kh\u00e9o l\u00e9o v\u00e0 ch\u0103m ch\u1ec9 c\u1ee7a c\u00e1c th\u1ebf h\u1ec7 tr\u01b0\u1edbc v\u00e0 cung c\u1ea5p m\u1ed9t c\u00e1i nh\u00ecn tho\u00e1ng qua v\u1ec1 vai tr\u00f2 quan tr\u1ecdng c\u1ee7a vi\u1ec7c xay x\u00e1t \u0111\u1ed1i v\u1edbi c\u00e1c c\u1ed9ng \u0111\u1ed3ng \u0111\u1ecba ph\u01b0\u01a1ng trong su\u1ed1t l\u1ecbch s\u1eed. Ng\u00e0y nay, nhi\u1ec1u nh\u00e0 m\u00e1y n\u01b0\u1edbc c\u0169 \u0111\u00e3 \u0111\u01b0\u1ee3c kh\u00f4i ph\u1ee5c v\u00e0 chuy\u1ec3n \u0111\u1ed5i th\u00e0nh b\u1ea3o t\u00e0ng, nh\u00e0 h\u00e0ng ho\u1eb7c c\u00e1c lo\u1ea1i h\u00ecnh thu h\u00fat kh\u00e1ch du l\u1ecbch kh\u00e1c.<\/p><\/div>","protected":false},"excerpt":{"rendered":"<p>Th\u01b0\u01a1ng hi\u1ec7u: Nh\u00e0 m\u00e1y M\u1ed8C<br \/>\nGi\u1edbi t\u00ednh: Unisex<br \/>\n\u0110\u1ed9 tu\u1ed5i: &gt; 6 tu\u1ed5i<br \/>\nS\u1ed1 m\u00f4 h\u00ecnh: 89448<br \/>\nPh\u00e2n lo\u1ea1i: T\u1eadp h\u1ee3p<br \/>\nH\u00ecnh d\u1ea1ng kh\u1ed1i nh\u1ef1a: G\u1ea1ch t\u1ef1 kh\u00f3a<br \/>\nCh\u1ea5t li\u1ec7u: Nh\u1ef1a<br \/>\nLo\u1ea1i nh\u1ef1a: ABS<br \/>\nKh\u1ed1i g\u1ea1ch: 2691 +<br \/>\nKh\u00f4ng c\u00f3 h\u1ed9p ban \u0111\u1ea7u<\/p>","protected":false},"featured_media":42615,"comment_status":"open","ping_status":"closed","template":"","meta":{"_acf_changed":false},"product_cat":[1365,1395,371,390],"product_tag":[11072,8452,11370,392,10338],"class_list":["product","first","instock","shipping-taxable","purchasable","product-type-simple"],"acf":[],"_links":{"self":[{"href":"https:\/\/mouldking.store\/vi\/wp-json\/wp\/v2\/product\/42619","targetHints":{"allow":["GET"]}}],"collection":[{"href":"https:\/\/mouldking.store\/vi\/wp-json\/wp\/v2\/product"}],"about":[{"href":"https:\/\/mouldking.store\/vi\/wp-json\/wp\/v2\/types\/product"}],"replies":[{"embeddable":true,"href":"https:\/\/mouldking.store\/vi\/wp-json\/wp\/v2\/comments?post=42619"}],"wp:featuredmedia":[{"embeddable":true,"href":"https:\/\/mouldking.store\/vi\/wp-json\/wp\/v2\/media\/42615"}],"wp:attachment":[{"href":"https:\/\/mouldking.store\/vi\/wp-json\/wp\/v2\/media?parent=42619"}],"wp:term":[{"taxonomy":"product_cat","embeddable":true,"href":"https:\/\/mouldking.store\/vi\/wp-json\/wp\/v2\/product_cat?post=42619"},{"taxonomy":"product_tag","embeddable":true,"href":"https:\/\/mouldking.store\/vi\/wp-json\/wp\/v2\/product_tag?post=42619"}],"curies":[{"name":"wp","href":"https:\/\/api.w.org\/{rel}","templated":true}]}}