{"id":42651,"date":"2023-03-06T11:04:17","date_gmt":"2023-03-06T04:04:17","guid":{"rendered":"https:\/\/mouldking.store\/shop\/moc-factory-13655-dodge-viper-acr-with-3141-pieces\/"},"modified":"2025-12-16T22:25:11","modified_gmt":"2025-12-16T15:25:11","slug":"moc-factory-13655-dodge-viper-acr-with-3141-pieces","status":"publish","type":"product","link":"https:\/\/mouldking.store\/vi\/shop\/moc-factory-13655-dodge-viper-acr-with-3141-pieces\/","title":{"rendered":"MOC Factory 13655 Dodge Viper ACR v\u1edbi 3141 m\u1ea3nh gh\u00e9p"},"content":{"rendered":"<div>\u2705 MOC-13655 Dodge Viper ACR<\/p>\n<p>\u2705Dodge Viper ACR (American Club Racer) l\u00e0 m\u1ed9t chi\u1ebfc xe th\u1ec3 thao hi\u1ec7u su\u1ea5t cao \u0111\u01b0\u1ee3c s\u1ea3n xu\u1ea5t b\u1edfi nh\u00e0 s\u1ea3n xu\u1ea5t xe h\u01a1i M\u1ef9 Dodge. N\u00f3 l\u00e0 m\u1ed9t bi\u1ebfn th\u1ec3 c\u1ee7a Dodge Viper, \u0111\u01b0\u1ee3c s\u1ea3n xu\u1ea5t t\u1eeb n\u0103m 1992 \u0111\u1ebfn 2017.<\/p>\n<p>\ud83d\udeab QUAN TR\u1eccNG!<\/p>\n<p>T\u00ean s\u1ea3n ph\u1ea9m: Dodge Viper ACR<\/p>\n<p>Danh m\u1ee5c: K\u1ef9 thu\u1eadt<\/p>\n<p>B\u1ed9 n\u00e0y ch\u1ee9a: MOC-13655<\/p>\n<p>3141 vi\u00ean g\u1ea1ch ch\u1ea5t l\u01b0\u1ee3ng t\u1ed1t<\/p>\n<p>Tr\u1ecdng l\u01b0\u1ee3ng: 3100g<\/p>\n<p>H\u01b0\u1edbng d\u1eabn PDF<\/p>\n<p>\ud83d\udcccB\u1ea3n ch\u1ea5t c\u1ee7a nh\u00e2n v\u1eadt ch\u00ednh<\/p>\n<p>Xin gi\u1edbi thi\u1ec7u b\u1ed9 s\u01b0u t\u1eadp \u0111\u00e1ng t\u1ef1 h\u00e0o c\u1ee7a ch\u00fang t\u00f4i c\u00f3 t\u00ean \u201cDodge Viper ACR\u201d m\u00e0 b\u1ea1n kh\u00f4ng n\u00ean b\u1ecf l\u1ee1.<\/p>\n<p>Viper ACR \u0111\u01b0\u1ee3c gi\u1edbi thi\u1ec7u v\u00e0o n\u0103m 1999 v\u00e0 \u0111\u01b0\u1ee3c thi\u1ebft k\u1ebf d\u00e0nh cho nh\u1eefng ng\u01b0\u1eddi \u0111am m\u00ea \u0111ua xe mu\u1ed1n c\u00f3 m\u1ed9t chi\u1ebfc xe c\u00f3 th\u1ec3 c\u1ea1nh tranh tr\u00ean \u0111\u01b0\u1eddng \u0111ua. N\u00f3 c\u00f3 m\u1ed9t s\u1ed1 n\u00e2ng c\u1ea5p so v\u1edbi Viper ti\u00eau chu\u1ea9n, bao g\u1ed3m h\u1ec7 th\u1ed1ng treo c\u1ee9ng h\u01a1n, phanh l\u1edbn h\u01a1n v\u00e0 t\u00ednh kh\u00ed \u0111\u1ed9ng h\u1ecdc \u0111\u01b0\u1ee3c c\u1ea3i thi\u1ec7n. Chi\u1ebfc xe \u0111\u01b0\u1ee3c trang b\u1ecb \u0111\u1ed9ng c\u01a1 V10 8,4 l\u00edt s\u1ea3n sinh c\u00f4ng su\u1ea5t 645 m\u00e3 l\u1ef1c v\u00e0 m\u00f4-men xo\u1eafn 600 lb-ft, khi\u1ebfn n\u00f3 tr\u1edf th\u00e0nh m\u1ed9t trong nh\u1eefng chi\u1ebfc xe th\u1ec3 thao m\u1ea1nh m\u1ebd nh\u1ea5t th\u1eddi b\u1ea5y gi\u1edd. Dodge Viper ACR \u0111\u00e3 l\u1eadp nhi\u1ec1u k\u1ef7 l\u1ee5c trong nh\u1eefng n\u0103m qua, bao g\u1ed3m k\u1ef7 l\u1ee5c v\u00f2ng \u0111ua xe s\u1ea3n xu\u1ea5t t\u1ea1i N\u00fcrburgring Nordschleife \u1edf \u0110\u1ee9c m\u00e0 n\u00f3 \u0111\u1ea1t \u0111\u01b0\u1ee3c v\u00e0o n\u0103m 2011. T\u00ednh kh\u00ed \u0111\u1ed9ng h\u1ecdc c\u1ee7a xe, bao g\u1ed3m c\u00e1nh gi\u00f3 l\u1edbn ph\u00eda sau v\u00e0 b\u1ed9 chia gi\u00f3 ph\u00eda tr\u01b0\u1edbc, cho ph\u00e9p n\u00f3 t\u1ea1o ra m\u1ee9c l\u1ef1c xu\u1ed1ng cao \u1edf t\u1ed1c \u0111\u1ed9 cao, c\u1ea3i thi\u1ec7n kh\u1ea3 n\u0103ng x\u1eed l\u00fd v\u00e0 \u0111\u1ed9 \u1ed5n \u0111\u1ecbnh c\u1ee7a n\u00f3.<\/p><\/div>","protected":false},"excerpt":{"rendered":"<p>Th\u01b0\u01a1ng hi\u1ec7u: Nh\u00e0 m\u00e1y M\u1ed8C<br \/>\nGi\u1edbi t\u00ednh: Unisex<br \/>\n\u0110\u1ed9 tu\u1ed5i: &gt; 12 tu\u1ed5i<br \/>\nS\u1ed1 m\u00f4 h\u00ecnh: 13655<br \/>\nPh\u00e2n lo\u1ea1i: T\u1eadp h\u1ee3p<br \/>\nH\u00ecnh d\u1ea1ng kh\u1ed1i nh\u1ef1a: G\u1ea1ch t\u1ef1 kh\u00f3a<br \/>\nCh\u1ea5t li\u1ec7u: Nh\u1ef1a<br \/>\nLo\u1ea1i nh\u1ef1a: ABS<br \/>\nKh\u1ed1i g\u1ea1ch: 3141 +<br \/>\nS\u1eafp x\u1ebfp th\u1eddi gian: 4-8 tu\u1ea7n<\/p>","protected":false},"featured_media":42645,"comment_status":"open","ping_status":"closed","template":"","meta":{"_acf_changed":false},"product_cat":[1360,1357,364],"product_tag":[11493,457,11354,389,11080],"class_list":["product","first","instock","shipping-taxable","purchasable","product-type-simple"],"acf":[],"_links":{"self":[{"href":"https:\/\/mouldking.store\/vi\/wp-json\/wp\/v2\/product\/42651","targetHints":{"allow":["GET"]}}],"collection":[{"href":"https:\/\/mouldking.store\/vi\/wp-json\/wp\/v2\/product"}],"about":[{"href":"https:\/\/mouldking.store\/vi\/wp-json\/wp\/v2\/types\/product"}],"replies":[{"embeddable":true,"href":"https:\/\/mouldking.store\/vi\/wp-json\/wp\/v2\/comments?post=42651"}],"wp:featuredmedia":[{"embeddable":true,"href":"https:\/\/mouldking.store\/vi\/wp-json\/wp\/v2\/media\/42645"}],"wp:attachment":[{"href":"https:\/\/mouldking.store\/vi\/wp-json\/wp\/v2\/media?parent=42651"}],"wp:term":[{"taxonomy":"product_cat","embeddable":true,"href":"https:\/\/mouldking.store\/vi\/wp-json\/wp\/v2\/product_cat?post=42651"},{"taxonomy":"product_tag","embeddable":true,"href":"https:\/\/mouldking.store\/vi\/wp-json\/wp\/v2\/product_tag?post=42651"}],"curies":[{"name":"wp","href":"https:\/\/api.w.org\/{rel}","templated":true}]}}