{"id":42675,"date":"2023-03-06T11:47:19","date_gmt":"2023-03-06T04:47:19","guid":{"rendered":"https:\/\/mouldking.store\/shop\/moc-factory-104144-the-white-city-with-4337-pieces\/"},"modified":"2025-12-16T22:25:11","modified_gmt":"2025-12-16T15:25:11","slug":"moc-factory-104144-the-white-city-with-4337-pieces","status":"publish","type":"product","link":"https:\/\/mouldking.store\/vi\/shop\/moc-factory-104144-the-white-city-with-4337-pieces\/","title":{"rendered":"MOC Factory 104144 The White City with 4337 Pieces"},"content":{"rendered":"<div>\u2705 MOC-104144 The White City<\/p>\n<p>\u2705Th\u00e0nh ph\u1ed1 Tr\u1eafng l\u00e0 m\u1ed9t th\u00e0nh ph\u1ed1 h\u01b0 c\u1ea5u trong v\u0169 tr\u1ee5 Middle-earth c\u1ee7a JRR Tolkien, xu\u1ea5t hi\u1ec7n trong c\u1ea3 The Hobbit v\u00e0 The Lord of the Rings. N\u00f3 c\u00f2n \u0111\u01b0\u1ee3c g\u1ecdi l\u00e0 Minas Tirith, c\u00f3 ngh\u0129a l\u00e0 \u201cTh\u00e1p b\u1ea3o v\u1ec7\u201d trong ti\u1ebfng Sindarin, m\u1ed9t trong nh\u1eefng ng\u00f4n ng\u1eef h\u01b0 c\u1ea5u do Tolkien t\u1ea1o ra.<\/p>\n<p>\ud83d\udeab QUAN TR\u1eccNG!<\/p>\n<p>T\u00ean s\u1ea3n ph\u1ea9m: Th\u00e0nh Ph\u1ed1 Tr\u1eafng<\/p>\n<p>Danh m\u1ee5c: T\u00f2a nh\u00e0 m\u00f4-\u0111un<\/p>\n<p>B\u1ed9 n\u00e0y ch\u1ee9a: MOC-104144<\/p>\n<p>4337 chi\u1ebfc G\u1ea1ch ch\u1ea5t l\u01b0\u1ee3ng t\u1ed1t<\/p>\n<p>H\u01b0\u1edbng d\u1eabn PDF<\/p>\n<p>\ud83d\udcccB\u1ea3n ch\u1ea5t c\u1ee7a nh\u00e2n v\u1eadt ch\u00ednh<\/p>\n<p>Gi\u1edbi thi\u1ec7u b\u1ed9 s\u01b0u t\u1eadp \u0111\u00e1ng t\u1ef1 h\u00e0o c\u1ee7a ch\u00fang t\u00f4i mang t\u00ean \u201cThe White City\u201d m\u00e0 b\u1ea1n kh\u00f4ng n\u00ean b\u1ecf l\u1ee1.<\/p>\n<p>N\u1eb1m trong v\u01b0\u01a1ng qu\u1ed1c Gondor, Th\u00e0nh ph\u1ed1 Tr\u1eafng l\u00e0 m\u1ed9t th\u00e0nh ph\u1ed1 ki\u00ean c\u1ed1 \u0111\u01b0\u1ee3c x\u00e2y d\u1ef1ng tr\u00ean m\u1ed9t ng\u1ecdn \u0111\u1ed3i nh\u00ecn ra C\u00e1nh \u0111\u1ed3ng Pelennor. N\u00f3 \u0111\u01b0\u1ee3c m\u00f4 t\u1ea3 l\u00e0 c\u00f3 b\u1ea3y t\u1ea7ng, m\u1ed7i t\u1ea7ng \u0111\u1ec1u c\u00f3 t\u01b0\u1eddng v\u00e0 c\u1ed5ng bao quanh, v\u00e0 c\u00e1c t\u1ea7ng tr\u00ean l\u00e0 n\u01a1i \u1edf c\u1ee7a t\u1ea7ng l\u1edbp th\u1ed1ng tr\u1ecb Gondor. Trong Ch\u00faa t\u1ec3 c\u1ee7a nh\u1eefng chi\u1ebfc nh\u1eabn, Th\u00e0nh ph\u1ed1 Tr\u1eafng \u0111\u00f3ng m\u1ed9t vai tr\u00f2 quan tr\u1ecdng trong c\u00e2u chuy\u1ec7n v\u1edbi t\u01b0 c\u00e1ch l\u00e0 ph\u00e1o \u0111\u00e0i hy v\u1ecdng cu\u1ed1i c\u00f9ng ch\u1ed1ng l\u1ea1i th\u1ebf l\u1ef1c b\u00f3ng t\u1ed1i do Sauron l\u00e3nh \u0111\u1ea1o. Th\u00e0nh ph\u1ed1 l\u00e0 n\u01a1i di\u1ec5n ra Tr\u1eadn chi\u1ebfn \u0111\u1ec9nh cao c\u1ee7a C\u00e1nh \u0111\u1ed3ng Pelennor, trong \u0111\u00f3 qu\u00e2n \u0111\u1ed9i c\u1ee7a Gondor v\u00e0 Rohan h\u1ee3p nh\u1ea5t \u0111\u1ec3 b\u1ea3o v\u1ec7 th\u00e0nh ph\u1ed1 ch\u1ed1ng l\u1ea1i qu\u00e2n \u0111\u1ed9i c\u1ee7a Mordor.<\/p><\/div>","protected":false},"excerpt":{"rendered":"<p>Th\u01b0\u01a1ng hi\u1ec7u: Nh\u00e0 m\u00e1y M\u1ed8C<br \/>\nGi\u1edbi t\u00ednh: Unisex<br \/>\n\u0110\u1ed9 tu\u1ed5i: &gt; 12 tu\u1ed5i<br \/>\nS\u1ed1 m\u00f4 h\u00ecnh: 104144<br \/>\nPh\u00e2n lo\u1ea1i: T\u1eadp h\u1ee3p<br \/>\nH\u00ecnh d\u1ea1ng kh\u1ed1i nh\u1ef1a: G\u1ea1ch t\u1ef1 kh\u00f3a<br \/>\nCh\u1ea5t li\u1ec7u: Nh\u1ef1a<br \/>\nLo\u1ea1i nh\u1ef1a: ABS<br \/>\nKh\u1ed1i g\u1ea1ch: 4337 +<br \/>\nS\u1eafp x\u1ebfp th\u1eddi gian: 4-8 tu\u1ea7n<\/p>","protected":false},"featured_media":42673,"comment_status":"open","ping_status":"closed","template":"","meta":{"_acf_changed":false},"product_cat":[1395,390,581,1408],"product_tag":[4883,392,434,11495,6169,1461],"class_list":["product","first","instock","shipping-taxable","purchasable","product-type-simple"],"acf":[],"_links":{"self":[{"href":"https:\/\/mouldking.store\/vi\/wp-json\/wp\/v2\/product\/42675","targetHints":{"allow":["GET"]}}],"collection":[{"href":"https:\/\/mouldking.store\/vi\/wp-json\/wp\/v2\/product"}],"about":[{"href":"https:\/\/mouldking.store\/vi\/wp-json\/wp\/v2\/types\/product"}],"replies":[{"embeddable":true,"href":"https:\/\/mouldking.store\/vi\/wp-json\/wp\/v2\/comments?post=42675"}],"wp:featuredmedia":[{"embeddable":true,"href":"https:\/\/mouldking.store\/vi\/wp-json\/wp\/v2\/media\/42673"}],"wp:attachment":[{"href":"https:\/\/mouldking.store\/vi\/wp-json\/wp\/v2\/media?parent=42675"}],"wp:term":[{"taxonomy":"product_cat","embeddable":true,"href":"https:\/\/mouldking.store\/vi\/wp-json\/wp\/v2\/product_cat?post=42675"},{"taxonomy":"product_tag","embeddable":true,"href":"https:\/\/mouldking.store\/vi\/wp-json\/wp\/v2\/product_tag?post=42675"}],"curies":[{"name":"wp","href":"https:\/\/api.w.org\/{rel}","templated":true}]}}