{"id":42682,"date":"2023-03-06T11:54:41","date_gmt":"2023-03-06T04:54:41","guid":{"rendered":"https:\/\/mouldking.store\/shop\/moc-factory-67589-sukhoi-su-25-frogfoot-with-900-pieces\/"},"modified":"2025-12-16T22:25:11","modified_gmt":"2025-12-16T15:25:11","slug":"moc-factory-67589-sukhoi-su-25-frogfoot-with-900-pieces","status":"publish","type":"product","link":"https:\/\/mouldking.store\/vi\/shop\/moc-factory-67589-sukhoi-su-25-frogfoot-with-900-pieces\/","title":{"rendered":"MOC Factory 67589 Sukhoi Su-25 Frogfoot with 900 Pieces"},"content":{"rendered":"<div>\u2705MOC-67589 Sukhoi Su-25 Frogfoot<\/p>\n<p>\u2705Sukhoi Su-25 Frogfoot l\u00e0 m\u00e1y bay c\u01b0\u1eddng k\u00edch do Li\u00ean X\u00f4 ph\u00e1t tri\u1ec3n t\u1eeb nh\u1eefng n\u0103m 1970. N\u00f3 \u0111\u01b0\u1ee3c thi\u1ebft k\u1ebf \u0111\u1ec3 h\u1ed7 tr\u1ee3 tr\u00ean kh\u00f4ng cho c\u00e1c l\u1ef1c l\u01b0\u1ee3ng m\u1eb7t \u0111\u1ea5t v\u00e0 t\u1ea5n c\u00f4ng thi\u1ebft gi\u00e1p, qu\u00e2n \u0111\u1ed9i v\u00e0 c\u00f4ng s\u1ef1 c\u1ee7a \u0111\u1ed1i ph\u01b0\u01a1ng. M\u00e1y bay n\u00e0y \u0111\u01b0\u1ee3c \u0111\u01b0a v\u00e0o ph\u1ee5c v\u1ee5 trong Kh\u00f4ng qu\u00e2n Li\u00ean X\u00f4 v\u00e0o n\u0103m 1981 v\u00e0 k\u1ec3 t\u1eeb \u0111\u00f3 \u0111\u00e3 \u0111\u01b0\u1ee3c xu\u1ea5t kh\u1ea9u r\u1ed9ng r\u00e3i sang c\u00e1c n\u01b0\u1edbc kh\u00e1c.<\/p>\n<p>\ud83d\udeab QUAN TR\u1eccNG!<\/p>\n<p>T\u00ean s\u1ea3n ph\u1ea9m: Sukhoi Su-25 Frogfoot<\/p>\n<p>Th\u1ec3 lo\u1ea1i: Qu\u00e2n s\u1ef1<\/p>\n<p>B\u1ed9 n\u00e0y ch\u1ee9a: MOC-67589<\/p>\n<p>900 vi\u00ean g\u1ea1ch ch\u1ea5t l\u01b0\u1ee3ng t\u1ed1t<\/p>\n<p>Tr\u1ecdng l\u01b0\u1ee3ng: 900g<\/p>\n<p>H\u01b0\u1edbng d\u1eabn PDF<\/p>\n<p>\ud83d\udcccB\u1ea3n ch\u1ea5t c\u1ee7a nh\u00e2n v\u1eadt ch\u00ednh<\/p>\n<p>Xin gi\u1edbi thi\u1ec7u b\u1ed9 s\u01b0u t\u1eadp \u0111\u00e1ng t\u1ef1 h\u00e0o c\u1ee7a ch\u00fang t\u00f4i mang t\u00ean \u201cSukhoi Su-25 Frogfoot\u201d m\u00e0 b\u1ea1n kh\u00f4ng n\u00ean b\u1ecf l\u1ee1.<\/p>\n<p>Su-25 l\u00e0 m\u00e1y bay ph\u1ea3n l\u1ef1c hai \u0111\u1ed9ng c\u01a1 v\u1edbi c\u00e1nh th\u1eb3ng v\u00e0 ph\u1ea7n m\u0169i &quot;m\u1ecf v\u1ecbt&quot; \u0111\u1eb7c bi\u1ec7t, n\u01a1i ch\u1ee9a c\u00e1c h\u1ec7 th\u1ed1ng c\u1ea3m bi\u1ebfn v\u00e0 v\u0169 kh\u00ed c\u1ee7a m\u00e1y bay. N\u00f3 \u0111\u01b0\u1ee3c b\u1ecdc th\u00e9p ch\u1eafc ch\u1eafn v\u00e0 c\u00f3 th\u1ec3 ch\u1ecbu \u0111\u01b0\u1ee3c s\u00e1t th\u01b0\u01a1ng \u0111\u00e1ng k\u1ec3 trong chi\u1ebfn \u0111\u1ea5u, khi\u1ebfn n\u00f3 tr\u1edf th\u00e0nh l\u1ef1a ch\u1ecdn ph\u1ed5 bi\u1ebfn cho c\u00e1c nhi\u1ec7m v\u1ee5 h\u1ed7 tr\u1ee3 tr\u00ean kh\u00f4ng t\u1ea7m g\u1ea7n. Su-25 \u0111\u01b0\u1ee3c trang b\u1ecb nhi\u1ec1u lo\u1ea1i v\u0169 kh\u00ed, bao g\u1ed3m ph\u00e1o 30 mm, t\u00ean l\u1eeda v\u00e0 bom. N\u00f3 c\u00f3 th\u1ec3 mang t\u1edbi 8.800 pound \u0111\u1ea1n d\u01b0\u1ee3c v\u00e0 c\u00f3 th\u1ec3 t\u1ea5n c\u00f4ng c\u00e1c m\u1ee5c ti\u00eau \u1edf kho\u1ea3ng c\u00e1ch l\u00ean t\u1edbi 6 d\u1eb7m. Su-25 \u0111\u00e3 \u0111\u01b0\u1ee3c s\u1eed d\u1ee5ng trong m\u1ed9t s\u1ed1 cu\u1ed9c xung \u0111\u1ed9t tr\u00ean kh\u1eafp th\u1ebf gi\u1edbi, bao g\u1ed3m Chi\u1ebfn tranh Li\u00ean X\u00f4-Afghanistan, Chi\u1ebfn tranh Iran-Iraq v\u00e0 c\u00e1c cu\u1ed9c xung \u0111\u1ed9t \u1edf Chechnya v\u00e0 Ukraine. Chi\u1ebfc m\u00e1y bay n\u00e0y \u0111\u00e3 \u0111\u01b0\u1ee3c ca ng\u1ee3i v\u1ec1 \u0111\u1ed9 b\u1ec1n v\u00e0 t\u00ednh hi\u1ec7u qu\u1ea3 trong c\u00e1c nhi\u1ec7m v\u1ee5 t\u1ea5n c\u00f4ng m\u1eb7t \u0111\u1ea5t, v\u00e0 n\u00f3 v\u1eabn \u0111ang ph\u1ee5c v\u1ee5 trong m\u1ed9t s\u1ed1 l\u1ef1c l\u01b0\u1ee3ng kh\u00f4ng qu\u00e2n tr\u00ean kh\u1eafp th\u1ebf gi\u1edbi.<\/p><\/div>","protected":false},"excerpt":{"rendered":"<p>Th\u01b0\u01a1ng hi\u1ec7u: Nh\u00e0 m\u00e1y M\u1ed8C<br \/>\nGi\u1edbi t\u00ednh: Unisex<br \/>\n\u0110\u1ed9 tu\u1ed5i: &gt; 12 tu\u1ed5i<br \/>\nS\u1ed1 m\u00f4 h\u00ecnh: 67589<br \/>\nPh\u00e2n lo\u1ea1i: T\u1eadp h\u1ee3p<br \/>\nH\u00ecnh d\u1ea1ng kh\u1ed1i nh\u1ef1a: G\u1ea1ch t\u1ef1 kh\u00f3a<br \/>\nCh\u1ea5t li\u1ec7u: Nh\u1ef1a<br \/>\nLo\u1ea1i nh\u1ef1a: ABS<br \/>\nKh\u1ed1i g\u1ea1ch: 900 +<br \/>\nS\u1eafp x\u1ebfp th\u1eddi gian: 4-8 tu\u1ea7n<\/p>","protected":false},"featured_media":42676,"comment_status":"open","ping_status":"closed","template":"","meta":{"_acf_changed":false},"product_cat":[1350,1357,372,364],"product_tag":[5271,374,389],"class_list":["product","first","instock","shipping-taxable","purchasable","product-type-simple"],"acf":[],"_links":{"self":[{"href":"https:\/\/mouldking.store\/vi\/wp-json\/wp\/v2\/product\/42682","targetHints":{"allow":["GET"]}}],"collection":[{"href":"https:\/\/mouldking.store\/vi\/wp-json\/wp\/v2\/product"}],"about":[{"href":"https:\/\/mouldking.store\/vi\/wp-json\/wp\/v2\/types\/product"}],"replies":[{"embeddable":true,"href":"https:\/\/mouldking.store\/vi\/wp-json\/wp\/v2\/comments?post=42682"}],"wp:featuredmedia":[{"embeddable":true,"href":"https:\/\/mouldking.store\/vi\/wp-json\/wp\/v2\/media\/42676"}],"wp:attachment":[{"href":"https:\/\/mouldking.store\/vi\/wp-json\/wp\/v2\/media?parent=42682"}],"wp:term":[{"taxonomy":"product_cat","embeddable":true,"href":"https:\/\/mouldking.store\/vi\/wp-json\/wp\/v2\/product_cat?post=42682"},{"taxonomy":"product_tag","embeddable":true,"href":"https:\/\/mouldking.store\/vi\/wp-json\/wp\/v2\/product_tag?post=42682"}],"curies":[{"name":"wp","href":"https:\/\/api.w.org\/{rel}","templated":true}]}}