{"id":42698,"date":"2023-03-06T12:25:06","date_gmt":"2023-03-06T05:25:06","guid":{"rendered":"https:\/\/mouldking.store\/shop\/moc-factory-138317-death-star-detention-block-diorama-with-2084-pieces\/"},"modified":"2025-12-16T22:25:11","modified_gmt":"2025-12-16T15:25:11","slug":"moc-factory-138317-death-star-detention-block-diorama-with-2084-pieces","status":"publish","type":"product","link":"https:\/\/mouldking.store\/vi\/shop\/moc-factory-138317-death-star-detention-block-diorama-with-2084-pieces\/","title":{"rendered":"Nh\u00e0 m\u00e1y MOC 138317 Kh\u1ed1i ng\u0103n gi\u1eef ng\u00f4i sao ch\u1ebft Diorama v\u1edbi 2084 m\u1ea3nh gh\u00e9p"},"content":{"rendered":"<div>\u2705 MOC-138317 Kh\u1ed1i ng\u0103n gi\u1eef Death Star Diorama<\/p>\n<p>\u2705Khung giam gi\u1eef Death Star Diorama l\u00e0 m\u1ed9t v\u1eadt ph\u1ea9m s\u01b0u t\u1eadp ph\u1ed5 bi\u1ebfn d\u1ef1a tr\u00ean c\u1ea3nh t\u01b0\u1ee3ng mang t\u00ednh bi\u1ec3u t\u01b0\u1ee3ng trong b\u1ed9 phim n\u0103m 1977 \u201cChi\u1ebfn tranh gi\u1eefa c\u00e1c v\u00ec sao: Ph\u1ea7n IV \u2013 M\u1ed9t ni\u1ec1m hy v\u1ecdng m\u1edbi\u201d. Trong c\u1ea3nh n\u00e0y, c\u00e1c nh\u00e2n v\u1eadt Luke Skywalker, Han Solo v\u00e0 Chewbacca th\u00e2m nh\u1eadp v\u00e0o tr\u1ea1m v\u0169 tr\u1ee5 Death Star nh\u1eb1m gi\u1ea3i c\u1ee9u C\u00f4ng ch\u00faa Leia, ng\u01b0\u1eddi \u0111ang b\u1ecb giam gi\u1eef trong m\u1ed9t khu giam gi\u1eef.<\/p>\n<p>\ud83d\udeab QUAN TR\u1eccNG!<\/p>\n<p>T\u00ean s\u1ea3n ph\u1ea9m: Death Star Detention Block Diorama<\/p>\n<p>Th\u1ec3 lo\u1ea1i: Chi\u1ebfn tranh gi\u1eefa c\u00e1c v\u00ec sao<\/p>\n<p>B\u1ed9 c\u00f4ng c\u1ee5 n\u00e0y ch\u1ee9a: MOC-138317<\/p>\n<p>2084 chi\u1ebfc G\u1ea1ch ch\u1ea5t l\u01b0\u1ee3ng t\u1ed1t<\/p>\n<p>K\u00edch th\u01b0\u1edbc: R\u1ed9ng 21 cm \/ d\u00e0i 33 cm \/ cao 12 cm<\/p>\n<p>H\u01b0\u1edbng d\u1eabn PDF<\/p>\n<p>\ud83d\udcccB\u1ea3n ch\u1ea5t c\u1ee7a nh\u00e2n v\u1eadt ch\u00ednh<\/p>\n<p>Xin gi\u1edbi thi\u1ec7u b\u1ed9 s\u01b0u t\u1eadp \u0111\u00e1ng t\u1ef1 h\u00e0o c\u1ee7a ch\u00fang t\u00f4i c\u00f3 t\u00ean \u201cDioramas Kh\u1ed1i giam gi\u1eef Ng\u00f4i sao T\u1eed th\u1ea7n\u201d m\u00e0 b\u1ea1n kh\u00f4ng n\u00ean b\u1ecf l\u1ee1.<\/p>\n<p>M\u00f4 h\u00ecnh t\u1ea7m s\u00e2u th\u01b0\u1eddng bao g\u1ed3m m\u1ed9t m\u00f4 h\u00ecnh thu nh\u1ecf chi ti\u1ebft c\u1ee7a khu v\u1ef1c giam gi\u1eef, ho\u00e0n ch\u1ec9nh v\u1edbi c\u00e1c b\u1ee9c t\u01b0\u1eddng, s\u00e0n nh\u00e0 v\u00e0 c\u00e1c \u0111\u1eb7c \u0111i\u1ec3m ki\u1ebfn tr\u00fac kh\u00e1c g\u1ea7n gi\u1ed1ng v\u1edbi b\u1ed1i c\u1ea3nh trong phim. N\u00f3 c\u0169ng bao g\u1ed3m c\u00e1c h\u00ecnh thu nh\u1ecf c\u1ee7a c\u00e1c nh\u00e2n v\u1eadt tham gia v\u00e0o c\u1ea3nh, c\u0169ng nh\u01b0 c\u00e1c ph\u1ee5 ki\u1ec7n kh\u00e1c nh\u01b0 v\u0169 kh\u00ed, b\u1ea3ng \u0111i\u1ec1u khi\u1ec3n v\u00e0 c\u00e1c chi ti\u1ebft kh\u00e1c. Khu nh\u00e0 giam Death Star Diorama l\u00e0 m\u1ed9t v\u1eadt ph\u1ea9m ph\u1ed5 bi\u1ebfn trong s\u1ed1 nh\u1eefng ng\u01b0\u1eddi s\u01b0u t\u1eadp k\u1ef7 v\u1eadt Chi\u1ebfn tranh gi\u1eefa c\u00e1c v\u00ec sao, v\u00ec n\u00f3 cho ph\u00e9p ng\u01b0\u1eddi h\u00e2m m\u1ed9 t\u00e1i t\u1ea1o m\u1ed9t trong nh\u1eefng c\u1ea3nh \u0111\u00e1ng nh\u1edb nh\u1ea5t t\u1eeb b\u1ed9 phim g\u1ed1c. N\u00f3 th\u01b0\u1eddng \u0111\u01b0\u1ee3c b\u00e1n d\u01b0\u1edbi d\u1ea1ng m\u1ed9t m\u1eb7t h\u00e0ng phi\u00ean b\u1ea3n gi\u1edbi h\u1ea1n, ch\u1ec9 c\u00f3 m\u1ed9t s\u1ed1 l\u01b0\u1ee3ng nh\u1ea5t \u0111\u1ecbnh \u0111\u01b0\u1ee3c s\u1ea3n xu\u1ea5t, khi\u1ebfn n\u00f3 tr\u1edf th\u00e0nh m\u1ed9t m\u1eb7t h\u00e0ng c\u00f3 gi\u00e1 tr\u1ecb v\u00e0 \u0111\u01b0\u1ee3c s\u0103n l\u00f9ng r\u00e1o ri\u1ebft.<\/p><\/div>","protected":false},"excerpt":{"rendered":"<p>Th\u01b0\u01a1ng hi\u1ec7u: Nh\u00e0 m\u00e1y M\u1ed8C<br \/>\nGi\u1edbi t\u00ednh: Unisex<br \/>\n\u0110\u1ed9 tu\u1ed5i: &gt; 12 tu\u1ed5i<br \/>\nS\u1ed1 m\u00f4 h\u00ecnh: 138317<br \/>\nPh\u00e2n lo\u1ea1i: T\u1eadp h\u1ee3p<br \/>\nH\u00ecnh d\u1ea1ng kh\u1ed1i nh\u1ef1a: G\u1ea1ch t\u1ef1 kh\u00f3a<br \/>\nCh\u1ea5t li\u1ec7u: Nh\u1ef1a<br \/>\nLo\u1ea1i nh\u1ef1a: ABS<br \/>\nKh\u1ed1i g\u1ea1ch: 2084 +<br \/>\nS\u1eafp x\u1ebfp th\u1eddi gian: 4-8 tu\u1ea7n<\/p>","protected":false},"author":83,"featured_media":42697,"comment_status":"open","ping_status":"closed","template":"","meta":{"_acf_changed":false},"product_cat":[1395,390,581,415,1408],"product_tag":[11500,8784,392,434,436],"class_list":["product","first","instock","shipping-taxable","purchasable","product-type-simple"],"acf":[],"_links":{"self":[{"href":"https:\/\/mouldking.store\/vi\/wp-json\/wp\/v2\/product\/42698","targetHints":{"allow":["GET"]}}],"collection":[{"href":"https:\/\/mouldking.store\/vi\/wp-json\/wp\/v2\/product"}],"about":[{"href":"https:\/\/mouldking.store\/vi\/wp-json\/wp\/v2\/types\/product"}],"author":[{"embeddable":true,"href":"https:\/\/mouldking.store\/vi\/wp-json\/wp\/v2\/users\/83"}],"replies":[{"embeddable":true,"href":"https:\/\/mouldking.store\/vi\/wp-json\/wp\/v2\/comments?post=42698"}],"wp:featuredmedia":[{"embeddable":true,"href":"https:\/\/mouldking.store\/vi\/wp-json\/wp\/v2\/media\/42697"}],"wp:attachment":[{"href":"https:\/\/mouldking.store\/vi\/wp-json\/wp\/v2\/media?parent=42698"}],"wp:term":[{"taxonomy":"product_cat","embeddable":true,"href":"https:\/\/mouldking.store\/vi\/wp-json\/wp\/v2\/product_cat?post=42698"},{"taxonomy":"product_tag","embeddable":true,"href":"https:\/\/mouldking.store\/vi\/wp-json\/wp\/v2\/product_tag?post=42698"}],"curies":[{"name":"wp","href":"https:\/\/api.w.org\/{rel}","templated":true}]}}