{"id":42715,"date":"2023-03-08T09:32:14","date_gmt":"2023-03-08T02:32:14","guid":{"rendered":"https:\/\/mouldking.store\/shop\/mj-13017-harry-potter-magic-train-with-929-pieces\/"},"modified":"2023-03-08T09:32:14","modified_gmt":"2023-03-08T02:32:14","slug":"mj-13017-harry-potter-magic-train-with-929-pieces","status":"publish","type":"product","link":"https:\/\/mouldking.store\/vi\/shop\/mj-13017-harry-potter-magic-train-with-929-pieces\/","title":{"rendered":"MJ 13017 Chuy\u1ebfn t\u00e0u ma thu\u1eadt Harry Potter v\u1edbi 929 m\u1ea3nh gh\u00e9p"},"content":{"rendered":"<div>\u2705 Chuy\u1ebfn t\u00e0u ma thu\u1eadt Harry Potter MJI 13017<br \/>&nbsp;<br \/>\u2705Chuy\u1ebfn T\u00e0u Ma Thu\u1eadt Harry Potter hay c\u00f2n g\u1ecdi l\u00e0 T\u00e0u T\u1ed1c H\u00e0nh Hogwarts, l\u00e0 m\u1ed9t \u0111\u1ea7u m\u00e1y h\u01a1i n\u01b0\u1edbc h\u01b0 c\u1ea5u trong lo\u1ea1t ti\u1ec3u thuy\u1ebft v\u00e0 phim Harry Potter. T\u00e0u ch\u1ea1y gi\u1eefa Ga King&#039;s Cross \u1edf London v\u00e0 Ga Hogsmeade g\u1ea7n Tr\u01b0\u1eddng Ph\u00f9 th\u1ee7y v\u00e0 Ph\u00e1p s\u01b0 Hogwarts.<br \/>&nbsp;<br \/>\ud83d\udeab QUAN TR\u1eccNG!&nbsp;<br \/>&nbsp;<br \/>T\u00ean s\u1ea3n ph\u1ea9m: Chuy\u1ebfn t\u00e0u ma thu\u1eadt Harry Potter<br \/>&nbsp;<br \/>Th\u1ec3 lo\u1ea1i: Phim<br \/>&nbsp;<br \/>B\u1ed9 n\u00e0y ch\u1ee9a: MJI 13017<br \/>&nbsp;<br \/>929 chi\u1ebfc G\u1ea1ch ch\u1ea5t l\u01b0\u1ee3ng t\u1ed1t&nbsp;<br \/>&nbsp;<br \/>H\u01b0\u1edbng d\u1eabn th\u1ee7 c\u00f4ng&nbsp;<br \/>&nbsp;<br \/>\ud83d\udcccB\u1ea3n ch\u1ea5t c\u1ee7a nh\u00e2n v\u1eadt ch\u00ednh&nbsp;<br \/>&nbsp;<br \/>Xin gi\u1edbi thi\u1ec7u b\u1ed9 s\u01b0u t\u1eadp \u0111\u00e1ng t\u1ef1 h\u00e0o c\u1ee7a ch\u00fang t\u00f4i mang t\u00ean \u201cChuy\u1ebfn t\u00e0u ma thu\u1eadt c\u1ee7a Harry Potter\u201d m\u00e0 b\u1ea1n kh\u00f4ng n\u00ean b\u1ecf l\u1ee1.&nbsp;<\/p>\n<p>Trong c\u00e2u chuy\u1ec7n, Hogwarts Express \u0111\u01b0\u1ee3c c\u00e1c ph\u00f9 th\u1ee7y v\u00e0 ph\u00e1p s\u01b0 tr\u1ebb tu\u1ed5i s\u1eed d\u1ee5ng \u0111\u1ec3 \u0111\u1ebfn tr\u01b0\u1eddng Hogwarts v\u00e0o \u0111\u1ea7u m\u1ed7i n\u0103m h\u1ecdc. Chuy\u1ebfn t\u00e0u l\u00e0 m\u1ed9t ph\u1ea7n quan tr\u1ecdng trong th\u1ebf gi\u1edbi ph\u00e9p thu\u1eadt c\u1ee7a Harry Potter, v\u00ec n\u00f3 cung c\u1ea5p m\u1ed9t c\u00e1ch \u0111\u1ec3 h\u1ecdc sinh \u0111\u1ebfn Hogwarts theo phong c\u00e1ch ri\u00eang v\u00e0 b\u1eaft \u0111\u1ea7u h\u1ecdc ph\u00e9p thu\u1eadt.<\/p><\/div>","protected":false},"excerpt":{"rendered":"<p>Th\u01b0\u01a1ng hi\u1ec7u: MJ<br \/>\nGi\u1edbi t\u00ednh: Unisex<br \/>\n\u0110\u1ed9 tu\u1ed5i: &gt; 12 tu\u1ed5i<br \/>\nS\u1ed1 m\u00f4 h\u00ecnh: 13017<br \/>\nPh\u00e2n lo\u1ea1i: T\u1eadp h\u1ee3p<br \/>\nH\u00ecnh d\u1ea1ng kh\u1ed1i nh\u1ef1a: G\u1ea1ch t\u1ef1 kh\u00f3a<br \/>\nCh\u1ea5t li\u1ec7u: Nh\u1ef1a<br \/>\nLo\u1ea1i nh\u1ef1a: ABS<br \/>\nKh\u1ed1i g\u1ea1ch: 929 +<br \/>\nKh\u00f4ng c\u00f3 h\u1ed9p ban \u0111\u1ea7u<\/p>","protected":false},"featured_media":42712,"comment_status":"open","ping_status":"closed","template":"","meta":{"_acf_changed":false},"product_cat":[1365,1357,371,581,364,1408],"product_tag":[11072,8452,5724,8858,434,389,300],"class_list":["product","first","instock","shipping-taxable","purchasable","product-type-simple"],"acf":[],"_links":{"self":[{"href":"https:\/\/mouldking.store\/vi\/wp-json\/wp\/v2\/product\/42715","targetHints":{"allow":["GET"]}}],"collection":[{"href":"https:\/\/mouldking.store\/vi\/wp-json\/wp\/v2\/product"}],"about":[{"href":"https:\/\/mouldking.store\/vi\/wp-json\/wp\/v2\/types\/product"}],"replies":[{"embeddable":true,"href":"https:\/\/mouldking.store\/vi\/wp-json\/wp\/v2\/comments?post=42715"}],"wp:featuredmedia":[{"embeddable":true,"href":"https:\/\/mouldking.store\/vi\/wp-json\/wp\/v2\/media\/42712"}],"wp:attachment":[{"href":"https:\/\/mouldking.store\/vi\/wp-json\/wp\/v2\/media?parent=42715"}],"wp:term":[{"taxonomy":"product_cat","embeddable":true,"href":"https:\/\/mouldking.store\/vi\/wp-json\/wp\/v2\/product_cat?post=42715"},{"taxonomy":"product_tag","embeddable":true,"href":"https:\/\/mouldking.store\/vi\/wp-json\/wp\/v2\/product_tag?post=42715"}],"curies":[{"name":"wp","href":"https:\/\/api.w.org\/{rel}","templated":true}]}}