{"id":42746,"date":"2023-03-09T18:10:33","date_gmt":"2023-03-09T11:10:33","guid":{"rendered":"https:\/\/mouldking.store\/shop\/panlosbrick-890006-rilakkuma-little-yellow-chicken-green-with-119-pieces\/"},"modified":"2023-03-09T18:10:33","modified_gmt":"2023-03-09T11:10:33","slug":"panlosbrick-890006-rilakkuma-little-yellow-chicken-green-with-119-pieces","status":"publish","type":"product","link":"https:\/\/mouldking.store\/vi\/shop\/panlosbrick-890006-rilakkuma-little-yellow-chicken-green-with-119-pieces\/","title":{"rendered":"PANLOSBRICK 890006 Rilakkuma: Little Yellow Chicken \u2013 Green with 119 Pieces"},"content":{"rendered":"<div>\u2705 Inbrixx 890006 Rilakkuma: Little Yellow Chicken \u2013 Green<br \/>&nbsp;<br \/>\u2705Rilakkuma: Little Yellow Chicken-Qingqing thu\u1ed9c series ch\u1ee7 \u0111\u1ec1 c\u1ee7a b\u1ed9 kh\u1ed1i x\u00e2y d\u1ef1ng, tr\u1ecdn b\u1ed9 g\u1ed3m 119 h\u1ea1t kh\u1ed1i x\u00e2y d\u1ef1ng. B\u1ea3n ph\u00e1t h\u00e0nh \u0111\u1ea7u ti\u00ean v\u00e0o n\u0103m 2023.<br \/>&nbsp;<br \/>\ud83d\udeab QUAN TR\u1eccNG!&nbsp;<br \/>&nbsp;<br \/>T\u00ean s\u1ea3n ph\u1ea9m: Rilakkuma: Little Yellow Chicken \u2013 Green<br \/>&nbsp;<br \/>Th\u1ec3 lo\u1ea1i: Ng\u01b0\u1eddi s\u00e1ng t\u1ea1o&nbsp;<\/p>\n<p>&nbsp;B\u1ed9 n\u00e0y ch\u1ee9a: Inbrixx 890006<br \/>&nbsp;<br \/>119 vi\u00ean g\u1ea1ch ch\u1ea5t l\u01b0\u1ee3ng t\u1ed1t&nbsp;<br \/>&nbsp;<br \/>K\u00edch th\u01b0\u1edbc: 6,6 \u00d7 5 \u00d7 6,7 cm<br \/>&nbsp;<br \/>H\u01b0\u1edbng d\u1eabn th\u1ee7 c\u00f4ng&nbsp;<br \/>&nbsp;<br \/>\ud83d\udcccB\u1ea3n ch\u1ea5t c\u1ee7a nh\u00e2n v\u1eadt ch\u00ednh&nbsp;<br \/>&nbsp;<br \/>Xin gi\u1edbi thi\u1ec7u b\u1ed9 s\u01b0u t\u1eadp \u0111\u00e1ng t\u1ef1 h\u00e0o c\u1ee7a ch\u00fang t\u00f4i mang t\u00ean \u201cRilakkuma: Little Yellow Chicken \u2013 Green\u201d m\u00e0 b\u1ea1n kh\u00f4ng n\u00ean b\u1ecf l\u1ee1.&nbsp;<br \/>&nbsp;<br \/>Rilakkuma l\u00e0 m\u1ed9t nh\u00e2n v\u1eadt n\u1ed5i ti\u1ebfng \u1edf Nh\u1eadt B\u1ea3n, do San-X t\u1ea1o ra v\u00e0o n\u0103m 2003. Rilakkuma l\u00e0 m\u1ed9t ch\u00fa g\u1ea5u b\u00f4ng d\u1ec5 th\u01b0\u01a1ng, \u00e2u y\u1ebfm, th\u00edch th\u01b0 gi\u00e3n v\u00e0 tho\u1ea3i m\u00e1i. Anh \u1ea5y th\u01b0\u1eddng \u0111\u01b0\u1ee3c mi\u00eau t\u1ea3 l\u00e0 \u0111ang \u0111i lang thang, th\u01b0\u1edfng th\u1ee9c nh\u1eefng m\u00f3n \u0103n y\u00eau th\u00edch ho\u1eb7c d\u00e0nh th\u1eddi gian cho b\u1ea1n b\u00e8 Korilakkuma (m\u1ed9t con g\u1ea5u b\u00f4ng nh\u1ecf h\u01a1n, m\u00e0u tr\u1eafng) v\u00e0 Kiiroitori (m\u1ed9t con chim m\u00e0u v\u00e0ng l\u00e0m c\u00f4ng vi\u1ec7c qu\u1ea3n gia).<\/div>","protected":false},"excerpt":{"rendered":"<p>Th\u01b0\u01a1ng hi\u1ec7u: PANLOSBRICK<br \/>\nGi\u1edbi t\u00ednh: Unisex<br \/>\n\u0110\u1ed9 tu\u1ed5i: &gt; 6 tu\u1ed5i<br \/>\nS\u1ed1 m\u00f4 h\u00ecnh: 890006<br \/>\nPh\u00e2n lo\u1ea1i: T\u1eadp h\u1ee3p<br \/>\nH\u00ecnh d\u1ea1ng kh\u1ed1i nh\u1ef1a: G\u1ea1ch t\u1ef1 kh\u00f3a<br \/>\nCh\u1ea5t li\u1ec7u: Nh\u1ef1a<br \/>\nLo\u1ea1i nh\u1ef1a: ABS<br \/>\nKh\u1ed1i g\u1ea1ch: 119 +<br \/>\nb\u00e1n tr\u01b0\u1edbc<\/p>","protected":false},"featured_media":42745,"comment_status":"open","ping_status":"closed","template":"","meta":{"_acf_changed":false},"product_cat":[1365,371],"product_tag":[11503,11072,8452],"class_list":["product","first","instock","shipping-taxable","purchasable","product-type-simple"],"acf":[],"_links":{"self":[{"href":"https:\/\/mouldking.store\/vi\/wp-json\/wp\/v2\/product\/42746","targetHints":{"allow":["GET"]}}],"collection":[{"href":"https:\/\/mouldking.store\/vi\/wp-json\/wp\/v2\/product"}],"about":[{"href":"https:\/\/mouldking.store\/vi\/wp-json\/wp\/v2\/types\/product"}],"replies":[{"embeddable":true,"href":"https:\/\/mouldking.store\/vi\/wp-json\/wp\/v2\/comments?post=42746"}],"wp:featuredmedia":[{"embeddable":true,"href":"https:\/\/mouldking.store\/vi\/wp-json\/wp\/v2\/media\/42745"}],"wp:attachment":[{"href":"https:\/\/mouldking.store\/vi\/wp-json\/wp\/v2\/media?parent=42746"}],"wp:term":[{"taxonomy":"product_cat","embeddable":true,"href":"https:\/\/mouldking.store\/vi\/wp-json\/wp\/v2\/product_cat?post=42746"},{"taxonomy":"product_tag","embeddable":true,"href":"https:\/\/mouldking.store\/vi\/wp-json\/wp\/v2\/product_tag?post=42746"}],"curies":[{"name":"wp","href":"https:\/\/api.w.org\/{rel}","templated":true}]}}