{"id":42748,"date":"2023-03-09T18:19:19","date_gmt":"2023-03-09T11:19:19","guid":{"rendered":"https:\/\/mouldking.store\/shop\/panlosbrick-890005-rilakkuma-polar-bear-fanfen-with-148-pieces\/"},"modified":"2023-03-09T18:19:19","modified_gmt":"2023-03-09T11:19:19","slug":"panlosbrick-890005-rilakkuma-polar-bear-fanfen-with-148-pieces","status":"publish","type":"product","link":"https:\/\/mouldking.store\/vi\/shop\/panlosbrick-890005-rilakkuma-polar-bear-fanfen-with-148-pieces\/","title":{"rendered":"PANLOSBRICK 890005 Rilakkuma: G\u1ea5u B\u1eafc C\u1ef1c-Fanfen v\u1edbi 148 M\u1ea3nh gh\u00e9p"},"content":{"rendered":"<div>\u2705 Inbrixx 890005 Rilakkuma: Polar Bear-Fanfen<br \/>&nbsp;<br \/>\u2705Rilakkuma: Polar Bear-Fenfen belongs to the theme series series of building block sets, and the whole set contains 148 building block particles. First release in 2023.<br \/>&nbsp;<br \/>\ud83d\udeab QUAN TR\u1eccNG!&nbsp;<br \/>&nbsp;<br \/>Product Name: Rilakkuma: Polar Bear-Fanfen<br \/>&nbsp;<br \/>Th\u1ec3 lo\u1ea1i: Ng\u01b0\u1eddi s\u00e1ng t\u1ea1o&nbsp;<br \/>&nbsp;<br \/>This Kit Contains: Inbrixx 890005<br \/>&nbsp;<br \/>148 pcs Good Quality Bricks&nbsp;<br \/>&nbsp;<br \/>Size: 6.7 \u00d7 5.9 \u00d7 9.6 cm&nbsp;<br \/>&nbsp;<br \/>H\u01b0\u1edbng d\u1eabn th\u1ee7 c\u00f4ng&nbsp;<br \/>&nbsp;<br \/>\ud83d\udcccB\u1ea3n ch\u1ea5t c\u1ee7a nh\u00e2n v\u1eadt ch\u00ednh&nbsp;<br \/>&nbsp;<br \/>Introducing our proud collection named \u201cRilakkuma: Polar Bear-Fanfen\u201d you should not miss.&nbsp;<br \/>&nbsp;<br \/>Rilakkuma l\u00e0 m\u1ed9t nh\u00e2n v\u1eadt n\u1ed5i ti\u1ebfng \u1edf Nh\u1eadt B\u1ea3n, do San-X t\u1ea1o ra v\u00e0o n\u0103m 2003. Rilakkuma l\u00e0 m\u1ed9t ch\u00fa g\u1ea5u b\u00f4ng d\u1ec5 th\u01b0\u01a1ng, \u00e2u y\u1ebfm, th\u00edch th\u01b0 gi\u00e3n v\u00e0 tho\u1ea3i m\u00e1i. Anh \u1ea5y th\u01b0\u1eddng \u0111\u01b0\u1ee3c mi\u00eau t\u1ea3 l\u00e0 \u0111ang \u0111i lang thang, th\u01b0\u1edfng th\u1ee9c nh\u1eefng m\u00f3n \u0103n y\u00eau th\u00edch ho\u1eb7c d\u00e0nh th\u1eddi gian cho b\u1ea1n b\u00e8 Korilakkuma (m\u1ed9t con g\u1ea5u b\u00f4ng nh\u1ecf h\u01a1n, m\u00e0u tr\u1eafng) v\u00e0 Kiiroitori (m\u1ed9t con chim m\u00e0u v\u00e0ng l\u00e0m c\u00f4ng vi\u1ec7c qu\u1ea3n gia).<\/div>","protected":false},"excerpt":{"rendered":"<p>Th\u01b0\u01a1ng hi\u1ec7u: PANLOSBRICK<br \/>\nGi\u1edbi t\u00ednh: Unisex<br \/>\n\u0110\u1ed9 tu\u1ed5i: &gt; 6 tu\u1ed5i<br \/>\nModel Number: 890005<br \/>\nPh\u00e2n lo\u1ea1i: T\u1eadp h\u1ee3p<br \/>\nH\u00ecnh d\u1ea1ng kh\u1ed1i nh\u1ef1a: G\u1ea1ch t\u1ef1 kh\u00f3a<br \/>\nCh\u1ea5t li\u1ec7u: Nh\u1ef1a<br \/>\nLo\u1ea1i nh\u1ef1a: ABS<br \/>\nBricks Blocks: 148 +<br \/>\nb\u00e1n tr\u01b0\u1edbc<\/p>","protected":false},"featured_media":42747,"comment_status":"open","ping_status":"closed","template":"","meta":{"_acf_changed":false},"product_cat":[1365,371],"product_tag":[11072,8452,11504],"class_list":["product","first","instock","shipping-taxable","purchasable","product-type-simple"],"acf":[],"_links":{"self":[{"href":"https:\/\/mouldking.store\/vi\/wp-json\/wp\/v2\/product\/42748","targetHints":{"allow":["GET"]}}],"collection":[{"href":"https:\/\/mouldking.store\/vi\/wp-json\/wp\/v2\/product"}],"about":[{"href":"https:\/\/mouldking.store\/vi\/wp-json\/wp\/v2\/types\/product"}],"replies":[{"embeddable":true,"href":"https:\/\/mouldking.store\/vi\/wp-json\/wp\/v2\/comments?post=42748"}],"wp:featuredmedia":[{"embeddable":true,"href":"https:\/\/mouldking.store\/vi\/wp-json\/wp\/v2\/media\/42747"}],"wp:attachment":[{"href":"https:\/\/mouldking.store\/vi\/wp-json\/wp\/v2\/media?parent=42748"}],"wp:term":[{"taxonomy":"product_cat","embeddable":true,"href":"https:\/\/mouldking.store\/vi\/wp-json\/wp\/v2\/product_cat?post=42748"},{"taxonomy":"product_tag","embeddable":true,"href":"https:\/\/mouldking.store\/vi\/wp-json\/wp\/v2\/product_tag?post=42748"}],"curies":[{"name":"wp","href":"https:\/\/api.w.org\/{rel}","templated":true}]}}