{"id":42758,"date":"2023-03-09T18:45:28","date_gmt":"2023-03-09T11:45:28","guid":{"rendered":"https:\/\/mouldking.store\/shop\/zhegao-qj5183-kawasaki-motorcycle-with-888-pieces\/"},"modified":"2023-03-09T18:45:28","modified_gmt":"2023-03-09T11:45:28","slug":"zhegao-qj5183-kawasaki-motorcycle-with-888-pieces","status":"publish","type":"product","link":"https:\/\/mouldking.store\/vi\/shop\/zhegao-qj5183-kawasaki-motorcycle-with-888-pieces\/","title":{"rendered":"Xe m\u00e1y Kawasaki ZHEGAO QJ5183 v\u1edbi 888 m\u1ea3nh gh\u00e9p"},"content":{"rendered":"<div>\u2705 Xe m\u00f4 t\u00f4 Kawasaki ZHEGAO QJ5183<br \/>&nbsp;<br \/>\u2705Kawasaki l\u00e0 nh\u00e0 s\u1ea3n xu\u1ea5t xe m\u00e1y n\u1ed5i ti\u1ebfng c\u1ee7a Nh\u1eadt B\u1ea3n, s\u1ea3n xu\u1ea5t nhi\u1ec1u lo\u1ea1i xe m\u00e1y. \u0110\u01b0\u1ee3c th\u00e0nh l\u1eadp v\u00e0o n\u0103m 1896, Kawasaki \u0111\u00e3 s\u1ea3n xu\u1ea5t xe m\u00e1y t\u1eeb nh\u1eefng n\u0103m 1960 v\u00e0 \u0111\u01b0\u1ee3c bi\u1ebft \u0111\u1ebfn v\u1edbi \u0111\u1ed9ng c\u01a1 m\u1ea1nh m\u1ebd, c\u00f4ng ngh\u1ec7 ti\u00ean ti\u1ebfn v\u00e0 thi\u1ebft k\u1ebf th\u1eddi trang.<br \/>&nbsp;<br \/>\ud83d\udeab QUAN TR\u1eccNG!&nbsp;<br \/>&nbsp;<br \/>T\u00ean s\u1ea3n ph\u1ea9m: Xe m\u00e1y Kawasaki<br \/>&nbsp;<br \/>Danh m\u1ee5c: K\u1ef9 thu\u1eadt&nbsp;<br \/>&nbsp;<br \/>B\u1ed9 n\u00e0y ch\u1ee9a: ZHEGAO QJ5183&nbsp;<br \/>&nbsp;<br \/>888 chi\u1ebfc G\u1ea1ch ch\u1ea5t l\u01b0\u1ee3ng t\u1ed1t&nbsp;<br \/>&nbsp;<br \/>K\u00edch th\u01b0\u1edbc: 34,64 \u00d7 19,76 cm<br \/>&nbsp;<br \/>H\u01b0\u1edbng d\u1eabn th\u1ee7 c\u00f4ng&nbsp;<br \/>&nbsp;<br \/>\ud83d\udcccB\u1ea3n ch\u1ea5t c\u1ee7a nh\u00e2n v\u1eadt ch\u00ednh&nbsp;<br \/>&nbsp;<br \/>Xin gi\u1edbi thi\u1ec7u b\u1ed9 s\u01b0u t\u1eadp \u0111\u00e1ng t\u1ef1 h\u00e0o c\u1ee7a ch\u00fang t\u00f4i mang t\u00ean \u201cXe m\u00e1y Kawasaki\u201d m\u00e0 b\u1ea1n kh\u00f4ng n\u00ean b\u1ecf l\u1ee1.&nbsp;<br \/>&nbsp;<br \/>D\u00f2ng s\u1ea3n ph\u1ea9m m\u00f4 t\u00f4 c\u1ee7a Kawasaki bao g\u1ed3m xe \u0111\u1ea1p th\u1ec3 thao, xe du l\u1ecbch, xe cruiser v\u00e0 xe \u0111\u1ecba h\u00ecnh. M\u1ed9t s\u1ed1 m\u1eabu xe ph\u1ed5 bi\u1ebfn c\u1ee7a h\u1ecd bao g\u1ed3m Kawasaki Ninja, m\u1ed9t d\u00f2ng xe th\u1ec3 thao hi\u1ec7u su\u1ea5t cao, Kawasaki Vulcan, m\u1ed9t d\u00f2ng m\u00f4 t\u00f4 cruiser v\u00e0 Kawasaki KX, m\u1ed9t d\u00f2ng m\u00f4 t\u00f4 \u0111\u1ecba h\u00ecnh.<\/div>","protected":false},"excerpt":{"rendered":"<p>Th\u01b0\u01a1ng hi\u1ec7u: ZHEGAO<br \/>\nGi\u1edbi t\u00ednh: Unisex<br \/>\n\u0110\u1ed9 tu\u1ed5i: &gt; 6 tu\u1ed5i<br \/>\nS\u1ed1 m\u00f4 h\u00ecnh: QJ5183<br \/>\nPh\u00e2n lo\u1ea1i: T\u1eadp h\u1ee3p<br \/>\nH\u00ecnh d\u1ea1ng kh\u1ed1i nh\u1ef1a: G\u1ea1ch t\u1ef1 kh\u00f3a<br \/>\nCh\u1ea5t li\u1ec7u: Nh\u1ef1a<br \/>\nLo\u1ea1i nh\u1ef1a: ABS<br \/>\nKh\u1ed1i g\u1ea1ch: 888 +<br \/>\nb\u00e1n tr\u01b0\u1edbc<\/p>","protected":false},"author":83,"featured_media":42756,"comment_status":"open","ping_status":"closed","template":"","meta":{"_acf_changed":false},"product_cat":[1357,364],"product_tag":[7857,2449,389,11080],"class_list":["product","first","instock","shipping-taxable","purchasable","product-type-simple"],"acf":[],"_links":{"self":[{"href":"https:\/\/mouldking.store\/vi\/wp-json\/wp\/v2\/product\/42758","targetHints":{"allow":["GET"]}}],"collection":[{"href":"https:\/\/mouldking.store\/vi\/wp-json\/wp\/v2\/product"}],"about":[{"href":"https:\/\/mouldking.store\/vi\/wp-json\/wp\/v2\/types\/product"}],"author":[{"embeddable":true,"href":"https:\/\/mouldking.store\/vi\/wp-json\/wp\/v2\/users\/83"}],"replies":[{"embeddable":true,"href":"https:\/\/mouldking.store\/vi\/wp-json\/wp\/v2\/comments?post=42758"}],"wp:featuredmedia":[{"embeddable":true,"href":"https:\/\/mouldking.store\/vi\/wp-json\/wp\/v2\/media\/42756"}],"wp:attachment":[{"href":"https:\/\/mouldking.store\/vi\/wp-json\/wp\/v2\/media?parent=42758"}],"wp:term":[{"taxonomy":"product_cat","embeddable":true,"href":"https:\/\/mouldking.store\/vi\/wp-json\/wp\/v2\/product_cat?post=42758"},{"taxonomy":"product_tag","embeddable":true,"href":"https:\/\/mouldking.store\/vi\/wp-json\/wp\/v2\/product_tag?post=42758"}],"curies":[{"name":"wp","href":"https:\/\/api.w.org\/{rel}","templated":true}]}}