{"id":42761,"date":"2023-03-09T18:51:43","date_gmt":"2023-03-09T11:51:43","guid":{"rendered":"https:\/\/mouldking.store\/shop\/zhegao-qj5182-honda-cbr-with-811-pieces\/"},"modified":"2023-03-09T18:51:43","modified_gmt":"2023-03-09T11:51:43","slug":"zhegao-qj5182-honda-cbr-with-811-pieces","status":"publish","type":"product","link":"https:\/\/mouldking.store\/vi\/shop\/zhegao-qj5182-honda-cbr-with-811-pieces\/","title":{"rendered":"ZHEGAO QJ5182 Honda CBR v\u1edbi 811 mi\u1ebfng"},"content":{"rendered":"<div>\u2705 ZHEGAO QJ5182 Honda CBR<br \/>&nbsp;<br \/>\u2705Honda CBR l\u00e0 d\u00f2ng xe \u0111\u1ea1p th\u1ec3 thao ph\u1ed5 th\u00f4ng \u0111\u01b0\u1ee3c s\u1ea3n xu\u1ea5t b\u1edfi nh\u00e0 s\u1ea3n xu\u1ea5t Honda Nh\u1eadt B\u1ea3n. D\u00f2ng CBR \u0111\u01b0\u1ee3c gi\u1edbi thi\u1ec7u l\u1ea7n \u0111\u1ea7u ti\u00ean v\u00e0o n\u0103m 1987 v\u00e0 k\u1ec3 t\u1eeb \u0111\u00f3 \u0111\u00e3 tr\u1edf th\u00e0nh m\u1ed9t trong nh\u1eefng d\u00f2ng xe \u0111\u1ea1p th\u1ec3 thao \u0111\u01b0\u1ee3c c\u00f4ng nh\u1eadn v\u00e0 \u0111\u00e1nh gi\u00e1 cao nh\u1ea5t tr\u00ean th\u1ebf gi\u1edbi.<br \/>&nbsp;<br \/>\ud83d\udeab QUAN TR\u1eccNG!&nbsp;<br \/>&nbsp;<br \/>T\u00ean s\u1ea3n ph\u1ea9m: Honda CBR<br \/>&nbsp;<br \/>Danh m\u1ee5c: K\u1ef9 thu\u1eadt<\/p>\n<p>B\u1ed9 n\u00e0y bao g\u1ed3m: ZHEGAO QJ5182<br \/>&nbsp;<br \/>811 vi\u00ean g\u1ea1ch ch\u1ea5t l\u01b0\u1ee3ng t\u1ed1t&nbsp;<br \/>&nbsp;<br \/>K\u00edch th\u01b0\u1edbc: 33,76 \u00d7 21,4cm<br \/>&nbsp;<br \/>H\u01b0\u1edbng d\u1eabn th\u1ee7 c\u00f4ng&nbsp;<br \/>&nbsp;<br \/>\ud83d\udcccB\u1ea3n ch\u1ea5t c\u1ee7a nh\u00e2n v\u1eadt ch\u00ednh&nbsp;<br \/>&nbsp;<br \/>Gi\u1edbi thi\u1ec7u b\u1ed9 s\u01b0u t\u1eadp \u0111\u00e1ng t\u1ef1 h\u00e0o c\u1ee7a ch\u00fang t\u00f4i mang t\u00ean \u201cHonda CBR\u201d m\u00e0 b\u1ea1n kh\u00f4ng n\u00ean b\u1ecf l\u1ee1.&nbsp;<br \/>&nbsp;<br \/>D\u00f2ng CBR bao g\u1ed3m m\u1ed9t lo\u1ea1t c\u00e1c m\u1eabu xe v\u1edbi c\u00e1c k\u00edch c\u1ee1 v\u00e0 c\u1ea5u h\u00ecnh \u0111\u1ed9ng c\u01a1 kh\u00e1c nhau, ch\u1eb3ng h\u1ea1n nh\u01b0 CBR600RR, CBR650R, CBR1000RR v\u00e0 CBR1100XX. Nh\u1eefng chi\u1ebfc xe m\u00e1y n\u00e0y \u0111\u01b0\u1ee3c bi\u1ebft \u0111\u1ebfn v\u1edbi \u0111\u1ed9ng c\u01a1 m\u1ea1nh m\u1ebd, kh\u1ea3 n\u0103ng x\u1eed l\u00fd linh ho\u1ea1t v\u00e0 c\u00f4ng ngh\u1ec7 ti\u00ean ti\u1ebfn, ch\u1eb3ng h\u1ea1n nh\u01b0 h\u1ec7 th\u1ed1ng Ki\u1ec3m so\u00e1t m\u00f4-men xo\u1eafn c\u00f3 th\u1ec3 l\u1ef1a ch\u1ecdn c\u1ee7a Honda (HSTC), gi\u00fap ng\u0103n tr\u01b0\u1ee3t b\u00e1nh sau khi t\u0103ng t\u1ed1c.<\/div>","protected":false},"excerpt":{"rendered":"<p>Th\u01b0\u01a1ng hi\u1ec7u: ZHEGAO<br \/>\nGi\u1edbi t\u00ednh: Unisex<br \/>\n\u0110\u1ed9 tu\u1ed5i: &gt; 6 tu\u1ed5i<br \/>\nS\u1ed1 m\u00f4 h\u00ecnh: QJ5182<br \/>\nPh\u00e2n lo\u1ea1i: T\u1eadp h\u1ee3p<br \/>\nH\u00ecnh d\u1ea1ng kh\u1ed1i nh\u1ef1a: G\u1ea1ch t\u1ef1 kh\u00f3a<br \/>\nCh\u1ea5t li\u1ec7u: Nh\u1ef1a<br \/>\nLo\u1ea1i nh\u1ef1a: ABS<br \/>\nKh\u1ed1i g\u1ea1ch: 811 +<br \/>\nb\u00e1n tr\u01b0\u1edbc<\/p>","protected":false},"featured_media":42759,"comment_status":"open","ping_status":"closed","template":"","meta":{"_acf_changed":false},"product_cat":[1357,364],"product_tag":[9118,2449,389,11080],"class_list":["product","first","instock","shipping-taxable","purchasable","product-type-simple"],"acf":[],"_links":{"self":[{"href":"https:\/\/mouldking.store\/vi\/wp-json\/wp\/v2\/product\/42761","targetHints":{"allow":["GET"]}}],"collection":[{"href":"https:\/\/mouldking.store\/vi\/wp-json\/wp\/v2\/product"}],"about":[{"href":"https:\/\/mouldking.store\/vi\/wp-json\/wp\/v2\/types\/product"}],"replies":[{"embeddable":true,"href":"https:\/\/mouldking.store\/vi\/wp-json\/wp\/v2\/comments?post=42761"}],"wp:featuredmedia":[{"embeddable":true,"href":"https:\/\/mouldking.store\/vi\/wp-json\/wp\/v2\/media\/42759"}],"wp:attachment":[{"href":"https:\/\/mouldking.store\/vi\/wp-json\/wp\/v2\/media?parent=42761"}],"wp:term":[{"taxonomy":"product_cat","embeddable":true,"href":"https:\/\/mouldking.store\/vi\/wp-json\/wp\/v2\/product_cat?post=42761"},{"taxonomy":"product_tag","embeddable":true,"href":"https:\/\/mouldking.store\/vi\/wp-json\/wp\/v2\/product_tag?post=42761"}],"curies":[{"name":"wp","href":"https:\/\/api.w.org\/{rel}","templated":true}]}}