{"id":42778,"date":"2023-03-10T15:32:39","date_gmt":"2023-03-10T08:32:39","guid":{"rendered":"https:\/\/mouldking.store\/shop\/moc-factory-38624-paths-of-the-dead-with-2706-pieces\/"},"modified":"2025-12-16T22:25:11","modified_gmt":"2025-12-16T15:25:11","slug":"moc-factory-38624-paths-of-the-dead-with-2706-pieces","status":"publish","type":"product","link":"https:\/\/mouldking.store\/vi\/shop\/moc-factory-38624-paths-of-the-dead-with-2706-pieces\/","title":{"rendered":"MOC Factory 38624 Con \u0111\u01b0\u1eddng T\u1eed th\u1ea7n v\u1edbi 2706 M\u1ea3nh gh\u00e9p"},"content":{"rendered":"<div>\u2705 MOC-38624 Con \u0111\u01b0\u1eddng c\u1ee7a ng\u01b0\u1eddi ch\u1ebft<\/p>\n<p>\u2705The Paths of the Dead l\u00e0 m\u1ed9t \u0111\u1ecba \u0111i\u1ec3m h\u01b0 c\u1ea5u trong huy\u1ec1n tho\u1ea1i Trung \u0111\u1ecba c\u1ee7a JRR Tolkien. \u0110\u00f3 l\u00e0 m\u1ed9t l\u1ed1i \u0111i b\u1ecb ma \u00e1m d\u1eabn qua D\u00e3y n\u00fai Tr\u1eafng, n\u1eb1m \u1edf v\u00f9ng Gondor.<\/p>\n<p>\ud83d\udeab QUAN TR\u1eccNG!<\/p>\n<p>T\u00ean s\u1ea3n ph\u1ea9m: Con \u0111\u01b0\u1eddng c\u1ee7a ng\u01b0\u1eddi ch\u1ebft<\/p>\n<p>Th\u1ec3 lo\u1ea1i: Phim<\/p>\n<p>B\u1ed9 n\u00e0y ch\u1ee9a: MOC-38624&nbsp;<\/p>\n<p>2706 chi\u1ebfc G\u1ea1ch ch\u1ea5t l\u01b0\u1ee3ng t\u1ed1t<\/p>\n<p>K\u00edch th\u01b0\u1edbc: r\u1ed9ng 70.3 cm d\u00e0i 41.6 cm cao 23 cm<\/p>\n<p>H\u01b0\u1edbng d\u1eabn PDF<\/p>\n<p>\ud83d\udcccB\u1ea3n ch\u1ea5t c\u1ee7a nh\u00e2n v\u1eadt ch\u00ednh<\/p>\n<p>Xin gi\u1edbi thi\u1ec7u b\u1ed9 s\u01b0u t\u1eadp \u0111\u00e1ng t\u1ef1 h\u00e0o c\u1ee7a ch\u00fang t\u00f4i mang t\u00ean \u201cNh\u1eefng con \u0111\u01b0\u1eddng c\u1ee7a ng\u01b0\u1eddi ch\u1ebft\u201d m\u00e0 b\u1ea1n kh\u00f4ng n\u00ean b\u1ecf l\u1ee1.<\/p>\n<p>Nh\u1eefng Con \u0110\u01b0\u1eddng C\u1ee7a Ng\u01b0\u1eddi Ch\u1ebft t\u1eebng l\u00e0 l\u1ed1i \u0111i \u0111\u01b0\u1ee3c s\u1eed d\u1ee5ng b\u1edfi Ng\u01b0\u1eddi c\u1ee7a V\u00f9ng N\u00fai, nh\u1eefng ng\u01b0\u1eddi \u0111\u00e3 cam k\u1ebft trung th\u00e0nh v\u1edbi Isildur, V\u1ecb Vua T\u1ed1i Cao c\u1ee7a Gondor. Tuy nhi\u00ean, trong Cu\u1ed9c chi\u1ebfn c\u1ee7a Li\u00ean minh Cu\u1ed1i c\u00f9ng, nh\u1eefng Ng\u01b0\u1eddi \u0111\u00e0n \u00f4ng c\u1ee7a D\u00e3y n\u00fai \u0111\u00e3 ph\u1ea3n b\u1ed9i Isildur v\u00e0 qu\u00e2n \u0111\u1ed9i c\u1ee7a anh ta, d\u1eabn \u0111\u1ebfn th\u1ea5t b\u1ea1i c\u1ee7a h\u1ecd v\u00e0 \u0111\u00e1nh m\u1ea5t Chi\u1ebfc nh\u1eabn. \u0110\u1ec3 tr\u1eebng ph\u1ea1t, Isildur \u0111\u00e3 nguy\u1ec1n r\u1ee7a Ng\u01b0\u1eddi c\u1ee7a D\u00e3y n\u00fai v\u00e0 l\u1ed1i \u0111i, n\u00f3i r\u1eb1ng h\u1ecd s\u1ebd b\u1ecb r\u00e0ng bu\u1ed9c v\u1edbi l\u1ed1i \u0111i cho \u0111\u1ebfn khi ho\u00e0n th\u00e0nh l\u1eddi th\u1ec1 trung th\u00e0nh.<\/p><\/div>","protected":false},"excerpt":{"rendered":"<p>Th\u01b0\u01a1ng hi\u1ec7u: Nh\u00e0 m\u00e1y M\u1ed8C<br \/>\nGi\u1edbi t\u00ednh: Unisex<br \/>\n\u0110\u1ed9 tu\u1ed5i: &gt; 12 tu\u1ed5i<br \/>\nS\u1ed1 m\u00f4 h\u00ecnh: 38624<br \/>\nPh\u00e2n lo\u1ea1i: T\u1eadp h\u1ee3p<br \/>\nH\u00ecnh d\u1ea1ng kh\u1ed1i nh\u1ef1a: G\u1ea1ch t\u1ef1 kh\u00f3a<br \/>\nCh\u1ea5t li\u1ec7u: Nh\u1ef1a<br \/>\nLo\u1ea1i nh\u1ef1a: ABS<br \/>\nKh\u1ed1i g\u1ea1ch: 2706 +<br \/>\nS\u1eafp x\u1ebfp th\u1eddi gian: 4-8 tu\u1ea7n<\/p>","protected":false},"featured_media":42777,"comment_status":"open","ping_status":"closed","template":"","meta":{"_acf_changed":false},"product_cat":[1365,581,1408],"product_tag":[8452,434,6169],"class_list":["product","first","instock","shipping-taxable","purchasable","product-type-simple"],"acf":[],"_links":{"self":[{"href":"https:\/\/mouldking.store\/vi\/wp-json\/wp\/v2\/product\/42778","targetHints":{"allow":["GET"]}}],"collection":[{"href":"https:\/\/mouldking.store\/vi\/wp-json\/wp\/v2\/product"}],"about":[{"href":"https:\/\/mouldking.store\/vi\/wp-json\/wp\/v2\/types\/product"}],"replies":[{"embeddable":true,"href":"https:\/\/mouldking.store\/vi\/wp-json\/wp\/v2\/comments?post=42778"}],"wp:featuredmedia":[{"embeddable":true,"href":"https:\/\/mouldking.store\/vi\/wp-json\/wp\/v2\/media\/42777"}],"wp:attachment":[{"href":"https:\/\/mouldking.store\/vi\/wp-json\/wp\/v2\/media?parent=42778"}],"wp:term":[{"taxonomy":"product_cat","embeddable":true,"href":"https:\/\/mouldking.store\/vi\/wp-json\/wp\/v2\/product_cat?post=42778"},{"taxonomy":"product_tag","embeddable":true,"href":"https:\/\/mouldking.store\/vi\/wp-json\/wp\/v2\/product_tag?post=42778"}],"curies":[{"name":"wp","href":"https:\/\/api.w.org\/{rel}","templated":true}]}}