{"id":42780,"date":"2023-03-10T15:44:54","date_gmt":"2023-03-10T08:44:54","guid":{"rendered":"https:\/\/mouldking.store\/shop\/moc-factory-89447-isd-ii-commandobridge-with-6532-pieces\/"},"modified":"2025-12-16T22:25:11","modified_gmt":"2025-12-16T15:25:11","slug":"moc-factory-89447-isd-ii-commandobridge-with-6532-pieces","status":"publish","type":"product","link":"https:\/\/mouldking.store\/vi\/shop\/moc-factory-89447-isd-ii-commandobridge-with-6532-pieces\/","title":{"rendered":"MOC Factory 89447 ISD II Commandobridge with 6532 Pieces"},"content":{"rendered":"<div>\u2705 MOC-89447 ISD II Commandobridge<\/p>\n<p>\u2705C\u1ea7u Ch\u1ec9 huy ISD II l\u00e0 m\u1ed9t \u0111\u1ecba \u0111i\u1ec3m h\u01b0 c\u1ea5u trong v\u0169 tr\u1ee5 Chi\u1ebfn tranh gi\u1eefa c\u00e1c v\u00ec sao, c\u1ee5 th\u1ec3 l\u00e0 trong phi\u00ean b\u1ea3n th\u1ee9 hai c\u1ee7a T\u00e0u khu tr\u1ee5c Ng\u00f4i sao l\u1edbp Imperial, m\u1ed9t con t\u00e0u l\u1edbn \u0111\u01b0\u1ee3c \u0110\u1ebf ch\u1ebf Thi\u00ean h\u00e0 s\u1eed d\u1ee5ng.<\/p>\n<p>\ud83d\udeab QUAN TR\u1eccNG!<\/p>\n<p>T\u00ean s\u1ea3n ph\u1ea9m: ISD II Commandobridge<\/p>\n<p>Th\u1ec3 lo\u1ea1i: Chi\u1ebfn tranh gi\u1eefa c\u00e1c v\u00ec sao<\/p>\n<p>B\u1ed9 c\u00f4ng c\u1ee5 n\u00e0y ch\u1ee9a: MOC-89447<\/p>\n<p>6532 chi\u1ebfc G\u1ea1ch ch\u1ea5t l\u01b0\u1ee3ng t\u1ed1t<\/p>\n<p>H\u01b0\u1edbng d\u1eabn PDF<\/p>\n<p>\ud83d\udcccB\u1ea3n ch\u1ea5t c\u1ee7a nh\u00e2n v\u1eadt ch\u00ednh<\/p>\n<p>Xin gi\u1edbi thi\u1ec7u b\u1ed9 s\u01b0u t\u1eadp \u0111\u00e1ng t\u1ef1 h\u00e0o c\u1ee7a ch\u00fang t\u00f4i mang t\u00ean \u201cISD II Commandobridge\u201d m\u00e0 b\u1ea1n kh\u00f4ng n\u00ean b\u1ecf l\u1ee1.<\/p>\n<p>C\u1ea7u ch\u1ec9 huy ISD II l\u00e0 trung t\u00e2m \u0111i\u1ec1u khi\u1ec3n ch\u00ednh c\u1ee7a T\u00e0u khu tr\u1ee5c Ng\u00f4i sao l\u1edbp Imperial, \u0111\u1ed3ng th\u1eddi l\u00e0 n\u01a1i thuy\u1ec1n tr\u01b0\u1edfng v\u00e0 c\u00e1c s\u0129 quan c\u1ea5p cao ph\u1ed1i h\u1ee3p v\u00e0 ch\u1ec9 \u0111\u1ea1o c\u00e1c ho\u1ea1t \u0111\u1ed9ng c\u1ee7a con t\u00e0u. C\u00e2y c\u1ea7u n\u1eb1m tr\u00ean \u0111\u1ec9nh th\u00e2n t\u00e0u Star K\u1ebb h\u1ee7y di\u1ec7t, gi\u00fap n\u00f3 c\u00f3 t\u1ea7m nh\u00ecn bao qu\u00e1t ra kh\u00f4ng gian xung quanh. Trong c\u00e1c b\u1ed9 phim Chi\u1ebfn tranh gi\u1eefa c\u00e1c v\u00ec sao v\u00e0 v\u0169 tr\u1ee5 m\u1edf r\u1ed9ng, C\u1ea7u ch\u1ec9 huy ISD II \u0111\u01b0\u1ee3c m\u00f4 t\u1ea3 l\u00e0 m\u1ed9t c\u0103n ph\u00f2ng l\u1edbn, r\u1ed9ng r\u00e3i v\u1edbi m\u1ed9t s\u1ed1 tr\u1ea1m d\u00e0nh cho c\u00e1c ch\u1ee9c n\u0103ng kh\u00e1c nhau c\u1ee7a t\u00e0u, bao g\u1ed3m \u0111i\u1ec1u h\u01b0\u1edbng, li\u00ean l\u1ea1c v\u00e0 \u0111i\u1ec1u khi\u1ec3n v\u0169 kh\u00ed. Gh\u1ebf c\u1ee7a thuy\u1ec1n tr\u01b0\u1edfng \u0111\u01b0\u1ee3c \u0111\u1eb7t \u1edf trung t\u00e2m c\u1ee7a c\u00e2y c\u1ea7u, v\u1edbi c\u00e1c s\u0129 quan kh\u00e1c t\u00fac tr\u1ef1c xung quanh anh ta \u0111\u1ec3 h\u1ed7 tr\u1ee3 v\u00e0 ph\u1ea3n h\u1ed3i.<\/p><\/div>","protected":false},"excerpt":{"rendered":"<p>Th\u01b0\u01a1ng hi\u1ec7u: Nh\u00e0 m\u00e1y M\u1ed8C<br \/>\nGi\u1edbi t\u00ednh: Unisex<br \/>\n\u0110\u1ed9 tu\u1ed5i: &gt; 12 tu\u1ed5i<br \/>\nS\u1ed1 m\u00f4 h\u00ecnh: 89447<br \/>\nPh\u00e2n lo\u1ea1i: T\u1eadp h\u1ee3p<br \/>\nH\u00ecnh d\u1ea1ng kh\u1ed1i nh\u1ef1a: G\u1ea1ch t\u1ef1 kh\u00f3a<br \/>\nCh\u1ea5t li\u1ec7u: Nh\u1ef1a<br \/>\nLo\u1ea1i nh\u1ef1a: ABS<br \/>\nKh\u1ed1i g\u1ea1ch: 6532 +<br \/>\nS\u1eafp x\u1ebfp th\u1eddi gian: 4-8 tu\u1ea7n<\/p>","protected":false},"featured_media":42779,"comment_status":"open","ping_status":"closed","template":"","meta":{"_acf_changed":false},"product_cat":[1350,372,581,6016,415,1408],"product_tag":[10639,374,434,2276,436],"class_list":["product","first","instock","shipping-taxable","purchasable","product-type-simple"],"acf":[],"_links":{"self":[{"href":"https:\/\/mouldking.store\/vi\/wp-json\/wp\/v2\/product\/42780","targetHints":{"allow":["GET"]}}],"collection":[{"href":"https:\/\/mouldking.store\/vi\/wp-json\/wp\/v2\/product"}],"about":[{"href":"https:\/\/mouldking.store\/vi\/wp-json\/wp\/v2\/types\/product"}],"replies":[{"embeddable":true,"href":"https:\/\/mouldking.store\/vi\/wp-json\/wp\/v2\/comments?post=42780"}],"wp:featuredmedia":[{"embeddable":true,"href":"https:\/\/mouldking.store\/vi\/wp-json\/wp\/v2\/media\/42779"}],"wp:attachment":[{"href":"https:\/\/mouldking.store\/vi\/wp-json\/wp\/v2\/media?parent=42780"}],"wp:term":[{"taxonomy":"product_cat","embeddable":true,"href":"https:\/\/mouldking.store\/vi\/wp-json\/wp\/v2\/product_cat?post=42780"},{"taxonomy":"product_tag","embeddable":true,"href":"https:\/\/mouldking.store\/vi\/wp-json\/wp\/v2\/product_tag?post=42780"}],"curies":[{"name":"wp","href":"https:\/\/api.w.org\/{rel}","templated":true}]}}