{"id":42782,"date":"2023-03-10T15:53:59","date_gmt":"2023-03-10T08:53:59","guid":{"rendered":"https:\/\/mouldking.store\/shop\/moc-factory-30989-the-watcher-in-the-water-with-2608-pieces\/"},"modified":"2025-12-16T22:25:11","modified_gmt":"2025-12-16T15:25:11","slug":"moc-factory-30989-the-watcher-in-the-water-with-2608-pieces","status":"publish","type":"product","link":"https:\/\/mouldking.store\/vi\/shop\/moc-factory-30989-the-watcher-in-the-water-with-2608-pieces\/","title":{"rendered":"MOC Factory 30989 The Watcher in the Water with 2608 Pieces"},"content":{"rendered":"<div>\u2705 MOC-30989 Ng\u01b0\u1eddi theo d\u00f5i d\u01b0\u1edbi n\u01b0\u1edbc<\/p>\n<p>\u2705The Watcher in the Water l\u00e0 m\u1ed9t sinh v\u1eadt h\u01b0 c\u1ea5u t\u1eeb huy\u1ec1n tho\u1ea1i Trung \u0110\u1ecba c\u1ee7a JRR Tolkien. N\u00f3 l\u00e0 m\u1ed9t sinh v\u1eadt gi\u1ed1ng b\u1ea1ch tu\u1ed9c kh\u1ed5ng l\u1ed3 canh gi\u1eef l\u1ed1i v\u00e0o M\u1ecf Moria, m\u1ed9t khu ph\u1ee9c h\u1ee3p r\u1ed9ng l\u1edbn d\u01b0\u1edbi l\u00f2ng \u0111\u1ea5t \u1edf D\u00e3y n\u00fai S\u01b0\u01a1ng m\u00f9.<\/p>\n<p>\ud83d\udeab QUAN TR\u1eccNG!<\/p>\n<p>T\u00ean s\u1ea3n ph\u1ea9m: The Watcher in the Water<\/p>\n<p>Th\u1ec3 lo\u1ea1i: Phim<\/p>\n<p>B\u1ed9 c\u00f4ng c\u1ee5 n\u00e0y ch\u1ee9a: MOC-30989<\/p>\n<p>2608 chi\u1ebfc G\u1ea1ch ch\u1ea5t l\u01b0\u1ee3ng t\u1ed1t<\/p>\n<p>K\u00edch th\u01b0\u1edbc: r\u1ed9ng 53,5 cm d\u00e0i 41,2 cm cao 20 cm<\/p>\n<p>C\u00e2n n\u1eb7ng: 2,3kg<\/p>\n<p>H\u01b0\u1edbng d\u1eabn PDF<\/p>\n<p>\ud83d\udcccB\u1ea3n ch\u1ea5t c\u1ee7a nh\u00e2n v\u1eadt ch\u00ednh<\/p>\n<p>Xin gi\u1edbi thi\u1ec7u b\u1ed9 s\u01b0u t\u1eadp \u0111\u00e1ng t\u1ef1 h\u00e0o c\u1ee7a ch\u00fang t\u00f4i mang t\u00ean \u201cThe Watcher in the Water\u201d m\u00e0 b\u1ea1n kh\u00f4ng n\u00ean b\u1ecf l\u1ee1.<\/p>\n<p>Trong \u201cThe Fellowship of the Ring\u201d, cu\u1ed1n s\u00e1ch \u0111\u1ea7u ti\u00ean trong b\u1ed9 ba t\u00e1c ph\u1ea9m \u201cCh\u00faa t\u1ec3 c\u1ee7a nh\u1eefng chi\u1ebfc nh\u1eabn\u201d c\u1ee7a Tolkien, Ng\u01b0\u1eddi theo d\u00f5i d\u01b0\u1edbi n\u01b0\u1edbc \u0111\u00e3 g\u1eb7p ph\u1ea3i Hi\u1ec7p h\u1ed9i khi h\u1ecd c\u1ed1 g\u1eafng v\u00e0o Moria. Sinh v\u1eadt n\u00e0y \u0111\u01b0\u1ee3c m\u00f4 t\u1ea3 l\u00e0 c\u00f3 nhi\u1ec1u x\u00fac tu d\u00e0i, ngo\u1eb1n ngo\u00e8o v\u01b0\u01a1n ra t\u1eeb v\u00f9ng n\u01b0\u1edbc t\u1ed1i t\u0103m m\u00e0 n\u00f3 tr\u00fa ng\u1ee5, v\u00e0 m\u1ed9t con m\u1eaft to kh\u00f4ng c\u00f3 m\u00ed m\u1eaft tr\u1eebng tr\u1eebng nh\u00ecn con m\u1ed3i.&nbsp;<\/p><\/div>","protected":false},"excerpt":{"rendered":"<p>Th\u01b0\u01a1ng hi\u1ec7u: Nh\u00e0 m\u00e1y M\u1ed8C<br \/>\nGi\u1edbi t\u00ednh: Unisex<br \/>\n\u0110\u1ed9 tu\u1ed5i: &gt; 12 tu\u1ed5i<br \/>\nS\u1ed1 m\u00f4 h\u00ecnh: 30989<br \/>\nPh\u00e2n lo\u1ea1i: T\u1eadp h\u1ee3p<br \/>\nH\u00ecnh d\u1ea1ng kh\u1ed1i nh\u1ef1a: G\u1ea1ch t\u1ef1 kh\u00f3a<br \/>\nCh\u1ea5t li\u1ec7u: Nh\u1ef1a<br \/>\nLo\u1ea1i nh\u1ef1a: ABS<br \/>\nKh\u1ed1i g\u1ea1ch: 2608 +<br \/>\nS\u1eafp x\u1ebfp th\u1eddi gian: 4-8 tu\u1ea7n<\/p>","protected":false},"featured_media":42781,"comment_status":"open","ping_status":"closed","template":"","meta":{"_acf_changed":false},"product_cat":[1365,581,1408],"product_tag":[8452,434,6169,8982],"class_list":["product","first","instock","shipping-taxable","purchasable","product-type-simple"],"acf":[],"_links":{"self":[{"href":"https:\/\/mouldking.store\/vi\/wp-json\/wp\/v2\/product\/42782","targetHints":{"allow":["GET"]}}],"collection":[{"href":"https:\/\/mouldking.store\/vi\/wp-json\/wp\/v2\/product"}],"about":[{"href":"https:\/\/mouldking.store\/vi\/wp-json\/wp\/v2\/types\/product"}],"replies":[{"embeddable":true,"href":"https:\/\/mouldking.store\/vi\/wp-json\/wp\/v2\/comments?post=42782"}],"wp:featuredmedia":[{"embeddable":true,"href":"https:\/\/mouldking.store\/vi\/wp-json\/wp\/v2\/media\/42781"}],"wp:attachment":[{"href":"https:\/\/mouldking.store\/vi\/wp-json\/wp\/v2\/media?parent=42782"}],"wp:term":[{"taxonomy":"product_cat","embeddable":true,"href":"https:\/\/mouldking.store\/vi\/wp-json\/wp\/v2\/product_cat?post=42782"},{"taxonomy":"product_tag","embeddable":true,"href":"https:\/\/mouldking.store\/vi\/wp-json\/wp\/v2\/product_tag?post=42782"}],"curies":[{"name":"wp","href":"https:\/\/api.w.org\/{rel}","templated":true}]}}