{"id":42786,"date":"2023-03-10T16:12:45","date_gmt":"2023-03-10T09:12:45","guid":{"rendered":"https:\/\/mouldking.store\/shop\/moc-factory-84124-ucs-minas-morgul-with-14045-pieces\/"},"modified":"2025-12-16T22:25:11","modified_gmt":"2025-12-16T15:25:11","slug":"moc-factory-84124-ucs-minas-morgul-with-14045-pieces","status":"publish","type":"product","link":"https:\/\/mouldking.store\/vi\/shop\/moc-factory-84124-ucs-minas-morgul-with-14045-pieces\/","title":{"rendered":"MOC Factory 84124 UCS Minas Morgul v\u1edbi 14045 M\u1ea3nh gh\u00e9p"},"content":{"rendered":"<div>\u2705 MOC-84124 UCS Minas Morgul<\/p>\n<p>\u2705UCS Minas Morgul l\u00e0 m\u1ed9t b\u1ed9 g\u1ea1ch d\u1ef1a tr\u00ean \u0111\u1ecba \u0111i\u1ec3m h\u01b0 c\u1ea5u c\u1ee7a Minas Morgul t\u1eeb huy\u1ec1n tho\u1ea1i Trung \u0110\u1ecba c\u1ee7a JRR Tolkien, c\u1ee5 th\u1ec3 l\u00e0 t\u1eeb c\u00e1c cu\u1ed1n s\u00e1ch \u201cCh\u00faa t\u1ec3 c\u1ee7a nh\u1eefng chi\u1ebfc nh\u1eabn\u201d v\u00e0 \u201cNg\u01b0\u1eddi Hobbit\u201d. UCS l\u00e0 vi\u1ebft t\u1eaft c\u1ee7a \u201cUltimate Collector Series\u201d, l\u00e0 m\u1ed9t d\u00f2ng g\u1ea1ch cao c\u1ea5p \u0111\u01b0\u1ee3c thi\u1ebft k\u1ebf cho nh\u1eefng ng\u01b0\u1eddi s\u01b0u t\u1eadp tr\u01b0\u1edfng th\u00e0nh.<\/p>\n<p>\ud83d\udeab QUAN TR\u1eccNG!<\/p>\n<p>T\u00ean s\u1ea3n ph\u1ea9m: UCS Minas Morgul<\/p>\n<p>Th\u1ec3 lo\u1ea1i: Phim<\/p>\n<p>B\u1ed9 n\u00e0y ch\u1ee9a: MOC-84124<\/p>\n<p>14045 chi\u1ebfc G\u1ea1ch ch\u1ea5t l\u01b0\u1ee3ng t\u1ed1t<\/p>\n<p>K\u00edch th\u01b0\u1edbc: r\u1ed9ng 108,8 cm d\u00e0i 81,7 cm cao 86,5 cm<\/p>\n<p>C\u00e2n n\u1eb7ng: 14,5kg<\/p>\n<p>H\u01b0\u1edbng d\u1eabn PDF<\/p>\n<p>\ud83d\udcccB\u1ea3n ch\u1ea5t c\u1ee7a nh\u00e2n v\u1eadt ch\u00ednh<\/p>\n<p>Xin gi\u1edbi thi\u1ec7u b\u1ed9 s\u01b0u t\u1eadp \u0111\u00e1ng t\u1ef1 h\u00e0o c\u1ee7a ch\u00fang t\u00f4i c\u00f3 t\u00ean \u201cUCS Minas Morgul\u201d m\u00e0 b\u1ea1n kh\u00f4ng n\u00ean b\u1ecf l\u1ee1.<\/p>\n<p>Minas Morgul l\u00e0 m\u1ed9t ph\u00e1o \u0111\u00e0i n\u1eb1m \u1edf v\u00f9ng \u0111\u1ea5t Mordor, v\u00e0 n\u00f3 t\u1eebng \u0111\u01b0\u1ee3c bi\u1ebft \u0111\u1ebfn v\u1edbi c\u00e1i t\u00ean Minas Ithil, Th\u00e1p M\u1eb7t Tr\u0103ng M\u1ecdc, tr\u01b0\u1edbc khi n\u00f3 b\u1ecb h\u1ee7y ho\u1ea1i v\u00e0 chi\u1ebfm gi\u1eef b\u1edfi ch\u00faa t\u1ec3 b\u00f3ng t\u1ed1i Sauron. Trong s\u00e1ch v\u00e0 phim, Minas Morgul \u0111\u01b0\u1ee3c mi\u00eau t\u1ea3 l\u00e0 m\u1ed9t n\u01a1i \u0111\u1ea7y \u00e1c qu\u1ef7, v\u1edbi h\u00e0o quang \u00e1m \u1ea3nh v\u00e0 v\u00f4 s\u1ed1 binh l\u00ednh b\u1ea5t t\u1eed.<\/p><\/div>","protected":false},"excerpt":{"rendered":"<p>Th\u01b0\u01a1ng hi\u1ec7u: Nh\u00e0 m\u00e1y M\u1ed8C<br \/>\nGi\u1edbi t\u00ednh: Unisex<br \/>\n\u0110\u1ed9 tu\u1ed5i: &gt; 12 tu\u1ed5i<br \/>\nS\u1ed1 m\u00f4 h\u00ecnh: 84124<br \/>\nPh\u00e2n lo\u1ea1i: T\u1eadp h\u1ee3p<br \/>\nH\u00ecnh d\u1ea1ng kh\u1ed1i nh\u1ef1a: G\u1ea1ch t\u1ef1 kh\u00f3a<br \/>\nCh\u1ea5t li\u1ec7u: Nh\u1ef1a<br \/>\nLo\u1ea1i nh\u1ef1a: ABS<br \/>\nKh\u1ed1i g\u1ea1ch: 14045 +<br \/>\nS\u1eafp x\u1ebfp th\u1eddi gian: 4-8 tu\u1ea7n<\/p>","protected":false},"featured_media":42785,"comment_status":"open","ping_status":"closed","template":"","meta":{"_acf_changed":false},"product_cat":[1365,1395,390,581,1408],"product_tag":[8452,11257,392,434,6169,4093],"class_list":["product","first","instock","shipping-taxable","purchasable","product-type-simple"],"acf":[],"_links":{"self":[{"href":"https:\/\/mouldking.store\/vi\/wp-json\/wp\/v2\/product\/42786","targetHints":{"allow":["GET"]}}],"collection":[{"href":"https:\/\/mouldking.store\/vi\/wp-json\/wp\/v2\/product"}],"about":[{"href":"https:\/\/mouldking.store\/vi\/wp-json\/wp\/v2\/types\/product"}],"replies":[{"embeddable":true,"href":"https:\/\/mouldking.store\/vi\/wp-json\/wp\/v2\/comments?post=42786"}],"wp:featuredmedia":[{"embeddable":true,"href":"https:\/\/mouldking.store\/vi\/wp-json\/wp\/v2\/media\/42785"}],"wp:attachment":[{"href":"https:\/\/mouldking.store\/vi\/wp-json\/wp\/v2\/media?parent=42786"}],"wp:term":[{"taxonomy":"product_cat","embeddable":true,"href":"https:\/\/mouldking.store\/vi\/wp-json\/wp\/v2\/product_cat?post=42786"},{"taxonomy":"product_tag","embeddable":true,"href":"https:\/\/mouldking.store\/vi\/wp-json\/wp\/v2\/product_tag?post=42786"}],"curies":[{"name":"wp","href":"https:\/\/api.w.org\/{rel}","templated":true}]}}