{"id":42791,"date":"2023-03-10T16:32:12","date_gmt":"2023-03-10T09:32:12","guid":{"rendered":"https:\/\/mouldking.store\/shop\/moc-factory-133505-ucs-middle-earth-map-with-9129-pieces\/"},"modified":"2025-12-16T22:25:10","modified_gmt":"2025-12-16T15:25:10","slug":"moc-factory-133505-ucs-middle-earth-map-with-9129-pieces","status":"publish","type":"product","link":"https:\/\/mouldking.store\/vi\/shop\/moc-factory-133505-ucs-middle-earth-map-with-9129-pieces\/","title":{"rendered":"MOC Factory 133505 B\u1ea3n \u0111\u1ed3 Trung \u0110\u1ecba UCS v\u1edbi 9129 M\u1ea3nh gh\u00e9p"},"content":{"rendered":"<div>\u2705 MOC-133505 B\u1ea3n \u0111\u1ed3 Trung \u0110\u1ecba UCS<\/p>\n<p>\u2705B\u1ea3n \u0111\u1ed3 Trung \u0111\u1ecba c\u1ee7a UCS l\u00e0 m\u1ed9t b\u1ea3n sao l\u1edbn v\u00e0 r\u1ea5t chi ti\u1ebft c\u1ee7a b\u1ea3n \u0111\u1ed3 Trung \u0111\u1ecba, \u0111\u01b0\u1ee3c gi\u1edbi thi\u1ec7u trong c\u00e1c trang m\u1edf \u0111\u1ea7u c\u1ee7a \u201cCh\u00faa t\u1ec3 c\u1ee7a nh\u1eefng chi\u1ebfc nh\u1eabn\u201d. B\u1ea3n \u0111\u1ed3 \u0111\u01b0\u1ee3c t\u1ea1o th\u00e0nh t\u1eeb nhi\u1ec1u ph\u1ea7n c\u00f3 th\u1ec3 \u0111\u01b0\u1ee3c s\u1eafp x\u1ebfp v\u00e0 g\u1eafn tr\u00ean t\u01b0\u1eddng \u0111\u1ec3 hi\u1ec3n th\u1ecb.<\/p>\n<p>\ud83d\udeab QUAN TR\u1eccNG!<\/p>\n<p>T\u00ean s\u1ea3n ph\u1ea9m: B\u1ea3n \u0111\u1ed3 UCS Middle Earth<\/p>\n<p>Th\u1ec3 lo\u1ea1i: Phim<\/p>\n<p>B\u1ed9 n\u00e0y ch\u1ee9a: MOC-133505<\/p>\n<p>9129 chi\u1ebfc G\u1ea1ch ch\u1ea5t l\u01b0\u1ee3ng t\u1ed1t<\/p>\n<p>K\u00edch th\u01b0\u1edbc: r\u1ed9ng 81,6 cm d\u00e0i 124,8 cm cao 13,3 cm<\/p>\n<p>C\u00e2n n\u1eb7ng: 7,6kg<\/p>\n<p>H\u01b0\u1edbng d\u1eabn PDF<\/p>\n<p>\ud83d\udcccB\u1ea3n ch\u1ea5t c\u1ee7a nh\u00e2n v\u1eadt ch\u00ednh<\/p>\n<p>Xin gi\u1edbi thi\u1ec7u b\u1ed9 s\u01b0u t\u1eadp \u0111\u00e1ng t\u1ef1 h\u00e0o c\u1ee7a ch\u00fang t\u00f4i c\u00f3 t\u00ean \u201cB\u1ea3n \u0111\u1ed3 UCS Middle Earth\u201d m\u00e0 b\u1ea1n kh\u00f4ng n\u00ean b\u1ecf l\u1ee1.<\/p>\n<p>B\u1ed9 n\u00e0y bao g\u1ed3m nhi\u1ec1u t\u00ednh n\u0103ng v\u00e0 chi ti\u1ebft trung th\u00e0nh v\u1edbi b\u1ea3n \u0111\u1ed3 g\u1ed1c, ch\u1eb3ng h\u1ea1n nh\u01b0 D\u00e3y n\u00fai S\u01b0\u01a1ng m\u00f9, D\u00e3y n\u00fai S\u01b0\u01a1ng m\u00f9, Shire, N\u00fai C\u00f4 \u0111\u01a1n v\u00e0 Th\u00e1p B\u00f3ng t\u1ed1i Mordor. N\u00f3 c\u0169ng \u0111i k\u00e8m v\u1edbi m\u1ed9t gi\u00e1 \u0111\u1ee1 c\u00f3 th\u1ec3 x\u00e2y d\u1ef1ng bao g\u1ed3m m\u1ed9t la b\u00e0n v\u00e0 m\u1ed9t phi\u00ean b\u1ea3n nh\u1ecf c\u1ee7a One Ring. B\u1ea3n \u0111\u1ed3 UCS Middle Earth \u0111\u01b0\u1ee3c thi\u1ebft k\u1ebf d\u00e0nh cho nh\u1eefng ng\u01b0\u1eddi x\u00e2y d\u1ef1ng v\u00e0 s\u01b0u t\u1eadp g\u1ea1ch c\u00f3 kinh nghi\u1ec7m, nh\u1eefng ng\u01b0\u1eddi \u0111\u00e1nh gi\u00e1 cao ch\u1ea5t l\u01b0\u1ee3ng cao v\u00e0 thi\u1ebft k\u1ebf ph\u1ee9c t\u1ea1p. N\u00f3 l\u00e0 m\u1ed9t l\u1ef1a ch\u1ecdn ph\u1ed5 bi\u1ebfn c\u1ee7a nh\u1eefng ng\u01b0\u1eddi h\u00e2m m\u1ed9 \u201cCh\u00faa t\u1ec3 c\u1ee7a nh\u1eefng chi\u1ebfc nh\u1eabn\u201d c\u0169ng nh\u01b0 nh\u1eefng ng\u01b0\u1eddi s\u01b0u t\u1eadp g\u1ea1ch. N\u00f3 cung c\u1ea5p m\u1ed9t c\u00e1ch \u0111\u1ed9c \u0111\u00e1o \u0111\u1ec3 t\u00f4n vinh l\u1ecbch s\u1eed v\u00e0 th\u1ea7n tho\u1ea1i phong ph\u00fa c\u1ee7a Trung \u0111\u1ecba theo m\u1ed9t c\u00e1ch h\u1eefu h\u00ecnh v\u00e0 \u0111\u1eafm ch\u00ecm.<\/p><\/div>","protected":false},"excerpt":{"rendered":"<p>Th\u01b0\u01a1ng hi\u1ec7u: Nh\u00e0 m\u00e1y M\u1ed8C<br \/>\nGi\u1edbi t\u00ednh: Unisex<br \/>\n\u0110\u1ed9 tu\u1ed5i: &gt; 12 tu\u1ed5i<br \/>\nS\u1ed1 m\u00f4 h\u00ecnh: 133505<br \/>\nPh\u00e2n lo\u1ea1i: T\u1eadp h\u1ee3p<br \/>\nH\u00ecnh d\u1ea1ng kh\u1ed1i nh\u1ef1a: G\u1ea1ch t\u1ef1 kh\u00f3a<br \/>\nCh\u1ea5t li\u1ec7u: Nh\u1ef1a<br \/>\nLo\u1ea1i nh\u1ef1a: ABS<br \/>\nKh\u1ed1i g\u1ea1ch: 9129 +<br \/>\nS\u1eafp x\u1ebfp th\u1eddi gian: 4-8 tu\u1ea7n<\/p>","protected":false},"featured_media":42789,"comment_status":"open","ping_status":"closed","template":"","meta":{"_acf_changed":false},"product_cat":[1365,581,1408],"product_tag":[8452,4290,11509,11508,434,6169,4093],"class_list":["product","first","instock","shipping-taxable","purchasable","product-type-simple"],"acf":[],"_links":{"self":[{"href":"https:\/\/mouldking.store\/vi\/wp-json\/wp\/v2\/product\/42791","targetHints":{"allow":["GET"]}}],"collection":[{"href":"https:\/\/mouldking.store\/vi\/wp-json\/wp\/v2\/product"}],"about":[{"href":"https:\/\/mouldking.store\/vi\/wp-json\/wp\/v2\/types\/product"}],"replies":[{"embeddable":true,"href":"https:\/\/mouldking.store\/vi\/wp-json\/wp\/v2\/comments?post=42791"}],"wp:featuredmedia":[{"embeddable":true,"href":"https:\/\/mouldking.store\/vi\/wp-json\/wp\/v2\/media\/42789"}],"wp:attachment":[{"href":"https:\/\/mouldking.store\/vi\/wp-json\/wp\/v2\/media?parent=42791"}],"wp:term":[{"taxonomy":"product_cat","embeddable":true,"href":"https:\/\/mouldking.store\/vi\/wp-json\/wp\/v2\/product_cat?post=42791"},{"taxonomy":"product_tag","embeddable":true,"href":"https:\/\/mouldking.store\/vi\/wp-json\/wp\/v2\/product_tag?post=42791"}],"curies":[{"name":"wp","href":"https:\/\/api.w.org\/{rel}","templated":true}]}}