{"id":42814,"date":"2023-03-13T12:22:45","date_gmt":"2023-03-13T05:22:45","guid":{"rendered":"https:\/\/mouldking.store\/shop\/dk-7023-aquarium-ocean-jellyfish-ecological-tank-with-725-pieces\/"},"modified":"2023-03-13T12:22:45","modified_gmt":"2023-03-13T05:22:45","slug":"dk-7023-aquarium-ocean-jellyfish-ecological-tank-with-725-pieces","status":"publish","type":"product","link":"https:\/\/mouldking.store\/vi\/shop\/dk-7023-aquarium-ocean-jellyfish-ecological-tank-with-725-pieces\/","title":{"rendered":"DK 7023 Aquarium: B\u1ec3 sinh th\u00e1i s\u1ee9a bi\u1ec3n 725 mi\u1ebfng"},"content":{"rendered":"<div>\u2705 B\u1ec3 th\u1ee7y sinh DK 7023: B\u1ec3 sinh th\u00e1i s\u1ee9a \u0111\u1ea1i d\u01b0\u01a1ng<br \/>&nbsp;<br \/>\u2705B\u1ec3 C\u00e1: B\u1ec3 Sinh Th\u00e1i S\u1ee9a \u0110\u1ea1i D\u01b0\u01a1ng l\u00e0 lo\u1ea1i b\u1ec3 c\u00e1 \u0111\u01b0\u1ee3c thi\u1ebft k\u1ebf ri\u00eang \u0111\u1ec3 nu\u00f4i s\u1ee9a. Kh\u00f4ng gi\u1ed1ng nh\u01b0 b\u1ec3 c\u00e1 truy\u1ec1n th\u1ed1ng, nh\u1eefng b\u1ec3 n\u00e0y th\u01b0\u1eddng c\u00f3 h\u00ecnh tr\u1ee5 ho\u1eb7c h\u00ecnh c\u1ea7u v\u00e0 kh\u00f4ng c\u00f3 g\u00f3c ho\u1eb7c c\u1ea1nh \u0111\u1ec3 tr\u00e1nh s\u1ee9a b\u1ecb m\u1eafc k\u1eb9t ho\u1eb7c b\u1ecb th\u01b0\u01a1ng.<br \/>&nbsp;<br \/>\ud83d\udeab QUAN TR\u1eccNG!&nbsp;<br \/>&nbsp;<br \/>T\u00ean S\u1ea3n Ph\u1ea9m: B\u1ec3 C\u00e1: B\u1ec3 Sinh Th\u00e1i S\u1ee9a \u0110\u1ea1i D\u01b0\u01a1ng<br \/>&nbsp;<br \/>Th\u1ec3 lo\u1ea1i: Ng\u01b0\u1eddi s\u00e1ng t\u1ea1o&nbsp;<br \/>&nbsp;<br \/>B\u1ed9 n\u00e0y ch\u1ee9a: DK 7023<br \/>&nbsp;<br \/>725 vi\u00ean g\u1ea1ch ch\u1ea5t l\u01b0\u1ee3ng t\u1ed1t&nbsp;<br \/>&nbsp;<br \/>K\u00edch th\u01b0\u1edbc: 23,6 \u00d7 14,8 cm&nbsp;<br \/>&nbsp;<br \/>H\u01b0\u1edbng d\u1eabn th\u1ee7 c\u00f4ng&nbsp;<br \/>&nbsp;<br \/>\ud83d\udcccB\u1ea3n ch\u1ea5t c\u1ee7a nh\u00e2n v\u1eadt ch\u00ednh&nbsp;<br \/>&nbsp;<br \/>Xin gi\u1edbi thi\u1ec7u b\u1ed9 s\u01b0u t\u1eadp \u0111\u00e1ng t\u1ef1 h\u00e0o c\u1ee7a ch\u00fang t\u00f4i mang t\u00ean \u201cAquarium: B\u1ec3 sinh th\u00e1i s\u1ee9a \u0111\u1ea1i d\u01b0\u01a1ng\u201d m\u00e0 b\u1ea1n kh\u00f4ng n\u00ean b\u1ecf l\u1ee1.&nbsp;<br \/>&nbsp;<br \/>V\u1ec1 m\u1eb7t sinh th\u00e1i, nh\u1eefng b\u1ec3 n\u00e0y th\u01b0\u1eddng \u0111\u01b0\u1ee3c thi\u1ebft k\u1ebf \u0111\u1ec3 tr\u1edf th\u00e0nh h\u1ec7 sinh th\u00e1i t\u1ef1 duy tr\u00ec, v\u1edbi vi khu\u1ea9n t\u1ef1 nhi\u00ean v\u00e0 c\u00e1c sinh v\u1eadt kh\u00e1c ph\u00e2n h\u1ee7y ch\u1ea5t th\u1ea3i v\u00e0 duy tr\u00ec s\u1ef1 c\u00e2n b\u1eb1ng l\u00e0nh m\u1ea1nh v\u1ec1 ch\u1ea5t dinh d\u01b0\u1ee1ng v\u00e0 l\u01b0\u1ee3ng oxy. \u0110i\u1ec1u n\u00e0y gi\u00fap t\u1ea1o ra m\u1ed9t m\u00f4i tr\u01b0\u1eddng l\u00e0nh m\u1ea1nh v\u00e0 \u1ed5n \u0111\u1ecbnh cho s\u1ee9a ph\u00e1t tri\u1ec3n.<\/div>","protected":false},"excerpt":{"rendered":"<p>Th\u01b0\u01a1ng hi\u1ec7u: \u0110K<br \/>\nGi\u1edbi t\u00ednh: Unisex<br \/>\n\u0110\u1ed9 tu\u1ed5i: &gt; 8 tu\u1ed5i<br \/>\nS\u1ed1 m\u00f4 h\u00ecnh: 7023<br \/>\nPh\u00e2n lo\u1ea1i: T\u1eadp h\u1ee3p<br \/>\nH\u00ecnh d\u1ea1ng kh\u1ed1i nh\u1ef1a: G\u1ea1ch t\u1ef1 kh\u00f3a<br \/>\nCh\u1ea5t li\u1ec7u: Nh\u1ef1a<br \/>\nLo\u1ea1i nh\u1ef1a: ABS<br \/>\nKh\u1ed1i g\u1ea1ch: 725 +<br \/>\nKh\u00f4ng c\u00f3 h\u1ed9p ban \u0111\u1ea7u<\/p>","protected":false},"featured_media":42810,"comment_status":"open","ping_status":"closed","template":"","meta":{"_acf_changed":false},"product_cat":[1365,371],"product_tag":[11513,3043,11512,11072,8452,7907,11511,6469,485],"class_list":["product","first","instock","shipping-taxable","purchasable","product-type-simple"],"acf":[],"_links":{"self":[{"href":"https:\/\/mouldking.store\/vi\/wp-json\/wp\/v2\/product\/42814","targetHints":{"allow":["GET"]}}],"collection":[{"href":"https:\/\/mouldking.store\/vi\/wp-json\/wp\/v2\/product"}],"about":[{"href":"https:\/\/mouldking.store\/vi\/wp-json\/wp\/v2\/types\/product"}],"replies":[{"embeddable":true,"href":"https:\/\/mouldking.store\/vi\/wp-json\/wp\/v2\/comments?post=42814"}],"wp:featuredmedia":[{"embeddable":true,"href":"https:\/\/mouldking.store\/vi\/wp-json\/wp\/v2\/media\/42810"}],"wp:attachment":[{"href":"https:\/\/mouldking.store\/vi\/wp-json\/wp\/v2\/media?parent=42814"}],"wp:term":[{"taxonomy":"product_cat","embeddable":true,"href":"https:\/\/mouldking.store\/vi\/wp-json\/wp\/v2\/product_cat?post=42814"},{"taxonomy":"product_tag","embeddable":true,"href":"https:\/\/mouldking.store\/vi\/wp-json\/wp\/v2\/product_tag?post=42814"}],"curies":[{"name":"wp","href":"https:\/\/api.w.org\/{rel}","templated":true}]}}