{"id":42819,"date":"2023-03-13T12:27:58","date_gmt":"2023-03-13T05:27:58","guid":{"rendered":"https:\/\/mouldking.store\/shop\/dk-7024-aquarium-sea-turtle-ecological-tank-with-753-pieces\/"},"modified":"2023-03-13T12:27:58","modified_gmt":"2023-03-13T05:27:58","slug":"dk-7024-aquarium-sea-turtle-ecological-tank-with-753-pieces","status":"publish","type":"product","link":"https:\/\/mouldking.store\/vi\/shop\/dk-7024-aquarium-sea-turtle-ecological-tank-with-753-pieces\/","title":{"rendered":"DK 7024 Aquarium: B\u1ec3 Sinh Th\u00e1i R\u00f9a Bi\u1ec3n 753 M\u1ea3nh Gh\u00e9p"},"content":{"rendered":"<div>\u2705 DK 7024 Aquarium: B\u1ec3 Sinh Th\u00e1i R\u00f9a Bi\u1ec3n<br \/>&nbsp;<br \/>\u2705B\u1ec3 c\u1ea3nh: B\u1ec3 sinh th\u00e1i r\u00f9a bi\u1ec3n l\u00e0 lo\u1ea1i b\u1ec3 c\u00e1 \u0111\u01b0\u1ee3c thi\u1ebft k\u1ebf ri\u00eang \u0111\u1ec3 nu\u00f4i v\u00e0 tr\u01b0ng b\u00e0y c\u00e1c lo\u00e0i r\u00f9a bi\u1ec3n. Nh\u1eefng b\u1ec3 n\u00e0y th\u01b0\u1eddng l\u1edbn h\u01a1n nhi\u1ec1u so v\u1edbi b\u1ec3 c\u00e1 truy\u1ec1n th\u1ed1ng v\u00e0 c\u00f3 th\u1ec3 \u0111\u01b0\u1ee3c t\u00ecm th\u1ea5y trong b\u1ec3 c\u00e1 c\u00f4ng c\u1ed9ng ho\u1eb7c s\u1edf th\u00fa, thay v\u00ec nh\u00e0 ri\u00eang.<br \/>&nbsp;<br \/>\ud83d\udeab QUAN TR\u1eccNG!&nbsp;<br \/>&nbsp;<br \/>T\u00ean S\u1ea3n Ph\u1ea9m: B\u1ec3 C\u00e1 C\u1ea3nh: B\u1ec3 Sinh Th\u00e1i R\u00f9a Bi\u1ec3n<br \/>&nbsp;<br \/>Th\u1ec3 lo\u1ea1i: Ng\u01b0\u1eddi s\u00e1ng t\u1ea1o&nbsp;<br \/>&nbsp;<br \/>B\u1ed9 n\u00e0y ch\u1ee9a: DK 7024<br \/>&nbsp;<br \/>753 chi\u1ebfc G\u1ea1ch ch\u1ea5t l\u01b0\u1ee3ng t\u1ed1t&nbsp;<br \/>&nbsp;<br \/>K\u00edch th\u01b0\u1edbc: 23,6 \u00d7 14,8 cm&nbsp;<br \/>&nbsp;<br \/>H\u01b0\u1edbng d\u1eabn th\u1ee7 c\u00f4ng&nbsp;<br \/>&nbsp;<br \/>\ud83d\udcccB\u1ea3n ch\u1ea5t c\u1ee7a nh\u00e2n v\u1eadt ch\u00ednh&nbsp;<br \/>&nbsp;<br \/>Gi\u1edbi thi\u1ec7u b\u1ed9 s\u01b0u t\u1eadp \u0111\u00e1ng t\u1ef1 h\u00e0o c\u1ee7a ch\u00fang t\u00f4i mang t\u00ean \u201cAquarium: B\u1ec3 sinh th\u00e1i r\u00f9a bi\u1ec3n\u201d m\u00e0 b\u1ea1n kh\u00f4ng n\u00ean b\u1ecf l\u1ee1.&nbsp;<br \/>&nbsp;<br \/>B\u1ec3 sinh th\u00e1i r\u00f9a bi\u1ec3n \u0111\u01b0\u1ee3c thi\u1ebft k\u1ebf \u0111\u1ec3 cung c\u1ea5p m\u00f4i tr\u01b0\u1eddng t\u1ef1 nhi\u00ean cho r\u00f9a bi\u1ec3n sinh s\u1ed1ng, v\u1edbi kh\u00f4ng gian r\u1ed9ng r\u00e3i \u0111\u1ec3 ch\u00fang b\u01a1i l\u1ed9i v\u00e0 kh\u00e1m ph\u00e1. Nh\u1eefng b\u1ec3 n\u00e0y th\u01b0\u1eddng ch\u1ee9a \u0111\u1ea7y n\u01b0\u1edbc m\u1eb7n v\u00e0 \u0111\u01b0\u1ee3c trang b\u1ecb h\u1ec7 th\u1ed1ng l\u1ecdc chuy\u00ean d\u1ee5ng \u0111\u1ec3 duy tr\u00ec ch\u1ea5t l\u01b0\u1ee3ng n\u01b0\u1edbc v\u00e0 m\u00f4 ph\u1ecfng m\u00f4i tr\u01b0\u1eddng \u0111\u1ea1i d\u01b0\u01a1ng t\u1ef1 nhi\u00ean m\u00e0 r\u00f9a bi\u1ec3n y\u00eau c\u1ea7u.<\/div>","protected":false},"excerpt":{"rendered":"<p>Th\u01b0\u01a1ng hi\u1ec7u: \u0110K<br \/>\nGi\u1edbi t\u00ednh: Unisex<br \/>\n\u0110\u1ed9 tu\u1ed5i: &gt; 8 tu\u1ed5i<br \/>\nS\u1ed1 m\u00f4 h\u00ecnh: 7024<br \/>\nPh\u00e2n lo\u1ea1i: T\u1eadp h\u1ee3p<br \/>\nH\u00ecnh d\u1ea1ng kh\u1ed1i nh\u1ef1a: G\u1ea1ch t\u1ef1 kh\u00f3a<br \/>\nCh\u1ea5t li\u1ec7u: Nh\u1ef1a<br \/>\nLo\u1ea1i nh\u1ef1a: ABS<br \/>\nKh\u1ed1i g\u1ea1ch: 753 +<br \/>\nKh\u00f4ng c\u00f3 h\u1ed9p ban \u0111\u1ea7u<\/p>","protected":false},"featured_media":42815,"comment_status":"open","ping_status":"closed","template":"","meta":{"_acf_changed":false},"product_cat":[1365,371],"product_tag":[11513,3043,11072,8452,7907,11514,485],"class_list":["product","first","instock","shipping-taxable","purchasable","product-type-simple"],"acf":[],"_links":{"self":[{"href":"https:\/\/mouldking.store\/vi\/wp-json\/wp\/v2\/product\/42819","targetHints":{"allow":["GET"]}}],"collection":[{"href":"https:\/\/mouldking.store\/vi\/wp-json\/wp\/v2\/product"}],"about":[{"href":"https:\/\/mouldking.store\/vi\/wp-json\/wp\/v2\/types\/product"}],"replies":[{"embeddable":true,"href":"https:\/\/mouldking.store\/vi\/wp-json\/wp\/v2\/comments?post=42819"}],"wp:featuredmedia":[{"embeddable":true,"href":"https:\/\/mouldking.store\/vi\/wp-json\/wp\/v2\/media\/42815"}],"wp:attachment":[{"href":"https:\/\/mouldking.store\/vi\/wp-json\/wp\/v2\/media?parent=42819"}],"wp:term":[{"taxonomy":"product_cat","embeddable":true,"href":"https:\/\/mouldking.store\/vi\/wp-json\/wp\/v2\/product_cat?post=42819"},{"taxonomy":"product_tag","embeddable":true,"href":"https:\/\/mouldking.store\/vi\/wp-json\/wp\/v2\/product_tag?post=42819"}],"curies":[{"name":"wp","href":"https:\/\/api.w.org\/{rel}","templated":true}]}}