{"id":42838,"date":"2023-03-15T09:53:53","date_gmt":"2023-03-15T02:53:53","guid":{"rendered":"https:\/\/mouldking.store\/shop\/jiestar-89154-the-meeting-point-with-2720-pieces\/"},"modified":"2023-03-15T09:53:53","modified_gmt":"2023-03-15T02:53:53","slug":"jiestar-89154-the-meeting-point-with-2720-pieces","status":"publish","type":"product","link":"https:\/\/mouldking.store\/vi\/shop\/jiestar-89154-the-meeting-point-with-2720-pieces\/","title":{"rendered":"JIESTAR 89154 \u0110i\u1ec3m H\u1eb9n V\u1edbi 2720 M\u1ea3nh Gh\u00e9p"},"content":{"rendered":"<div>\u2705 JIESTAR 89154 The Meeting Point&nbsp;<br \/>&nbsp;<br \/>\u2705In many transportation stations, such as airports, train stations, and bus terminals, it&#8217;s common to have a welcome point located in the lobby to help guide passengers, answer questions, provide directions, and offer other types of assistance.<br \/>&nbsp;<br \/>\ud83d\udeab QUAN TR\u1eccNG!&nbsp;<br \/>&nbsp;<br \/>Product Name: The Meeting Point&nbsp;<br \/>&nbsp;<br \/>Danh m\u1ee5c: T\u00f2a nh\u00e0 m\u00f4-\u0111un<br \/>&nbsp;<br \/>This Kit Contains:&nbsp; JIESTAR 89154<br \/>&nbsp;<br \/>2720 pcs Good Quality Bricks&nbsp;<br \/>&nbsp;<br \/>Size: 38 \u00d7 26 \u00d7 30 cm<br \/>&nbsp;<br \/>H\u01b0\u1edbng d\u1eabn th\u1ee7 c\u00f4ng&nbsp;<br \/>&nbsp;<br \/>\ud83d\udcccB\u1ea3n ch\u1ea5t c\u1ee7a nh\u00e2n v\u1eadt ch\u00ednh&nbsp;<br \/>&nbsp;<br \/>Introducing our proud collection named \u201cThe Meeting Point \u201d you should not miss.&nbsp;<br \/>&nbsp;<br \/>The welcome point may be staffed by employees of the station or by volunteers from local organizations or tourism bureaus. They may wear uniforms or badges to identify themselves and may offer services such as maps, brochures, or information about local attractions and events. The goal is to create a positive and welcoming experience for passengers and to help them navigate the station with ease.<\/div>","protected":false},"excerpt":{"rendered":"<p>Th\u01b0\u01a1ng hi\u1ec7u: JIESTAR<br \/>\nGi\u1edbi t\u00ednh: Unisex<br \/>\n\u0110\u1ed9 tu\u1ed5i: &gt; 6 tu\u1ed5i<br \/>\nModel Number: 89154<br \/>\nPh\u00e2n lo\u1ea1i: T\u1eadp h\u1ee3p<br \/>\nH\u00ecnh d\u1ea1ng kh\u1ed1i nh\u1ef1a: G\u1ea1ch t\u1ef1 kh\u00f3a<br \/>\nCh\u1ea5t li\u1ec7u: Nh\u1ef1a<br \/>\nLo\u1ea1i nh\u1ef1a: ABS<br \/>\nBricks Blocks: 2720 +<br \/>\nKh\u00f4ng c\u00f3 h\u1ed9p ban \u0111\u1ea7u<\/p>","protected":false},"featured_media":42833,"comment_status":"open","ping_status":"closed","template":"","meta":{"_acf_changed":false},"product_cat":[1365,1395,390],"product_tag":[4883,8452,392,2309],"class_list":["product","first","instock","shipping-taxable","purchasable","product-type-simple"],"acf":[],"_links":{"self":[{"href":"https:\/\/mouldking.store\/vi\/wp-json\/wp\/v2\/product\/42838","targetHints":{"allow":["GET"]}}],"collection":[{"href":"https:\/\/mouldking.store\/vi\/wp-json\/wp\/v2\/product"}],"about":[{"href":"https:\/\/mouldking.store\/vi\/wp-json\/wp\/v2\/types\/product"}],"replies":[{"embeddable":true,"href":"https:\/\/mouldking.store\/vi\/wp-json\/wp\/v2\/comments?post=42838"}],"wp:featuredmedia":[{"embeddable":true,"href":"https:\/\/mouldking.store\/vi\/wp-json\/wp\/v2\/media\/42833"}],"wp:attachment":[{"href":"https:\/\/mouldking.store\/vi\/wp-json\/wp\/v2\/media?parent=42838"}],"wp:term":[{"taxonomy":"product_cat","embeddable":true,"href":"https:\/\/mouldking.store\/vi\/wp-json\/wp\/v2\/product_cat?post=42838"},{"taxonomy":"product_tag","embeddable":true,"href":"https:\/\/mouldking.store\/vi\/wp-json\/wp\/v2\/product_tag?post=42838"}],"curies":[{"name":"wp","href":"https:\/\/api.w.org\/{rel}","templated":true}]}}