{"id":42859,"date":"2023-03-15T10:25:23","date_gmt":"2023-03-15T03:25:23","guid":{"rendered":"https:\/\/mouldking.store\/shop\/mould-king-12023-world-railway-obb-1189-08-electric-locomotive-with-919-pieces\/"},"modified":"2023-03-15T10:25:23","modified_gmt":"2023-03-15T03:25:23","slug":"mould-king-12023-world-railway-obb-1189-08-electric-locomotive-with-919-pieces","status":"publish","type":"product","link":"https:\/\/mouldking.store\/vi\/shop\/mould-king-12023-world-railway-obb-1189-08-electric-locomotive-with-919-pieces\/","title":{"rendered":"MOLD KING 12023 \u0110\u01b0\u1eddng s\u1eaft th\u1ebf gi\u1edbi: \u0110\u1ea7u m\u00e1y \u0111i\u1ec7n OBB 1189.08 v\u1edbi 919 m\u1ea3nh gh\u00e9p"},"content":{"rendered":"<div>\u2705 \u0110\u01b0\u1eddng s\u1eaft th\u1ebf gi\u1edbi Mold King 12023: \u0110\u1ea7u m\u00e1y \u0111i\u1ec7n OBB 1189.08<br \/>&nbsp;<br \/>\u2705\u00d6BB 1189.08 l\u00e0 \u0111\u1ea7u m\u00e1y \u0111i\u1ec7n \u0111\u01b0\u1ee3c \u0110\u01b0\u1eddng s\u1eaft Li\u00ean bang \u00c1o (\u00d6BB) s\u1eed d\u1ee5ng \u0111\u1ec3 v\u1eadn chuy\u1ec3n h\u00e0ng h\u00f3a v\u00e0 h\u00e0nh kh\u00e1ch. N\u00f3 \u0111\u01b0\u1ee3c ch\u1ebf t\u1ea1o b\u1edfi c\u00f4ng ty Siemens c\u1ee7a \u0110\u1ee9c v\u00e0 \u0111\u01b0\u1ee3c gi\u1edbi thi\u1ec7u v\u00e0o n\u0103m 2005 nh\u01b0 m\u1ed9t ph\u1ea7n c\u1ee7a d\u00f2ng \u0111\u1ea7u m\u00e1y xe l\u1eeda Eurosprinter.<br \/>&nbsp;<br \/>\ud83d\udeab QUAN TR\u1eccNG!&nbsp;<br \/>&nbsp;<br \/>T\u00ean s\u1ea3n ph\u1ea9m: \u0110\u01b0\u1eddng s\u1eaft th\u1ebf gi\u1edbi: \u0110\u1ea7u m\u00e1y \u0111i\u1ec7n OBB 1189.08<br \/>&nbsp;<br \/>Danh m\u1ee5c: K\u1ef9 thu\u1eadt<br \/>&nbsp;<br \/>B\u1ed9 n\u00e0y ch\u1ee9a: Mold King 12023<br \/>&nbsp;<br \/>919 vi\u00ean g\u1ea1ch ch\u1ea5t l\u01b0\u1ee3ng t\u1ed1t&nbsp;<br \/>&nbsp;<br \/>K\u00edch th\u01b0\u1edbc: 48\u00d75.9\u00d713.9cm<br \/>&nbsp;<br \/>H\u01b0\u1edbng d\u1eabn th\u1ee7 c\u00f4ng&nbsp;<br \/>&nbsp;<br \/>\ud83d\udcccB\u1ea3n ch\u1ea5t c\u1ee7a nh\u00e2n v\u1eadt ch\u00ednh&nbsp;<br \/>&nbsp;<br \/>Xin gi\u1edbi thi\u1ec7u b\u1ed9 s\u01b0u t\u1eadp \u0111\u00e1ng t\u1ef1 h\u00e0o c\u1ee7a ch\u00fang t\u00f4i mang t\u00ean \u201c\u0110\u01b0\u1eddng s\u1eaft th\u1ebf gi\u1edbi: \u0110\u1ea7u m\u00e1y \u0111i\u1ec7n OBB 1189.08\u201d m\u00e0 b\u1ea1n kh\u00f4ng n\u00ean b\u1ecf l\u1ee1.&nbsp;<br \/>&nbsp;<br \/>\u00d6BB 1189.08 l\u00e0 \u0111\u1ea7u m\u00e1y b\u1ed1n tr\u1ee5c v\u1edbi c\u00f4ng su\u1ea5t t\u1ed1i \u0111a 6400 kW v\u00e0 t\u1ed1c \u0111\u1ed9 t\u1ed1i \u0111a 200 km\/h (124 d\u1eb7m\/gi\u1edd). N\u00f3 \u0111\u01b0\u1ee3c trang b\u1ecb c\u00f4ng ngh\u1ec7 phanh t\u00e1i t\u1ea1o, cho ph\u00e9p n\u00f3 ph\u1ee5c h\u1ed3i v\u00e0 l\u01b0u tr\u1eef n\u0103ng l\u01b0\u1ee3ng trong qu\u00e1 tr\u00ecnh phanh \u0111\u1ec3 n\u00e2ng cao hi\u1ec7u qu\u1ea3 v\u00e0 gi\u1ea3m hao m\u00f2n cho phanh. \u0110\u1ea7u m\u00e1y \u0111\u01b0\u1ee3c thi\u1ebft k\u1ebf \u0111\u1ec3 ho\u1ea1t \u0111\u1ed9ng b\u1eb1ng c\u1ea3 ngu\u1ed3n AC v\u00e0 DC, v\u00e0 c\u00f3 th\u1ec3 \u0111\u01b0\u1ee3c s\u1eed d\u1ee5ng tr\u00ean nhi\u1ec1u tuy\u1ebfn \u0111\u01b0\u1eddng s\u1eaft kh\u00e1c nhau tr\u00ean kh\u1eafp ch\u00e2u \u00c2u. T\u00e0u \u0111\u01b0\u1ee3c trang b\u1ecb c\u00e1c h\u1ec7 th\u1ed1ng an to\u00e0n ti\u00ean ti\u1ebfn, bao g\u1ed3m b\u1ea3o v\u1ec7 \u0111o\u00e0n t\u00e0u t\u1ef1 \u0111\u1ed9ng v\u00e0 h\u1ec7 th\u1ed1ng t\u01b0 v\u1ea5n l\u00e1i xe, \u0111\u1ec3 \u0111\u1ea3m b\u1ea3o v\u1eadn h\u00e0nh an to\u00e0n v\u00e0 hi\u1ec7u qu\u1ea3.<\/div>","protected":false},"excerpt":{"rendered":"<p>Th\u01b0\u01a1ng hi\u1ec7u: VUA KHU\u00d4N<br \/>\nGi\u1edbi t\u00ednh: Unisex<br \/>\n\u0110\u1ed9 tu\u1ed5i: &gt; 8 tu\u1ed5i<br \/>\nS\u1ed1 m\u00f4 h\u00ecnh: 12023<br \/>\nPh\u00e2n lo\u1ea1i: T\u1eadp h\u1ee3p<br \/>\nH\u00ecnh d\u1ea1ng kh\u1ed1i nh\u1ef1a: G\u1ea1ch t\u1ef1 kh\u00f3a<br \/>\nCh\u1ea5t li\u1ec7u: Nh\u1ef1a<br \/>\nLo\u1ea1i nh\u1ef1a: ABS<br \/>\nKh\u1ed1i g\u1ea1ch: 919 +<br \/>\nKh\u00f4ng c\u00f3 h\u1ed9p ban \u0111\u1ea7u<\/p>","protected":false},"featured_media":42853,"comment_status":"open","ping_status":"closed","template":"","meta":{"_acf_changed":false},"product_cat":[1357,364],"product_tag":[9981,2635,11521,11250,389,11080,300],"class_list":["product","first","instock","shipping-taxable","purchasable","product-type-simple"],"acf":[],"_links":{"self":[{"href":"https:\/\/mouldking.store\/vi\/wp-json\/wp\/v2\/product\/42859","targetHints":{"allow":["GET"]}}],"collection":[{"href":"https:\/\/mouldking.store\/vi\/wp-json\/wp\/v2\/product"}],"about":[{"href":"https:\/\/mouldking.store\/vi\/wp-json\/wp\/v2\/types\/product"}],"replies":[{"embeddable":true,"href":"https:\/\/mouldking.store\/vi\/wp-json\/wp\/v2\/comments?post=42859"}],"wp:featuredmedia":[{"embeddable":true,"href":"https:\/\/mouldking.store\/vi\/wp-json\/wp\/v2\/media\/42853"}],"wp:attachment":[{"href":"https:\/\/mouldking.store\/vi\/wp-json\/wp\/v2\/media?parent=42859"}],"wp:term":[{"taxonomy":"product_cat","embeddable":true,"href":"https:\/\/mouldking.store\/vi\/wp-json\/wp\/v2\/product_cat?post=42859"},{"taxonomy":"product_tag","embeddable":true,"href":"https:\/\/mouldking.store\/vi\/wp-json\/wp\/v2\/product_tag?post=42859"}],"curies":[{"name":"wp","href":"https:\/\/api.w.org\/{rel}","templated":true}]}}