{"id":42880,"date":"2023-03-15T11:20:43","date_gmt":"2023-03-15T04:20:43","guid":{"rendered":"https:\/\/mouldking.store\/shop\/moc-factory-49271-lumber-car-carriage-with-1287-pieces\/"},"modified":"2025-12-16T22:25:10","modified_gmt":"2025-12-16T15:25:10","slug":"moc-factory-49271-lumber-car-carriage-with-1287-pieces","status":"publish","type":"product","link":"https:\/\/mouldking.store\/vi\/shop\/moc-factory-49271-lumber-car-carriage-with-1287-pieces\/","title":{"rendered":"Nh\u00e0 m\u00e1y MOC 49271 Xe ch\u1edf h\u00e0ng b\u1eb1ng g\u1ed7 v\u1edbi 1287 mi\u1ebfng"},"content":{"rendered":"<div>\u2705 Xe ch\u1edf g\u1ed7 MOC-49271<\/p>\n<p>\u2705Xe ch\u1edf g\u1ed7 hay c\u00f2n g\u1ecdi l\u00e0 toa ch\u1edf g\u1ed7 l\u00e0 m\u1ed9t lo\u1ea1i toa ch\u1edf h\u00e0ng \u0111\u01b0\u1eddng s\u1eaft d\u00f9ng \u0111\u1ec3 v\u1eadn chuy\u1ec3n g\u1ed7 v\u00e0 c\u00e1c v\u1eadt n\u1eb7ng, l\u1edbn kh\u00e1c. N\u00f3 \u0111\u01b0\u1ee3c thi\u1ebft k\u1ebf v\u1edbi boong h\u1edf, b\u1eb1ng ph\u1eb3ng cho ph\u00e9p b\u1ed1c d\u1ee1 h\u00e0ng h\u00f3a d\u1ec5 d\u00e0ng v\u00e0 th\u01b0\u1eddng \u0111\u01b0\u1ee3c s\u1eed d\u1ee5ng \u0111\u1ec3 v\u1eadn chuy\u1ec3n nh\u1eefng lo\u1ea1i h\u00e0ng h\u00f3a kh\u00f4ng th\u1ec3 ch\u1ee9a trong c\u00e1c toa xe th\u00f9ng k\u00edn ti\u00eau chu\u1ea9n.<\/p>\n<p>\ud83d\udeab QUAN TR\u1eccNG!<\/p>\n<p>T\u00ean s\u1ea3n ph\u1ea9m: Xe ch\u1edf g\u1ed7<\/p>\n<p>Danh m\u1ee5c: K\u1ef9 thu\u1eadt<\/p>\n<p>B\u1ed9 n\u00e0y ch\u1ee9a: MOC-49271&nbsp;<\/p>\n<p>1287 chi\u1ebfc G\u1ea1ch ch\u1ea5t l\u01b0\u1ee3ng t\u1ed1t<\/p>\n<p>Tr\u1ecdng l\u01b0\u1ee3ng: 1000g<\/p>\n<p>H\u01b0\u1edbng d\u1eabn PDF<\/p>\n<p>\ud83d\udcccB\u1ea3n ch\u1ea5t c\u1ee7a nh\u00e2n v\u1eadt ch\u00ednh<\/p>\n<p>Gi\u1edbi thi\u1ec7u b\u1ed9 s\u01b0u t\u1eadp \u0111\u00e1ng t\u1ef1 h\u00e0o c\u1ee7a ch\u00fang t\u00f4i mang t\u00ean \u201cLumber Car Carriage\u201d m\u00e0 b\u1ea1n kh\u00f4ng n\u00ean b\u1ecf l\u1ee1.<\/p>\n<p>C\u00e1c toa ch\u1edf g\u1ed7 th\u01b0\u1eddng c\u00f3 c\u00e1c t\u00fai c\u1ecdc v\u00e0 c\u00e1c \u0111i\u1ec3m bu\u1ed9c d\u1ecdc theo hai b\u00ean boong \u0111\u1ec3 c\u1ed1 \u0111\u1ecbnh h\u00e0ng h\u00f3a trong qu\u00e1 tr\u00ecnh v\u1eadn chuy\u1ec3n. M\u1ed9t s\u1ed1 toa ch\u1edf g\u1ed7 c\u0169ng c\u00f3 th\u1ec3 \u0111\u01b0\u1ee3c trang b\u1ecb c\u00e1c m\u1eb7t c\u00f3 th\u1ec3 th\u00e1o r\u1eddi, cho ph\u00e9p ch\u00fang \u0111\u01b0\u1ee3c s\u1eed d\u1ee5ng \u0111\u1ec3 v\u1eadn chuy\u1ec3n c\u00e1c lo\u1ea1i h\u00e0ng h\u00f3a kh\u00e1c khi kh\u00f4ng ch\u1edf g\u1ed7. Xe ch\u1edf g\u1ed7 c\u00f3 nhi\u1ec1u k\u00edch c\u1ee1 v\u00e0 tr\u1ecdng l\u01b0\u1ee3ng kh\u00e1c nhau, t\u00f9y thu\u1ed9c v\u00e0o nhu c\u1ea7u c\u1ee7a h\u00e0ng h\u00f3a \u0111\u01b0\u1ee3c v\u1eadn chuy\u1ec3n. Ch\u00fang th\u01b0\u1eddng \u0111\u01b0\u1ee3c s\u1eed d\u1ee5ng trong ng\u00e0nh l\u00e2m s\u1ea3n \u0111\u1ec3 v\u1eadn chuy\u1ec3n g\u1ed7 tr\u00f2n, g\u1ed7 x\u1ebb v\u00e0 c\u00e1c s\u1ea3n ph\u1ea9m g\u1ed7 kh\u00e1c, c\u0169ng nh\u01b0 trong c\u00e1c ng\u00e0nh kh\u00e1c \u0111\u1ec3 v\u1eadn chuy\u1ec3n m\u00e1y m\u00f3c h\u1ea1ng n\u1eb7ng, \u0111\u01b0\u1eddng \u1ed1ng l\u1edbn v\u00e0 c\u00e1c v\u1eadt th\u1ec3 qu\u00e1 kh\u1ed5 kh\u00e1c.<\/p><\/div>","protected":false},"excerpt":{"rendered":"<p>Th\u01b0\u01a1ng hi\u1ec7u: Nh\u00e0 m\u00e1y M\u1ed8C<br \/>\nGi\u1edbi t\u00ednh: Unisex<br \/>\n\u0110\u1ed9 tu\u1ed5i: &gt; 12 tu\u1ed5i<br \/>\nS\u1ed1 m\u00f4 h\u00ecnh: 49271<br \/>\nPh\u00e2n lo\u1ea1i: T\u1eadp h\u1ee3p<br \/>\nH\u00ecnh d\u1ea1ng kh\u1ed1i nh\u1ef1a: G\u1ea1ch t\u1ef1 kh\u00f3a<br \/>\nCh\u1ea5t li\u1ec7u: Nh\u1ef1a<br \/>\nLo\u1ea1i nh\u1ef1a: ABS<br \/>\nKh\u1ed1i g\u1ea1ch: 1287 +<br \/>\nS\u1eafp x\u1ebfp th\u1eddi gian: 4-8 tu\u1ea7n<\/p>","protected":false},"featured_media":42874,"comment_status":"open","ping_status":"closed","template":"","meta":{"_acf_changed":false},"product_cat":[1360,1357,364],"product_tag":[457,991,11525,389,11080],"class_list":["product","first","instock","shipping-taxable","purchasable","product-type-simple"],"acf":[],"_links":{"self":[{"href":"https:\/\/mouldking.store\/vi\/wp-json\/wp\/v2\/product\/42880","targetHints":{"allow":["GET"]}}],"collection":[{"href":"https:\/\/mouldking.store\/vi\/wp-json\/wp\/v2\/product"}],"about":[{"href":"https:\/\/mouldking.store\/vi\/wp-json\/wp\/v2\/types\/product"}],"replies":[{"embeddable":true,"href":"https:\/\/mouldking.store\/vi\/wp-json\/wp\/v2\/comments?post=42880"}],"wp:featuredmedia":[{"embeddable":true,"href":"https:\/\/mouldking.store\/vi\/wp-json\/wp\/v2\/media\/42874"}],"wp:attachment":[{"href":"https:\/\/mouldking.store\/vi\/wp-json\/wp\/v2\/media?parent=42880"}],"wp:term":[{"taxonomy":"product_cat","embeddable":true,"href":"https:\/\/mouldking.store\/vi\/wp-json\/wp\/v2\/product_cat?post=42880"},{"taxonomy":"product_tag","embeddable":true,"href":"https:\/\/mouldking.store\/vi\/wp-json\/wp\/v2\/product_tag?post=42880"}],"curies":[{"name":"wp","href":"https:\/\/api.w.org\/{rel}","templated":true}]}}