{"id":42900,"date":"2023-03-15T11:52:20","date_gmt":"2023-03-15T04:52:20","guid":{"rendered":"https:\/\/mouldking.store\/shop\/moc-factory-132661-black-falcons-fortress-classic-castle-with-6710-pieces\/"},"modified":"2025-12-16T22:25:10","modified_gmt":"2025-12-16T15:25:10","slug":"moc-factory-132661-black-falcons-fortress-classic-castle-with-6710-pieces","status":"publish","type":"product","link":"https:\/\/mouldking.store\/vi\/shop\/moc-factory-132661-black-falcons-fortress-classic-castle-with-6710-pieces\/","title":{"rendered":"MOC Factory 132661 Black Falcon&#039;s Fortress \u2013 L\u00e2u \u0110\u00e0i C\u1ed5 \u0110i\u1ec3n V\u1edbi 6710 M\u1ea3nh Gh\u00e9p"},"content":{"rendered":"<div>\u2705 MOC-132661 Ph\u00e1o \u0111\u00e0i chim \u01b0ng \u0111en \u2013 L\u00e2u \u0111\u00e0i c\u1ed5 \u0111i\u1ec3n<\/p>\n<p>\u2705Ph\u00e1o \u0111\u00e0i c\u1ee7a Chim \u01b0ng \u0111en l\u00e0 m\u1ed9t b\u1ed9 L\u00e2u \u0111\u00e0i c\u1ed5 \u0111i\u1ec3n b\u1eb1ng g\u1ea1ch \u0111\u01b0\u1ee3c ph\u00e1t h\u00e0nh l\u1ea7n \u0111\u1ea7u ti\u00ean v\u00e0o n\u0103m 2023. N\u00f3 l\u00e0 m\u1ed9t ph\u1ea7n c\u1ee7a phe Chim \u01b0ng \u0111en, m\u1ed9t trong nh\u1eefng phe h\u01b0 c\u1ea5u trong ch\u1ee7 \u0111\u1ec1 L\u00e2u \u0111\u00e0i c\u1ed5 \u0111i\u1ec3n.<\/p>\n<p>\ud83d\udeab QUAN TR\u1eccNG!<\/p>\n<p>T\u00ean s\u1ea3n ph\u1ea9m: Black Falcon&#039;s Fortress \u2013 Classic Castle<\/p>\n<p>Danh m\u1ee5c: T\u00f2a nh\u00e0 m\u00f4-\u0111un<\/p>\n<p>B\u1ed9 c\u00f4ng c\u1ee5 n\u00e0y ch\u1ee9a: MOC-132661&nbsp;<\/p>\n<p>6710 vi\u00ean g\u1ea1ch ch\u1ea5t l\u01b0\u1ee3ng t\u1ed1t<\/p>\n<p>K\u00edch th\u01b0\u1edbc: 53,34 x 53,34 x 45,72cm<\/p>\n<p>Tr\u1ecdng l\u01b0\u1ee3ng: 5800g<\/p>\n<p>H\u01b0\u1edbng d\u1eabn PDF<\/p>\n<p>\ud83d\udcccB\u1ea3n ch\u1ea5t c\u1ee7a nh\u00e2n v\u1eadt ch\u00ednh<\/p>\n<p>Xin gi\u1edbi thi\u1ec7u b\u1ed9 s\u01b0u t\u1eadp \u0111\u00e1ng t\u1ef1 h\u00e0o c\u1ee7a ch\u00fang t\u00f4i mang t\u00ean \u201cPh\u00e1o \u0111\u00e0i chim \u01b0ng \u0111en \u2013 L\u00e2u \u0111\u00e0i c\u1ed5 \u0111i\u1ec3n\u201d m\u00e0 b\u1ea1n kh\u00f4ng n\u00ean b\u1ecf l\u1ee1.<\/p>\n<p>B\u1ed9 n\u00e0y bao g\u1ed3m m\u1ed9t c\u1ea5u tr\u00fac ph\u00e1o \u0111\u00e0i l\u1edbn v\u1edbi c\u1ea7u k\u00e9o, c\u1ed5ng th\u00e0nh, th\u00e1p v\u00e0 m\u1ed9t ph\u00e1o \u0111\u00e0i trung t\u00e2m. N\u00f3 c\u0169ng \u0111i k\u00e8m v\u1edbi m\u1ed9t s\u1ed1 hi\u1ec7p s\u0129 Black Falcons, m\u1ed9t v\u00e0i cung th\u1ee7 v\u00e0 m\u1ed9t s\u1ed1 ph\u1ee5 ki\u1ec7n nh\u01b0 v\u0169 kh\u00ed v\u00e0 khi\u00ean. Ph\u00e1o \u0111\u00e0i c\u1ee7a Chim \u01b0ng \u0111en l\u00e0 m\u1ed9t trong nh\u1eefng b\u1ed9 l\u1edbn nh\u1ea5t v\u00e0 \u1ea5n t\u01b0\u1ee3ng nh\u1ea5t trong ch\u1ee7 \u0111\u1ec1 L\u00e2u \u0111\u00e0i c\u1ed5 \u0111i\u1ec3n, \u0111\u1ed3ng th\u1eddi n\u00f3 v\u1eabn l\u00e0 m\u1ed9t b\u1ed9 ph\u1ed5 bi\u1ebfn v\u00e0 \u0111\u01b0\u1ee3c s\u0103n \u0111\u00f3n trong gi\u1edbi s\u01b0u t\u1eadp g\u1ea1ch v\u00e0 nh\u1eefng ng\u01b0\u1eddi h\u00e2m m\u1ed9 ch\u1ee7 \u0111\u1ec1 n\u00e0y. N\u00f3 \u0111\u00e1ng ch\u00fa \u00fd v\u1ec1 quy m\u00f4, m\u1ee9c \u0111\u1ed9 chi ti\u1ebft v\u00e0 kh\u1ea3 n\u0103ng ch\u01a1i c\u1ee7a n\u00f3, v\u00e0 n\u00f3 \u0111\u00e3 gi\u00fap Black Falcons tr\u1edf th\u00e0nh m\u1ed9t trong nh\u1eefng phe mang t\u00ednh bi\u1ec3u t\u01b0\u1ee3ng nh\u1ea5t trong d\u00f2ng L\u00e2u \u0111\u00e0i C\u1ed5 \u0111i\u1ec3n.<\/p><\/div>","protected":false},"excerpt":{"rendered":"<p>Th\u01b0\u01a1ng hi\u1ec7u: Nh\u00e0 m\u00e1y M\u1ed8C<br \/>\nGi\u1edbi t\u00ednh: Unisex<br \/>\n\u0110\u1ed9 tu\u1ed5i: &gt; 12 tu\u1ed5i<br \/>\nS\u1ed1 m\u00f4 h\u00ecnh: 132661<br \/>\nPh\u00e2n lo\u1ea1i: T\u1eadp h\u1ee3p<br \/>\nH\u00ecnh d\u1ea1ng kh\u1ed1i nh\u1ef1a: G\u1ea1ch t\u1ef1 kh\u00f3a<br \/>\nCh\u1ea5t li\u1ec7u: Nh\u1ef1a<br \/>\nLo\u1ea1i nh\u1ef1a: ABS<br \/>\nKh\u1ed1i g\u1ea1ch: 6710 +<br \/>\nS\u1eafp x\u1ebfp th\u1eddi gian: 4-8 tu\u1ea7n<\/p>","protected":false},"author":83,"featured_media":42895,"comment_status":"open","ping_status":"closed","template":"","meta":{"_acf_changed":false},"product_cat":[1365,1395,390],"product_tag":[11462,787,11528,8452,5349,8659,11099,392],"class_list":["product","first","instock","shipping-taxable","purchasable","product-type-simple"],"acf":[],"_links":{"self":[{"href":"https:\/\/mouldking.store\/vi\/wp-json\/wp\/v2\/product\/42900","targetHints":{"allow":["GET"]}}],"collection":[{"href":"https:\/\/mouldking.store\/vi\/wp-json\/wp\/v2\/product"}],"about":[{"href":"https:\/\/mouldking.store\/vi\/wp-json\/wp\/v2\/types\/product"}],"author":[{"embeddable":true,"href":"https:\/\/mouldking.store\/vi\/wp-json\/wp\/v2\/users\/83"}],"replies":[{"embeddable":true,"href":"https:\/\/mouldking.store\/vi\/wp-json\/wp\/v2\/comments?post=42900"}],"wp:featuredmedia":[{"embeddable":true,"href":"https:\/\/mouldking.store\/vi\/wp-json\/wp\/v2\/media\/42895"}],"wp:attachment":[{"href":"https:\/\/mouldking.store\/vi\/wp-json\/wp\/v2\/media?parent=42900"}],"wp:term":[{"taxonomy":"product_cat","embeddable":true,"href":"https:\/\/mouldking.store\/vi\/wp-json\/wp\/v2\/product_cat?post=42900"},{"taxonomy":"product_tag","embeddable":true,"href":"https:\/\/mouldking.store\/vi\/wp-json\/wp\/v2\/product_tag?post=42900"}],"curies":[{"name":"wp","href":"https:\/\/api.w.org\/{rel}","templated":true}]}}