{"id":42929,"date":"2023-03-15T12:26:45","date_gmt":"2023-03-15T05:26:45","guid":{"rendered":"https:\/\/mouldking.store\/shop\/moc-factory-36789-the-horrid-mermaid-pirate-ship-with-1411-pieces\/"},"modified":"2025-12-16T22:25:10","modified_gmt":"2025-12-16T15:25:10","slug":"moc-factory-36789-the-horrid-mermaid-pirate-ship-with-1411-pieces","status":"publish","type":"product","link":"https:\/\/mouldking.store\/vi\/shop\/moc-factory-36789-the-horrid-mermaid-pirate-ship-with-1411-pieces\/","title":{"rendered":"MOC Factory 36789 Con T\u00e0u C\u01b0\u1edbp Bi\u1ec3n N\u00e0ng Ti\u00ean C\u00e1 Kinh D\u1ecb V\u1edbi 1411 M\u1ea3nh Gh\u00e9p"},"content":{"rendered":"<div>\u2705 MOC-36789 The Horrid Mermaid Pirate Ship<\/p>\n<p>\u2705The Horrid Mermaid is a brick building set that was part of the brick Pirates theme. The set was released in 2023 and is designed for children ages 12+.<\/p>\n<p>\ud83d\udeab QUAN TR\u1eccNG!<\/p>\n<p>Product Name: The Horrid Mermaid Pirate Ship<\/p>\n<p>Danh m\u1ee5c: K\u1ef9 thu\u1eadt<\/p>\n<p>This Kit Contains: MOC-36789<\/p>\n<p>1411 pcs Good Quality Bricks<\/p>\n<p>Tr\u1ecdng l\u01b0\u1ee3ng: 1400g<\/p>\n<p>H\u01b0\u1edbng d\u1eabn PDF<\/p>\n<p>\ud83d\udcccB\u1ea3n ch\u1ea5t c\u1ee7a nh\u00e2n v\u1eadt ch\u00ednh<\/p>\n<p>Introducing our proud collection named \u201cThe Horrid Mermaid Pirate Ship\u201d you should not miss.<\/p>\n<p>The set includes a pirate ship, a mermaid figure, and several minifigures representing the pirates. The pirate ship features a detachable mermaid figurehead and a hidden compartment where the mermaid can be held captive. The set also includes various accessories such as weapons, treasure, and a shark figure.<\/p><\/div>","protected":false},"excerpt":{"rendered":"<p>Th\u01b0\u01a1ng hi\u1ec7u: Nh\u00e0 m\u00e1y M\u1ed8C<br \/>\nGi\u1edbi t\u00ednh: Unisex<br \/>\n\u0110\u1ed9 tu\u1ed5i: &gt; 12 tu\u1ed5i<br \/>\nModel Number: 36789<br \/>\nPh\u00e2n lo\u1ea1i: T\u1eadp h\u1ee3p<br \/>\nH\u00ecnh d\u1ea1ng kh\u1ed1i nh\u1ef1a: G\u1ea1ch t\u1ef1 kh\u00f3a<br \/>\nCh\u1ea5t li\u1ec7u: Nh\u1ef1a<br \/>\nLo\u1ea1i nh\u1ef1a: ABS<br \/>\nBricks Blocks: 1411 +<br \/>\nS\u1eafp x\u1ebfp th\u1eddi gian: 4-8 tu\u1ea7n<\/p>","protected":false},"featured_media":42924,"comment_status":"open","ping_status":"closed","template":"","meta":{"_acf_changed":false},"product_cat":[1357,364],"product_tag":[11099,11532,8704,389],"class_list":["product","first","instock","shipping-taxable","purchasable","product-type-simple"],"acf":[],"_links":{"self":[{"href":"https:\/\/mouldking.store\/vi\/wp-json\/wp\/v2\/product\/42929","targetHints":{"allow":["GET"]}}],"collection":[{"href":"https:\/\/mouldking.store\/vi\/wp-json\/wp\/v2\/product"}],"about":[{"href":"https:\/\/mouldking.store\/vi\/wp-json\/wp\/v2\/types\/product"}],"replies":[{"embeddable":true,"href":"https:\/\/mouldking.store\/vi\/wp-json\/wp\/v2\/comments?post=42929"}],"wp:featuredmedia":[{"embeddable":true,"href":"https:\/\/mouldking.store\/vi\/wp-json\/wp\/v2\/media\/42924"}],"wp:attachment":[{"href":"https:\/\/mouldking.store\/vi\/wp-json\/wp\/v2\/media?parent=42929"}],"wp:term":[{"taxonomy":"product_cat","embeddable":true,"href":"https:\/\/mouldking.store\/vi\/wp-json\/wp\/v2\/product_cat?post=42929"},{"taxonomy":"product_tag","embeddable":true,"href":"https:\/\/mouldking.store\/vi\/wp-json\/wp\/v2\/product_tag?post=42929"}],"curies":[{"name":"wp","href":"https:\/\/api.w.org\/{rel}","templated":true}]}}