{"id":42935,"date":"2023-03-15T12:41:33","date_gmt":"2023-03-15T05:41:33","guid":{"rendered":"https:\/\/mouldking.store\/shop\/moc-factory-41988-eurofighter-typhoon-with-1108-pieces\/"},"modified":"2025-12-16T22:25:10","modified_gmt":"2025-12-16T15:25:10","slug":"moc-factory-41988-eurofighter-typhoon-with-1108-pieces","status":"publish","type":"product","link":"https:\/\/mouldking.store\/vi\/shop\/moc-factory-41988-eurofighter-typhoon-with-1108-pieces\/","title":{"rendered":"MOC Factory 41988 Eurofighter Typhoon with 1108 Pieces"},"content":{"rendered":"<div>\u2705 MOC-41988 Eurofighter Typhoon<\/p>\n<p>\u2705Eurofighter Typhoon l\u00e0 m\u00e1y bay chi\u1ebfn \u0111\u1ea5u \u0111a n\u0103ng, hai \u0111\u1ed9ng c\u01a1, \u0111\u01b0\u1ee3c thi\u1ebft k\u1ebf v\u00e0 ch\u1ebf t\u1ea1o b\u1edfi m\u1ed9t t\u1eadp \u0111o\u00e0n g\u1ed3m c\u00e1c c\u00f4ng ty h\u00e0ng kh\u00f4ng v\u0169 tr\u1ee5 ch\u00e2u \u00c2u, bao g\u1ed3m Airbus, BAE Systems v\u00e0 Leonardo. Lo\u1ea1i m\u00e1y bay n\u00e0y \u0111\u01b0\u1ee3c s\u1eed d\u1ee5ng b\u1edfi m\u1ed9t s\u1ed1 qu\u1ed1c gia ch\u00e2u \u00c2u, bao g\u1ed3m V\u01b0\u01a1ng qu\u1ed1c Anh, \u0110\u1ee9c, T\u00e2y Ban Nha v\u00e0 \u00dd, c\u0169ng nh\u01b0 \u1ea2 R\u1eadp Saudi v\u00e0 Oman.<\/p>\n<p>\ud83d\udeab QUAN TR\u1eccNG!<\/p>\n<p>T\u00ean s\u1ea3n ph\u1ea9m: Eurofighter Typhoon<\/p>\n<p>Th\u1ec3 lo\u1ea1i: Qu\u00e2n s\u1ef1<\/p>\n<p>B\u1ed9 n\u00e0y ch\u1ee9a: MOC-41988<\/p>\n<p>1108 chi\u1ebfc G\u1ea1ch ch\u1ea5t l\u01b0\u1ee3ng t\u1ed1t<\/p>\n<p>Tr\u1ecdng l\u01b0\u1ee3ng: 1100g<\/p>\n<p>H\u01b0\u1edbng d\u1eabn PDF<\/p>\n<p>\ud83d\udcccB\u1ea3n ch\u1ea5t c\u1ee7a nh\u00e2n v\u1eadt ch\u00ednh<\/p>\n<p>Xin gi\u1edbi thi\u1ec7u b\u1ed9 s\u01b0u t\u1eadp \u0111\u00e1ng t\u1ef1 h\u00e0o c\u1ee7a ch\u00fang t\u00f4i mang t\u00ean \u201cEurofighter Typhoon\u201d m\u00e0 b\u1ea1n kh\u00f4ng n\u00ean b\u1ecf l\u1ee1.<\/p>\n<p>Eurofighter Typhoon \u0111\u01b0\u1ee3c thi\u1ebft k\u1ebf \u0111\u1ec3 tr\u1edf th\u00e0nh m\u1ed9t m\u00e1y bay c\u00f3 kh\u1ea3 n\u0103ng c\u01a1 \u0111\u1ed9ng cao, nhanh nh\u1eb9n v\u00e0 linh ho\u1ea1t, c\u00f3 kh\u1ea3 n\u0103ng th\u1ef1c hi\u1ec7n nhi\u1ec1u lo\u1ea1i nhi\u1ec7m v\u1ee5, bao g\u1ed3m t\u00e1c chi\u1ebfn kh\u00f4ng \u0111\u1ed1i kh\u00f4ng, t\u1ea5n c\u00f4ng kh\u00f4ng \u0111\u1ed1i \u0111\u1ea5t v\u00e0 trinh s\u00e1t. N\u00f3 \u0111\u01b0\u1ee3c trang b\u1ecb h\u1ec7 th\u1ed1ng \u0111i\u1ec7n t\u1eed h\u00e0ng kh\u00f4ng v\u00e0 v\u0169 kh\u00ed ti\u00ean ti\u1ebfn, bao g\u1ed3m h\u1ec7 th\u1ed1ng radar tinh vi, h\u1ec7 th\u1ed1ng t\u00ean l\u1eeda v\u00e0 thi\u1ebft b\u1ecb t\u00e1c chi\u1ebfn \u0111i\u1ec7n t\u1eed. Eurofighter Typhoon \u0111\u00e3 tham gia v\u00e0o m\u1ed9t s\u1ed1 ho\u1ea1t \u0111\u1ed9ng qu\u00e2n s\u1ef1, bao g\u1ed3m c\u00e1c ho\u1ea1t \u0111\u1ed9ng c\u1ee7a NATO \u1edf Libya v\u00e0 nhi\u1ec7m v\u1ee5 C\u1ea3nh s\u00e1t tr\u00ean kh\u00f4ng v\u00f9ng Baltic. N\u00f3 \u0111\u01b0\u1ee3c coi l\u00e0 m\u1ed9t trong nh\u1eefng m\u00e1y bay chi\u1ebfn \u0111\u1ea5u ti\u00ean ti\u1ebfn v\u00e0 c\u00f3 kh\u1ea3 n\u0103ng nh\u1ea5t tr\u00ean th\u1ebf gi\u1edbi, v\u00e0 th\u01b0\u1eddng \u0111\u01b0\u1ee3c so s\u00e1nh v\u1edbi c\u00e1c m\u00e1y bay chi\u1ebfn \u0111\u1ea5u hi\u1ec7n \u0111\u1ea1i kh\u00e1c nh\u01b0 F-22 Raptor v\u00e0 F-35 Lightning II.<\/p><\/div>","protected":false},"excerpt":{"rendered":"<p>Th\u01b0\u01a1ng hi\u1ec7u: Nh\u00e0 m\u00e1y M\u1ed8C<br \/>\nGi\u1edbi t\u00ednh: Unisex<br \/>\n\u0110\u1ed9 tu\u1ed5i: &gt; 12 tu\u1ed5i<br \/>\nS\u1ed1 m\u00f4 h\u00ecnh: 41988<br \/>\nPh\u00e2n lo\u1ea1i: T\u1eadp h\u1ee3p<br \/>\nH\u00ecnh d\u1ea1ng kh\u1ed1i nh\u1ef1a: G\u1ea1ch t\u1ef1 kh\u00f3a<br \/>\nCh\u1ea5t li\u1ec7u: Nh\u1ef1a<br \/>\nLo\u1ea1i nh\u1ef1a: ABS<br \/>\nKh\u1ed1i g\u1ea1ch: 1108 +<br \/>\nS\u1eafp x\u1ebfp th\u1eddi gian: 4-8 tu\u1ea7n<\/p>","protected":false},"featured_media":42930,"comment_status":"open","ping_status":"closed","template":"","meta":{"_acf_changed":false},"product_cat":[1350,1357,372,364],"product_tag":[11534,11533,374,389,11535],"class_list":["product","first","instock","shipping-taxable","purchasable","product-type-simple"],"acf":[],"_links":{"self":[{"href":"https:\/\/mouldking.store\/vi\/wp-json\/wp\/v2\/product\/42935","targetHints":{"allow":["GET"]}}],"collection":[{"href":"https:\/\/mouldking.store\/vi\/wp-json\/wp\/v2\/product"}],"about":[{"href":"https:\/\/mouldking.store\/vi\/wp-json\/wp\/v2\/types\/product"}],"replies":[{"embeddable":true,"href":"https:\/\/mouldking.store\/vi\/wp-json\/wp\/v2\/comments?post=42935"}],"wp:featuredmedia":[{"embeddable":true,"href":"https:\/\/mouldking.store\/vi\/wp-json\/wp\/v2\/media\/42930"}],"wp:attachment":[{"href":"https:\/\/mouldking.store\/vi\/wp-json\/wp\/v2\/media?parent=42935"}],"wp:term":[{"taxonomy":"product_cat","embeddable":true,"href":"https:\/\/mouldking.store\/vi\/wp-json\/wp\/v2\/product_cat?post=42935"},{"taxonomy":"product_tag","embeddable":true,"href":"https:\/\/mouldking.store\/vi\/wp-json\/wp\/v2\/product_tag?post=42935"}],"curies":[{"name":"wp","href":"https:\/\/api.w.org\/{rel}","templated":true}]}}