{"id":42941,"date":"2023-03-15T13:15:56","date_gmt":"2023-03-15T06:15:56","guid":{"rendered":"https:\/\/mouldking.store\/shop\/moc-factory-37497-boeing-mh-47-g-special-ops-chinook-with-1758-pieces\/"},"modified":"2025-12-16T22:25:10","modified_gmt":"2025-12-16T15:25:10","slug":"moc-factory-37497-boeing-mh-47-g-special-ops-chinook-with-1758-pieces","status":"publish","type":"product","link":"https:\/\/mouldking.store\/vi\/shop\/moc-factory-37497-boeing-mh-47-g-special-ops-chinook-with-1758-pieces\/","title":{"rendered":"MOC Factory 37497 Boeing MH-47 G Special Ops Chinook with 1758 Pieces"},"content":{"rendered":"<div>\u2705 MOC-37497 Boeing MH-47 G Special Ops Chinook<\/p>\n<p>\u2705Boeing MH-47 G Special Ops Chinook l\u00e0 m\u1ed9t bi\u1ebfn th\u1ec3 c\u1ee7a m\u00e1y bay tr\u1ef1c th\u0103ng Chinook \u0111\u00e3 \u0111\u01b0\u1ee3c s\u1eeda \u0111\u1ed5i \u0111\u1eb7c bi\u1ec7t \u0111\u1ec3 s\u1eed d\u1ee5ng b\u1edfi c\u00e1c l\u1ef1c l\u01b0\u1ee3ng ho\u1ea1t \u0111\u1ed9ng \u0111\u1eb7c bi\u1ec7t. MH-47 G ch\u1ee7 y\u1ebfu \u0111\u01b0\u1ee3c s\u1eed d\u1ee5ng b\u1edfi Trung \u0111o\u00e0n H\u00e0ng kh\u00f4ng Ho\u1ea1t \u0111\u1ed9ng \u0110\u1eb7c bi\u1ec7t th\u1ee9 160 c\u1ee7a Qu\u00e2n \u0111\u1ed9i Hoa K\u1ef3, c\u00f2n \u0111\u01b0\u1ee3c g\u1ecdi l\u00e0 &quot;K\u1ebb b\u00e1m \u0111u\u00f4i \u0111\u00eam&quot;.<\/p>\n<p>\ud83d\udeab QUAN TR\u1eccNG!<\/p>\n<p>T\u00ean s\u1ea3n ph\u1ea9m: Boeing MH-47 G Special Ops Chinook<\/p>\n<p>Th\u1ec3 lo\u1ea1i: Qu\u00e2n s\u1ef1<\/p>\n<p>B\u1ed9 n\u00e0y ch\u1ee9a: MOC-37497<\/p>\n<p>1758 chi\u1ebfc G\u1ea1ch ch\u1ea5t l\u01b0\u1ee3ng t\u1ed1t<\/p>\n<p>Tr\u1ecdng l\u01b0\u1ee3ng: 1700g<\/p>\n<p>H\u01b0\u1edbng d\u1eabn PDF<\/p>\n<p>\ud83d\udcccB\u1ea3n ch\u1ea5t c\u1ee7a nh\u00e2n v\u1eadt ch\u00ednh<\/p>\n<p>Xin gi\u1edbi thi\u1ec7u b\u1ed9 s\u01b0u t\u1eadp \u0111\u00e1ng t\u1ef1 h\u00e0o c\u1ee7a ch\u00fang t\u00f4i c\u00f3 t\u00ean \u201cBoeing MH-47 G Special Ops Chinook\u201d m\u00e0 b\u1ea1n kh\u00f4ng n\u00ean b\u1ecf l\u1ee1.<\/p>\n<p>MH-47 G \u0111\u01b0\u1ee3c thi\u1ebft k\u1ebf \u0111\u1ec3 cung c\u1ea5p kh\u1ea3 n\u0103ng v\u1eadn chuy\u1ec3n ti\u00ean ti\u1ebfn cho c\u00e1c l\u1ef1c l\u01b0\u1ee3ng ho\u1ea1t \u0111\u1ed9ng \u0111\u1eb7c bi\u1ec7t, cho ph\u00e9p h\u1ecd di chuy\u1ec3n nh\u00e2n s\u1ef1 v\u00e0 thi\u1ebft b\u1ecb v\u00e0o v\u00e0 ra kh\u1ecfi m\u00f4i tr\u01b0\u1eddng th\u00f9 \u0111\u1ecbch m\u1ed9t c\u00e1ch nhanh ch\u00f3ng v\u00e0 l\u00e9n l\u00fat. M\u00e1y bay tr\u1ef1c th\u0103ng \u0111\u01b0\u1ee3c trang b\u1ecb h\u1ec7 th\u1ed1ng v\u0169 kh\u00ed v\u00e0 \u0111i\u1ec7n t\u1eed h\u00e0ng kh\u00f4ng ti\u00ean ti\u1ebfn, c\u0169ng nh\u01b0 h\u1ec7 th\u1ed1ng ti\u1ebfp nhi\u00ean li\u1ec7u chuy\u00ean d\u1ee5ng cho ph\u00e9p n\u00f3 th\u1ef1c hi\u1ec7n c\u00e1c nhi\u1ec7m v\u1ee5 t\u1ea7m xa m\u00e0 kh\u00f4ng c\u1ea7n ti\u1ebfp nhi\u00ean li\u1ec7u b\u1ed5 sung.<\/p><\/div>","protected":false},"excerpt":{"rendered":"<p>Th\u01b0\u01a1ng hi\u1ec7u: Nh\u00e0 m\u00e1y M\u1ed8C<br \/>\nGi\u1edbi t\u00ednh: Unisex<br \/>\n\u0110\u1ed9 tu\u1ed5i: &gt; 12 tu\u1ed5i<br \/>\nS\u1ed1 m\u00f4 h\u00ecnh: 37497<br \/>\nPh\u00e2n lo\u1ea1i: T\u1eadp h\u1ee3p<br \/>\nH\u00ecnh d\u1ea1ng kh\u1ed1i nh\u1ef1a: G\u1ea1ch t\u1ef1 kh\u00f3a<br \/>\nCh\u1ea5t li\u1ec7u: Nh\u1ef1a<br \/>\nLo\u1ea1i nh\u1ef1a: ABS<br \/>\nKh\u1ed1i g\u1ea1ch: 1758 +<br \/>\nS\u1eafp x\u1ebfp th\u1eddi gian: 4-8 tu\u1ea7n<\/p>","protected":false},"featured_media":42936,"comment_status":"open","ping_status":"closed","template":"","meta":{"_acf_changed":false},"product_cat":[1350,1357,372,364],"product_tag":[3191,11537,11536,374,11327,389],"class_list":["product","first","instock","shipping-taxable","purchasable","product-type-simple"],"acf":[],"_links":{"self":[{"href":"https:\/\/mouldking.store\/vi\/wp-json\/wp\/v2\/product\/42941","targetHints":{"allow":["GET"]}}],"collection":[{"href":"https:\/\/mouldking.store\/vi\/wp-json\/wp\/v2\/product"}],"about":[{"href":"https:\/\/mouldking.store\/vi\/wp-json\/wp\/v2\/types\/product"}],"replies":[{"embeddable":true,"href":"https:\/\/mouldking.store\/vi\/wp-json\/wp\/v2\/comments?post=42941"}],"wp:featuredmedia":[{"embeddable":true,"href":"https:\/\/mouldking.store\/vi\/wp-json\/wp\/v2\/media\/42936"}],"wp:attachment":[{"href":"https:\/\/mouldking.store\/vi\/wp-json\/wp\/v2\/media?parent=42941"}],"wp:term":[{"taxonomy":"product_cat","embeddable":true,"href":"https:\/\/mouldking.store\/vi\/wp-json\/wp\/v2\/product_cat?post=42941"},{"taxonomy":"product_tag","embeddable":true,"href":"https:\/\/mouldking.store\/vi\/wp-json\/wp\/v2\/product_tag?post=42941"}],"curies":[{"name":"wp","href":"https:\/\/api.w.org\/{rel}","templated":true}]}}