{"id":42961,"date":"2023-03-16T09:55:32","date_gmt":"2023-03-16T02:55:32","guid":{"rendered":"https:\/\/mouldking.store\/shop\/moc-factory-32199-sukhoi-su-37-terminator-with-1664-pieces\/"},"modified":"2025-12-16T22:25:09","modified_gmt":"2025-12-16T15:25:09","slug":"moc-factory-32199-sukhoi-su-37-terminator-with-1664-pieces","status":"publish","type":"product","link":"https:\/\/mouldking.store\/vi\/shop\/moc-factory-32199-sukhoi-su-37-terminator-with-1664-pieces\/","title":{"rendered":"Nh\u00e0 m\u00e1y MOC 32199 Sukhoi SU-37 TERMINATOR with 1664 Pieces"},"content":{"rendered":"<div>\u2705 MOC-32199 K\u1ebb h\u1ee7y di\u1ec7t Sukhoi SU-37<\/p>\n<p>\u2705Sukhoi SU-37 Terminator l\u00e0 m\u00e1y bay chi\u1ebfn \u0111\u1ea5u c\u1ee7a Nga \u0111\u01b0\u1ee3c ph\u00e1t tri\u1ec3n b\u1edfi C\u1ee5c thi\u1ebft k\u1ebf Sukhoi nh\u01b0 m\u1ed9t phi\u00ean b\u1ea3n ti\u00ean ti\u1ebfn c\u1ee7a SU-27 Flanker. SU-37 \u0111\u01b0\u1ee3c thi\u1ebft k\u1ebf \u0111\u1ec3 tr\u1edf th\u00e0nh m\u1ed9t m\u00e1y bay chi\u1ebfn \u0111\u1ea5u c\u00f3 t\u00ednh c\u01a1 \u0111\u1ed9ng cao, c\u00f3 kh\u1ea3 n\u0103ng th\u1ef1c hi\u1ec7n c\u00e1c thao t\u00e1c tr\u00ean kh\u00f4ng ti\u00ean ti\u1ebfn nh\u01b0 thao t\u00e1c &quot;R\u1eafn h\u1ed5 mang&quot;, bao g\u1ed3m vi\u1ec7c nhanh ch\u00f3ng n\u00e2ng m\u0169i m\u00e1y bay l\u00ean m\u1ed9t g\u00f3c t\u1ea5n cao trong khi v\u1eabn duy tr\u00ec t\u1ed1c \u0111\u1ed9 bay.<\/p>\n<p>\ud83d\udeab QUAN TR\u1eccNG!<\/p>\n<p>T\u00ean s\u1ea3n ph\u1ea9m: M\u00c1Y H\u1ea4P D\u1eaaN Sukhoi SU-37<\/p>\n<p>Th\u1ec3 lo\u1ea1i: Qu\u00e2n s\u1ef1<\/p>\n<p>B\u1ed9 n\u00e0y ch\u1ee9a: MOC-32199<\/p>\n<p>1664 chi\u1ebfc G\u1ea1ch ch\u1ea5t l\u01b0\u1ee3ng t\u1ed1t<\/p>\n<p>Tr\u1ecdng l\u01b0\u1ee3ng: 1600g<\/p>\n<p>H\u01b0\u1edbng d\u1eabn PDF<\/p>\n<p>\ud83d\udcccB\u1ea3n ch\u1ea5t c\u1ee7a nh\u00e2n v\u1eadt ch\u00ednh<\/p>\n<p>Gi\u1edbi thi\u1ec7u b\u1ed9 s\u01b0u t\u1eadp \u0111\u00e1ng t\u1ef1 h\u00e0o c\u1ee7a ch\u00fang t\u00f4i mang t\u00ean \u201cSukhoi SU-37 TERMINATOR\u201d m\u00e0 b\u1ea1n kh\u00f4ng n\u00ean b\u1ecf l\u1ee1.<\/p>\n<p>SU-37 \u0111\u01b0\u1ee3c trang b\u1ecb h\u1ec7 th\u1ed1ng \u0111i\u1ec7n t\u1eed h\u00e0ng kh\u00f4ng v\u00e0 v\u0169 kh\u00ed ti\u00ean ti\u1ebfn, bao g\u1ed3m h\u1ec7 th\u1ed1ng radar ti\u00ean ti\u1ebfn v\u00e0 nhi\u1ec1u lo\u1ea1i v\u0169 kh\u00ed kh\u00f4ng \u0111\u1ed1i kh\u00f4ng v\u00e0 kh\u00f4ng \u0111\u1ed1i \u0111\u1ea5t. M\u00e1y bay c\u0169ng \u0111\u01b0\u1ee3c trang b\u1ecb \u0111\u1ed9ng c\u01a1 vect\u01a1 l\u1ef1c \u0111\u1ea9y, cho ph\u00e9p phi c\u00f4ng ki\u1ec3m so\u00e1t h\u01b0\u1edbng l\u1ef1c \u0111\u1ea9y c\u1ee7a m\u00e1y bay, gi\u00fap t\u0103ng kh\u1ea3 n\u0103ng c\u01a1 \u0111\u1ed9ng v\u00e0 ki\u1ec3m so\u00e1t. SU-37 c\u1ea5t c\u00e1nh l\u1ea7n \u0111\u1ea7u ti\u00ean v\u00e0o n\u0103m 1996 v\u00e0 c\u00f3 t\u1ed5ng c\u1ed9ng 2 nguy\u00ean m\u1eabu \u0111\u00e3 \u0111\u01b0\u1ee3c ch\u1ebf t\u1ea1o. Trong khi chi\u1ebfc m\u00e1y bay n\u00e0y kh\u00f4ng \u0111\u01b0\u1ee3c \u0111\u01b0a v\u00e0o s\u1ea3n xu\u1ea5t, m\u1ed9t s\u1ed1 c\u00f4ng ngh\u1ec7 ti\u00ean ti\u1ebfn c\u1ee7a n\u00f3 \u0111\u00e3 \u0111\u01b0\u1ee3c t\u00edch h\u1ee3p v\u00e0o c\u00e1c m\u00e1y bay chi\u1ebfn \u0111\u1ea5u Sukhoi kh\u00e1c, bao g\u1ed3m SU-30, SU-35 v\u00e0 SU-57. SU-37 v\u1eabn l\u00e0 m\u1ed9t ch\u1ee7 \u0111\u1ec1 ph\u1ed5 bi\u1ebfn \u0111\u01b0\u1ee3c nh\u1eefng ng\u01b0\u1eddi \u0111am m\u00ea h\u00e0ng kh\u00f4ng quan t\u00e2m do kh\u1ea3 n\u0103ng c\u01a1 \u0111\u1ed9ng ti\u00ean ti\u1ebfn v\u00e0 c\u00f4ng ngh\u1ec7 ti\u00ean ti\u1ebfn c\u1ee7a n\u00f3.<\/p><\/div>","protected":false},"excerpt":{"rendered":"<p>Th\u01b0\u01a1ng hi\u1ec7u: Nh\u00e0 m\u00e1y M\u1ed8C<br \/>\nGi\u1edbi t\u00ednh: Unisex<br \/>\n\u0110\u1ed9 tu\u1ed5i: &gt; 12 tu\u1ed5i<br \/>\nS\u1ed1 m\u00f4 h\u00ecnh: 32199<br \/>\nPh\u00e2n lo\u1ea1i: T\u1eadp h\u1ee3p<br \/>\nH\u00ecnh d\u1ea1ng kh\u1ed1i nh\u1ef1a: G\u1ea1ch t\u1ef1 kh\u00f3a<br \/>\nCh\u1ea5t li\u1ec7u: Nh\u1ef1a<br \/>\nLo\u1ea1i nh\u1ef1a: ABS<br \/>\nKh\u1ed1i g\u1ea1ch: 1664 +<br \/>\nS\u1eafp x\u1ebfp th\u1eddi gian: 4-8 tu\u1ea7n<\/p>","protected":false},"featured_media":42956,"comment_status":"open","ping_status":"closed","template":"","meta":{"_acf_changed":false},"product_cat":[1350,1357,372,364],"product_tag":[5271,11534,374,11538,389,4198],"class_list":["product","first","instock","shipping-taxable","purchasable","product-type-simple"],"acf":[],"_links":{"self":[{"href":"https:\/\/mouldking.store\/vi\/wp-json\/wp\/v2\/product\/42961","targetHints":{"allow":["GET"]}}],"collection":[{"href":"https:\/\/mouldking.store\/vi\/wp-json\/wp\/v2\/product"}],"about":[{"href":"https:\/\/mouldking.store\/vi\/wp-json\/wp\/v2\/types\/product"}],"replies":[{"embeddable":true,"href":"https:\/\/mouldking.store\/vi\/wp-json\/wp\/v2\/comments?post=42961"}],"wp:featuredmedia":[{"embeddable":true,"href":"https:\/\/mouldking.store\/vi\/wp-json\/wp\/v2\/media\/42956"}],"wp:attachment":[{"href":"https:\/\/mouldking.store\/vi\/wp-json\/wp\/v2\/media?parent=42961"}],"wp:term":[{"taxonomy":"product_cat","embeddable":true,"href":"https:\/\/mouldking.store\/vi\/wp-json\/wp\/v2\/product_cat?post=42961"},{"taxonomy":"product_tag","embeddable":true,"href":"https:\/\/mouldking.store\/vi\/wp-json\/wp\/v2\/product_tag?post=42961"}],"curies":[{"name":"wp","href":"https:\/\/api.w.org\/{rel}","templated":true}]}}