{"id":42967,"date":"2023-03-16T10:01:18","date_gmt":"2023-03-16T03:01:18","guid":{"rendered":"https:\/\/mouldking.store\/shop\/moc-factory-29950-f-15-e-strike-eagle-with-1261-pieces\/"},"modified":"2025-12-16T22:25:09","modified_gmt":"2025-12-16T15:25:09","slug":"moc-factory-29950-f-15-e-strike-eagle-with-1261-pieces","status":"publish","type":"product","link":"https:\/\/mouldking.store\/vi\/shop\/moc-factory-29950-f-15-e-strike-eagle-with-1261-pieces\/","title":{"rendered":"MOC Factory 29950 F-15 E Strike Eagle v\u1edbi 1261 M\u1ea3nh gh\u00e9p"},"content":{"rendered":"<div>\u2705 MOC-29950 F-15 E Strike Eagle<\/p>\n<p>\u2705F-15E Strike Eagle l\u00e0 m\u00e1y bay chi\u1ebfn \u0111\u1ea5u \u0111a n\u0103ng do McDonnell Douglas (nay l\u00e0 m\u1ed9t ph\u1ea7n c\u1ee7a Boeing) ph\u00e1t tri\u1ec3n cho Kh\u00f4ng qu\u00e2n Hoa K\u1ef3 (USAF). N\u00f3 l\u00e0 m\u1ed9t bi\u1ebfn th\u1ec3 c\u1ee7a F-15 Eagle, v\u1ed1n \u0111\u01b0\u1ee3c thi\u1ebft k\u1ebf nh\u01b0 m\u1ed9t m\u00e1y bay chi\u1ebfn \u0111\u1ea5u chi\u1ebfm \u01b0u th\u1ebf tr\u00ean kh\u00f4ng.<\/p>\n<p>\ud83d\udeab QUAN TR\u1eccNG!<\/p>\n<p>T\u00ean s\u1ea3n ph\u1ea9m: F-15 E Strike Eagle<\/p>\n<p>Th\u1ec3 lo\u1ea1i: Qu\u00e2n s\u1ef1<\/p>\n<p>B\u1ed9 n\u00e0y ch\u1ee9a: MOC-29950&nbsp;<\/p>\n<p>1261 vi\u00ean g\u1ea1ch ch\u1ea5t l\u01b0\u1ee3ng t\u1ed1t<\/p>\n<p>Tr\u1ecdng l\u01b0\u1ee3ng: 1200g<\/p>\n<p>H\u01b0\u1edbng d\u1eabn PDF<\/p>\n<p>\ud83d\udcccB\u1ea3n ch\u1ea5t c\u1ee7a nh\u00e2n v\u1eadt ch\u00ednh<\/p>\n<p>Xin gi\u1edbi thi\u1ec7u b\u1ed9 s\u01b0u t\u1eadp \u0111\u00e1ng t\u1ef1 h\u00e0o c\u1ee7a ch\u00fang t\u00f4i mang t\u00ean \u201cF-15 E Strike Eagle\u201d m\u00e0 b\u1ea1n kh\u00f4ng n\u00ean b\u1ecf l\u1ee1.<\/p>\n<p>F-15E Strike Eagle \u0111\u01b0\u1ee3c thi\u1ebft k\u1ebf cho c\u1ea3 nhi\u1ec7m v\u1ee5 kh\u00f4ng \u0111\u1ed1i kh\u00f4ng v\u00e0 kh\u00f4ng \u0111\u1ed1i \u0111\u1ea5t, \u0111\u1ed3ng th\u1eddi n\u00f3 c\u00f3 kh\u1ea3 n\u0103ng th\u1ef1c hi\u1ec7n nhi\u1ec1u lo\u1ea1i nhi\u1ec7m v\u1ee5, bao g\u1ed3m nhi\u1ec7m v\u1ee5 t\u1ea5n c\u00f4ng s\u00e2u, h\u1ed7 tr\u1ee3 tr\u00ean kh\u00f4ng v\u00e0 ng\u0103n ch\u1eb7n tr\u00ean kh\u00f4ng. M\u00e1y bay \u0111\u01b0\u1ee3c trang b\u1ecb h\u1ec7 th\u1ed1ng v\u0169 kh\u00ed v\u00e0 \u0111i\u1ec7n t\u1eed ti\u00ean ti\u1ebfn, bao g\u1ed3m h\u1ec7 th\u1ed1ng radar m\u1ea1nh, h\u1ec7 th\u1ed1ng t\u00e1c chi\u1ebfn \u0111i\u1ec7n t\u1eed v\u00e0 nhi\u1ec1u lo\u1ea1i v\u0169 kh\u00ed kh\u00f4ng \u0111\u1ed1i kh\u00f4ng v\u00e0 kh\u00f4ng \u0111\u1ed1i \u0111\u1ea5t.<\/p><\/div>","protected":false},"excerpt":{"rendered":"<p>Th\u01b0\u01a1ng hi\u1ec7u: Nh\u00e0 m\u00e1y M\u1ed8C<br \/>\nGi\u1edbi t\u00ednh: Unisex<br \/>\n\u0110\u1ed9 tu\u1ed5i: &gt; 12 tu\u1ed5i<br \/>\nS\u1ed1 m\u00f4 h\u00ecnh: 29950<br \/>\nPh\u00e2n lo\u1ea1i: T\u1eadp h\u1ee3p<br \/>\nH\u00ecnh d\u1ea1ng kh\u1ed1i nh\u1ef1a: G\u1ea1ch t\u1ef1 kh\u00f3a<br \/>\nCh\u1ea5t li\u1ec7u: Nh\u1ef1a<br \/>\nLo\u1ea1i nh\u1ef1a: ABS<br \/>\nKh\u1ed1i g\u1ea1ch: 1261 +<br \/>\nS\u1eafp x\u1ebfp th\u1eddi gian: 4-8 tu\u1ea7n<\/p>","protected":false},"featured_media":42962,"comment_status":"open","ping_status":"closed","template":"","meta":{"_acf_changed":false},"product_cat":[1350,1357,372,364],"product_tag":[5271,11534,11540,374,11539,389],"class_list":["product","first","instock","shipping-taxable","purchasable","product-type-simple"],"acf":[],"_links":{"self":[{"href":"https:\/\/mouldking.store\/vi\/wp-json\/wp\/v2\/product\/42967","targetHints":{"allow":["GET"]}}],"collection":[{"href":"https:\/\/mouldking.store\/vi\/wp-json\/wp\/v2\/product"}],"about":[{"href":"https:\/\/mouldking.store\/vi\/wp-json\/wp\/v2\/types\/product"}],"replies":[{"embeddable":true,"href":"https:\/\/mouldking.store\/vi\/wp-json\/wp\/v2\/comments?post=42967"}],"wp:featuredmedia":[{"embeddable":true,"href":"https:\/\/mouldking.store\/vi\/wp-json\/wp\/v2\/media\/42962"}],"wp:attachment":[{"href":"https:\/\/mouldking.store\/vi\/wp-json\/wp\/v2\/media?parent=42967"}],"wp:term":[{"taxonomy":"product_cat","embeddable":true,"href":"https:\/\/mouldking.store\/vi\/wp-json\/wp\/v2\/product_cat?post=42967"},{"taxonomy":"product_tag","embeddable":true,"href":"https:\/\/mouldking.store\/vi\/wp-json\/wp\/v2\/product_tag?post=42967"}],"curies":[{"name":"wp","href":"https:\/\/api.w.org\/{rel}","templated":true}]}}