{"id":42976,"date":"2023-03-16T10:23:25","date_gmt":"2023-03-16T03:23:25","guid":{"rendered":"https:\/\/mouldking.store\/shop\/moc-factory-141121-gandalf-the-greys-wizard-hat-with-134-pieces\/"},"modified":"2025-12-16T22:25:09","modified_gmt":"2025-12-16T15:25:09","slug":"moc-factory-141121-gandalf-the-greys-wizard-hat-with-134-pieces","status":"publish","type":"product","link":"https:\/\/mouldking.store\/vi\/shop\/moc-factory-141121-gandalf-the-greys-wizard-hat-with-134-pieces\/","title":{"rendered":"MOC Factory 141121 M\u0169 ph\u00f9 th\u1ee7y Gandalf the Grey v\u1edbi 134 mi\u1ebfng"},"content":{"rendered":"<div>\u2705 MOC-141121 M\u0169 ph\u00f9 th\u1ee7y c\u1ee7a Gandalf the Grey<\/p>\n<p>\u2705M\u0169 ph\u00f9 th\u1ee7y c\u1ee7a Gandalf the Grey l\u00e0 m\u1ed9t chi\u1ebfc m\u0169 h\u01b0 c\u1ea5u \u0111\u01b0\u1ee3c \u0111\u1ed9i b\u1edfi nh\u00e2n v\u1eadt Gandalf trong \u201cCh\u00faa t\u1ec3 c\u1ee7a nh\u1eefng chi\u1ebfc nh\u1eabn\u201d c\u1ee7a JRR Tolkien. Gandalf l\u00e0 m\u1ed9t ph\u00f9 th\u1ee7y v\u00e0 l\u00e0 m\u1ed9t trong nh\u1eefng th\u00e0nh vi\u00ean c\u1ee7a Hi\u1ec7p h\u1ed9i nh\u1eabn, ng\u01b0\u1eddi l\u00ean \u0111\u01b0\u1eddng ti\u00eau di\u1ec7t Chi\u1ebfc nh\u1eabn v\u00e0 \u0111\u00e1nh b\u1ea1i Ch\u00faa t\u1ec3 b\u00f3ng t\u1ed1i Sauron.<\/p>\n<p>\ud83d\udeab QUAN TR\u1eccNG!<\/p>\n<p>T\u00ean s\u1ea3n ph\u1ea9m: M\u0169 ph\u00f9 th\u1ee7y c\u1ee7a Gandalf the Grey<\/p>\n<p>Th\u1ec3 lo\u1ea1i: Phim<\/p>\n<p>B\u1ed9 n\u00e0y ch\u1ee9a: MOC-141121<\/p>\n<p>134 vi\u00ean g\u1ea1ch ch\u1ea5t l\u01b0\u1ee3ng t\u1ed1t<\/p>\n<p>H\u01b0\u1edbng d\u1eabn PDF<\/p>\n<p>\ud83d\udcccB\u1ea3n ch\u1ea5t c\u1ee7a nh\u00e2n v\u1eadt ch\u00ednh<\/p>\n<p>Xin gi\u1edbi thi\u1ec7u b\u1ed9 s\u01b0u t\u1eadp \u0111\u00e1ng t\u1ef1 h\u00e0o c\u1ee7a ch\u00fang t\u00f4i c\u00f3 t\u00ean \u201cM\u0169 ph\u00f9 th\u1ee7y c\u1ee7a Gandalf the Grey\u201d m\u00e0 b\u1ea1n kh\u00f4ng n\u00ean b\u1ecf l\u1ee1.<\/p>\n<p>Trong truy\u1ec7n, chi\u1ebfc m\u0169 c\u1ee7a Gandalf \u0111\u01b0\u1ee3c m\u00f4 t\u1ea3 l\u00e0 m\u1ed9t chi\u1ebfc m\u0169 cao, nh\u1ecdn l\u00e0m b\u1eb1ng ch\u1ea5t li\u1ec7u m\u1ec1m, m\u00e0u x\u00e1m, b\u00ean trong c\u00f3 vi\u1ec1n b\u1ea1c. Chi\u1ebfc m\u0169 th\u01b0\u1eddng \u0111\u01b0\u1ee3c m\u00f4 t\u1ea3 l\u00e0 h\u01a1i c\u0169 v\u00e0 s\u1eddn, v\u1edbi v\u00e0nh r\u1ed9ng t\u1ea1o b\u00f3ng tr\u00ean khu\u00f4n m\u1eb7t c\u1ee7a Gandalf. Chi\u1ebfc m\u0169 l\u00e0 m\u1ed9t ph\u1ea7n mang t\u00ednh bi\u1ec3u t\u01b0\u1ee3ng trong ngo\u1ea1i h\u00ecnh c\u1ee7a Gandalf v\u00e0 ph\u1ee5c v\u1ee5 m\u1ed9t m\u1ee5c \u0111\u00edch th\u1ef1c t\u1ebf, gi\u00fap b\u1ea3o v\u1ec7 kh\u1ecfi c\u00e1c y\u1ebfu t\u1ed1 th\u1eddi ti\u1ebft v\u00e0 che gi\u1ea5u khu\u00f4n m\u1eb7t c\u1ee7a \u00f4ng trong b\u00f3ng t\u1ed1i. N\u00f3 c\u0169ng l\u00e0 bi\u1ec3u t\u01b0\u1ee3ng cho tr\u00ed tu\u1ec7, s\u1ee9c m\u1ea1nh v\u00e0 \u0111\u1ecba v\u1ecb c\u1ee7a Gandalf v\u1edbi t\u01b0 c\u00e1ch l\u00e0 m\u1ed9t ph\u00f9 th\u1ee7y. Trong b\u1ed9 phim chuy\u1ec3n th\u1ec3 t\u1eeb &quot;Ch\u00faa t\u1ec3 c\u1ee7a nh\u1eefng chi\u1ebfc nh\u1eabn&quot; c\u1ee7a Peter Jackson, chi\u1ebfc m\u0169 c\u1ee7a Gandalf \u0111\u01b0\u1ee3c t\u00e1i t\u1ea1o m\u1ed9t c\u00e1ch trung th\u1ef1c, v\u1edbi c\u00e1c chi ti\u1ebft ph\u1ee9c t\u1ea1p v\u00e0 h\u00ecnh d\u1ea1ng h\u01a1i b\u1ea5t \u0111\u1ed1i x\u1ee9ng.<\/p><\/div>","protected":false},"excerpt":{"rendered":"<p>Th\u01b0\u01a1ng hi\u1ec7u: Nh\u00e0 m\u00e1y M\u1ed8C<br \/>\nGi\u1edbi t\u00ednh: Unisex<br \/>\n\u0110\u1ed9 tu\u1ed5i: &gt; 12 tu\u1ed5i<br \/>\nS\u1ed1 m\u00f4 h\u00ecnh: 141121<br \/>\nPh\u00e2n lo\u1ea1i: T\u1eadp h\u1ee3p<br \/>\nH\u00ecnh d\u1ea1ng kh\u1ed1i nh\u1ef1a: G\u1ea1ch t\u1ef1 kh\u00f3a<br \/>\nCh\u1ea5t li\u1ec7u: Nh\u1ef1a<br \/>\nLo\u1ea1i nh\u1ef1a: ABS<br \/>\nKh\u1ed1i g\u1ea1ch: 134 +<br \/>\nS\u1eafp x\u1ebfp th\u1eddi gian: 4-8 tu\u1ea7n<\/p>","protected":false},"featured_media":42974,"comment_status":"open","ping_status":"closed","template":"","meta":{"_acf_changed":false},"product_cat":[1365,581,1408],"product_tag":[8452,3281,11543,11545,434,6169,11544],"class_list":["product","first","instock","shipping-taxable","purchasable","product-type-simple"],"acf":[],"_links":{"self":[{"href":"https:\/\/mouldking.store\/vi\/wp-json\/wp\/v2\/product\/42976","targetHints":{"allow":["GET"]}}],"collection":[{"href":"https:\/\/mouldking.store\/vi\/wp-json\/wp\/v2\/product"}],"about":[{"href":"https:\/\/mouldking.store\/vi\/wp-json\/wp\/v2\/types\/product"}],"replies":[{"embeddable":true,"href":"https:\/\/mouldking.store\/vi\/wp-json\/wp\/v2\/comments?post=42976"}],"wp:featuredmedia":[{"embeddable":true,"href":"https:\/\/mouldking.store\/vi\/wp-json\/wp\/v2\/media\/42974"}],"wp:attachment":[{"href":"https:\/\/mouldking.store\/vi\/wp-json\/wp\/v2\/media?parent=42976"}],"wp:term":[{"taxonomy":"product_cat","embeddable":true,"href":"https:\/\/mouldking.store\/vi\/wp-json\/wp\/v2\/product_cat?post=42976"},{"taxonomy":"product_tag","embeddable":true,"href":"https:\/\/mouldking.store\/vi\/wp-json\/wp\/v2\/product_tag?post=42976"}],"curies":[{"name":"wp","href":"https:\/\/api.w.org\/{rel}","templated":true}]}}