{"id":42978,"date":"2023-03-16T10:28:26","date_gmt":"2023-03-16T03:28:26","guid":{"rendered":"https:\/\/mouldking.store\/shop\/moc-factory-127524-sw-sith-temple-with-2519-pieces\/"},"modified":"2025-12-16T22:25:09","modified_gmt":"2025-12-16T15:25:09","slug":"moc-factory-127524-sw-sith-temple-with-2519-pieces","status":"publish","type":"product","link":"https:\/\/mouldking.store\/vi\/shop\/moc-factory-127524-sw-sith-temple-with-2519-pieces\/","title":{"rendered":"MOC Factory 127524 SW \u2013 Ng\u00f4i \u0111\u1ec1n Sith v\u1edbi 2519 M\u1ea3nh gh\u00e9p"},"content":{"rendered":"<div>\u2705 MOC-127524 SW \u2013 \u0110\u1ec1n Sith<\/p>\n<p>\u2705Trong v\u0169 tr\u1ee5 Chi\u1ebfn tranh gi\u1eefa c\u00e1c v\u00ec sao, \u0110\u1ec1n th\u1edd Sith \u0111\u1ec1 c\u1eadp \u0111\u1ebfn nhi\u1ec1u \u0111\u1ecba \u0111i\u1ec3m kh\u00e1c nhau t\u1eebng l\u00e0 trung t\u00e2m quy\u1ec1n l\u1ef1c v\u00e0 ki\u1ebfn th\u1ee9c c\u1ee7a ng\u01b0\u1eddi Sith trong su\u1ed1t l\u1ecbch s\u1eed h\u00e0ng thi\u00ean ni\u00ean k\u1ef7 c\u1ee7a D\u00f2ng Sith. H\u00ecnh th\u1ee9c v\u00e0 b\u1ea3n ch\u1ea5t ch\u00ednh x\u00e1c c\u1ee7a nh\u1eefng ng\u00f4i \u0111\u1ec1n n\u00e0y thay \u0111\u1ed5i t\u00f9y thu\u1ed9c v\u00e0o th\u1eddi gian v\u00e0 \u0111\u1ecba \u0111i\u1ec3m m\u00e0 ch\u00fang \u0111\u01b0\u1ee3c x\u00e2y d\u1ef1ng.<\/p>\n<p>\ud83d\udeab QUAN TR\u1eccNG!<\/p>\n<p>T\u00ean s\u1ea3n ph\u1ea9m: SW \u2013 \u0110\u1ec1n Sith<\/p>\n<p>Th\u1ec3 lo\u1ea1i: Chi\u1ebfn tranh gi\u1eefa c\u00e1c v\u00ec sao<\/p>\n<p>B\u1ed9 c\u00f4ng c\u1ee5 n\u00e0y ch\u1ee9a: MOC-127524<\/p>\n<p>2519 chi\u1ebfc G\u1ea1ch ch\u1ea5t l\u01b0\u1ee3ng t\u1ed1t<\/p>\n<p>K\u00edch th\u01b0\u1edbc: 24.6 x 66 x 34.8 (\u0110i\u1ec3m)<\/p>\n<p>H\u01b0\u1edbng d\u1eabn PDF<\/p>\n<p>\ud83d\udcccB\u1ea3n ch\u1ea5t c\u1ee7a nh\u00e2n v\u1eadt ch\u00ednh<\/p>\n<p>Xin gi\u1edbi thi\u1ec7u b\u1ed9 s\u01b0u t\u1eadp \u0111\u00e1ng t\u1ef1 h\u00e0o c\u1ee7a ch\u00fang t\u00f4i mang t\u00ean \u201cSW \u2013 Sith Temple\u201d m\u00e0 b\u1ea1n kh\u00f4ng n\u00ean b\u1ecf l\u1ee1.<\/p>\n<p>M\u1ed9t v\u00ed d\u1ee5 \u0111\u00e1ng ch\u00fa \u00fd v\u1ec1 Ng\u00f4i \u0111\u1ec1n Sith l\u00e0 Ng\u00f4i \u0111\u1ec1n tr\u00ean h\u00e0nh tinh Malachor, \u0111\u01b0\u1ee3c gi\u1edbi thi\u1ec7u trong lo\u1ea1t phim ho\u1ea1t h\u00ecnh truy\u1ec1n h\u00ecnh &quot;Star Wars Rebels&quot;. \u0110\u1ec1n Malachor l\u00e0 m\u1ed9t c\u1ea5u tr\u00fac \u0111\u1ed3 s\u1ed9 c\u00f3 kh\u1ea3 n\u0103ng khai th\u00e1c v\u00e0 t\u1eadp trung s\u1ee9c m\u1ea1nh c\u1ee7a m\u1eb7t t\u1ed1i c\u1ee7a Th\u1ea7n l\u1ef1c. \u0110\u00e2y c\u0169ng l\u00e0 n\u01a1i di\u1ec5n ra tr\u1eadn chi\u1ebfn t\u00e0n kh\u1ed1c gi\u1eefa Jedi v\u00e0 Sith, khi\u1ebfn ng\u00f4i \u0111\u1ec1n tr\u1edf th\u00e0nh \u0111\u1ed1ng \u0111\u1ed5 n\u00e1t v\u00e0 khu v\u1ef1c xung quanh kh\u00f4ng c\u00f2n s\u1ef1 s\u1ed1ng. M\u1ed9t v\u00ed d\u1ee5 kh\u00e1c l\u00e0 \u0110\u1ec1n Sith tr\u00ean h\u00e0nh tinh Exegol, \u0111\u01b0\u1ee3c gi\u1edbi thi\u1ec7u trong b\u1ed9 phim \u201cChi\u1ebfn tranh gi\u1eefa c\u00e1c v\u00ec sao: S\u1ef1 tr\u1ed7i d\u1eady c\u1ee7a Skywalker\u201d n\u0103m 2019. Ng\u00f4i \u0111\u1ec1n n\u00e0y l\u00e0 m\u1ed9t c\u1ea5u tr\u00fac \u0111\u1ed3 s\u1ed9 d\u01b0\u1edbi l\u00f2ng \u0111\u1ea5t, \u0111\u00f3ng vai tr\u00f2 l\u00e0 th\u00e0nh tr\u00ec b\u00ed m\u1eadt c\u1ee7a Sith Eternal, m\u1ed9t gi\u00e1o ph\u00e1i t\u00ecm c\u00e1ch kh\u00f4i ph\u1ee5c s\u1ee9c m\u1ea1nh c\u1ee7a ng\u01b0\u1eddi Sith v\u00e0 th\u1ed1ng tr\u1ecb thi\u00ean h\u00e0.<\/p><\/div>","protected":false},"excerpt":{"rendered":"<p>Th\u01b0\u01a1ng hi\u1ec7u: Nh\u00e0 m\u00e1y M\u1ed8C<br \/>\nGi\u1edbi t\u00ednh: Unisex<br \/>\n\u0110\u1ed9 tu\u1ed5i: &gt; 12 tu\u1ed5i<br \/>\nS\u1ed1 m\u00f4 h\u00ecnh: 127524<br \/>\nPh\u00e2n lo\u1ea1i: T\u1eadp h\u1ee3p<br \/>\nH\u00ecnh d\u1ea1ng kh\u1ed1i nh\u1ef1a: G\u1ea1ch t\u1ef1 kh\u00f3a<br \/>\nCh\u1ea5t li\u1ec7u: Nh\u1ef1a<br \/>\nLo\u1ea1i nh\u1ef1a: ABS<br \/>\nKh\u1ed1i g\u1ea1ch: 2519 +<br \/>\nS\u1eafp x\u1ebfp th\u1eddi gian: 4-8 tu\u1ea7n<\/p>","protected":false},"featured_media":42977,"comment_status":"open","ping_status":"closed","template":"","meta":{"_acf_changed":false},"product_cat":[1395,390,581,415,1408],"product_tag":[11099,392,434,11546,436,11001],"class_list":["product","first","instock","shipping-taxable","purchasable","product-type-simple"],"acf":[],"_links":{"self":[{"href":"https:\/\/mouldking.store\/vi\/wp-json\/wp\/v2\/product\/42978","targetHints":{"allow":["GET"]}}],"collection":[{"href":"https:\/\/mouldking.store\/vi\/wp-json\/wp\/v2\/product"}],"about":[{"href":"https:\/\/mouldking.store\/vi\/wp-json\/wp\/v2\/types\/product"}],"replies":[{"embeddable":true,"href":"https:\/\/mouldking.store\/vi\/wp-json\/wp\/v2\/comments?post=42978"}],"wp:featuredmedia":[{"embeddable":true,"href":"https:\/\/mouldking.store\/vi\/wp-json\/wp\/v2\/media\/42977"}],"wp:attachment":[{"href":"https:\/\/mouldking.store\/vi\/wp-json\/wp\/v2\/media?parent=42978"}],"wp:term":[{"taxonomy":"product_cat","embeddable":true,"href":"https:\/\/mouldking.store\/vi\/wp-json\/wp\/v2\/product_cat?post=42978"},{"taxonomy":"product_tag","embeddable":true,"href":"https:\/\/mouldking.store\/vi\/wp-json\/wp\/v2\/product_tag?post=42978"}],"curies":[{"name":"wp","href":"https:\/\/api.w.org\/{rel}","templated":true}]}}