{"id":42981,"date":"2023-03-16T10:36:41","date_gmt":"2023-03-16T03:36:41","guid":{"rendered":"https:\/\/mouldking.store\/shop\/moc-factory-141103-edoras-rohan-bundle-8-in-1-with-18894-pieces\/"},"modified":"2025-12-16T22:25:09","modified_gmt":"2025-12-16T15:25:09","slug":"moc-factory-141103-edoras-rohan-bundle-8-in-1-with-18894-pieces","status":"publish","type":"product","link":"https:\/\/mouldking.store\/vi\/shop\/moc-factory-141103-edoras-rohan-bundle-8-in-1-with-18894-pieces\/","title":{"rendered":"MOC Factory 141103 G\u00f3i Edoras Rohan 8 trong 1 v\u1edbi 18894 M\u1ea3nh gh\u00e9p"},"content":{"rendered":"<div>\u2705 MOC-141103 Edoras Rohan G\u00f3i 8 trong 1<\/p>\n<p>\u2705G\u00f3i Edoras Rohan 8 trong 1 l\u00e0 t\u1eadp h\u1ee3p c\u00e1c t\u00e0i s\u1ea3n k\u1ef9 thu\u1eadt s\u1ed1 \u0111\u1ec3 s\u1eed d\u1ee5ng trong tr\u00f2 ch\u01a1i \u0111i\u1ec7n t\u1eed \u201cCh\u00faa t\u1ec3 c\u1ee7a nh\u1eefng chi\u1ebfc nh\u1eabn tr\u1ef1c tuy\u1ebfn\u201d. \u201cCh\u00faa t\u1ec3 c\u1ee7a nh\u1eefng chi\u1ebfc nh\u1eabn tr\u1ef1c tuy\u1ebfn\u201d l\u00e0 m\u1ed9t tr\u00f2 ch\u01a1i nh\u1eadp vai tr\u1ef1c tuy\u1ebfn nhi\u1ec1u ng\u01b0\u1eddi ch\u01a1i (MMORPG) d\u1ef1a tr\u00ean b\u1ed9 truy\u1ec7n \u201cCh\u00faa t\u1ec3 c\u1ee7a nh\u1eefng chi\u1ebfc nh\u1eabn\u201d c\u1ee7a JRR Tolkien.<\/p>\n<p>\ud83d\udeab QUAN TR\u1eccNG!<\/p>\n<p>T\u00ean s\u1ea3n ph\u1ea9m: Edoras Rohan G\u00f3i 8 trong 1<\/p>\n<p>Th\u1ec3 lo\u1ea1i: Phim<\/p>\n<p>B\u1ed9 n\u00e0y ch\u1ee9a: MOC-141103<\/p>\n<p>18894 chi\u1ebfc G\u1ea1ch ch\u1ea5t l\u01b0\u1ee3ng t\u1ed1t<\/p>\n<p>H\u01b0\u1edbng d\u1eabn PDF<\/p>\n<p>\ud83d\udcccB\u1ea3n ch\u1ea5t c\u1ee7a nh\u00e2n v\u1eadt ch\u00ednh<\/p>\n<p>Xin gi\u1edbi thi\u1ec7u b\u1ed9 s\u01b0u t\u1eadp \u0111\u00e1ng t\u1ef1 h\u00e0o c\u1ee7a ch\u00fang t\u00f4i mang t\u00ean \u201cG\u00f3i Edoras Rohan 8 trong 1\u201d m\u00e0 b\u1ea1n kh\u00f4ng n\u00ean b\u1ecf l\u1ee1.<\/p>\n<p>G\u00f3i Edoras Rohan 8 trong 1 bao g\u1ed3m nhi\u1ec1u v\u1eadt ph\u1ea9m trong tr\u00f2 ch\u01a1i cho ph\u00e9p ng\u01b0\u1eddi ch\u01a1i n\u00e2ng cao tr\u1ea3i nghi\u1ec7m c\u1ee7a h\u1ecd trong tr\u00f2 ch\u01a1i. Nh\u1eefng v\u1eadt ph\u1ea9m n\u00e0y bao g\u1ed3m th\u00fa c\u01b0\u1ee1i, th\u00fa c\u01b0ng, trang ph\u1ee5c m\u1ef9 ph\u1ea9m, \u0111\u1ed3 trang tr\u00ed nh\u00e0 \u1edf v\u00e0 c\u00e1c ph\u1ea7n th\u01b0\u1edfng kh\u00e1c. G\u00f3i n\u00e0y \u0111\u01b0\u1ee3c \u0111\u1eb7t theo t\u00ean c\u1ee7a Edoras, th\u1ee7 \u0111\u00f4 c\u1ee7a Rohan, m\u1ed9t trong nh\u1eefng phe ph\u00e1i ch\u00ednh trong tr\u00f2 ch\u01a1i. G\u00f3i n\u00e0y \u0111\u01b0\u1ee3c thi\u1ebft k\u1ebf \u0111\u1ec3 cung c\u1ea5p cho ng\u01b0\u1eddi ch\u01a1i nhi\u1ec1u t\u00f9y ch\u1ecdn \u0111\u1ec3 t\u00f9y ch\u1ec9nh nh\u00e2n v\u1eadt v\u00e0 m\u00f4i tr\u01b0\u1eddng xung quanh, \u0111\u1ed3ng th\u1eddi cung c\u1ea5p th\u00eam ti\u1ec1n th\u01b0\u1edfng v\u00e0 ph\u1ea7n th\u01b0\u1edfng khi ch\u01a1i tr\u00f2 ch\u01a1i. N\u00f3 c\u00f3 s\u1eb5n \u0111\u1ec3 mua th\u00f4ng qua trang web ch\u00ednh th\u1ee9c c\u1ee7a tr\u00f2 ch\u01a1i ho\u1eb7c th\u00f4ng qua c\u00e1c nh\u00e0 b\u00e1n l\u1ebb k\u1ef9 thu\u1eadt s\u1ed1 kh\u00e1c nhau.<\/p><\/div>","protected":false},"excerpt":{"rendered":"<p>Th\u01b0\u01a1ng hi\u1ec7u: Nh\u00e0 m\u00e1y M\u1ed8C<br \/>\nGi\u1edbi t\u00ednh: Unisex<br \/>\n\u0110\u1ed9 tu\u1ed5i: &gt; 12 tu\u1ed5i<br \/>\nS\u1ed1 m\u00f4 h\u00ecnh: 141103<br \/>\nPh\u00e2n lo\u1ea1i: T\u1eadp h\u1ee3p<br \/>\nH\u00ecnh d\u1ea1ng kh\u1ed1i nh\u1ef1a: G\u1ea1ch t\u1ef1 kh\u00f3a<br \/>\nCh\u1ea5t li\u1ec7u: Nh\u1ef1a<br \/>\nLo\u1ea1i nh\u1ef1a: ABS<br \/>\nKh\u1ed1i g\u1ea1ch: 18894 +<br \/>\nS\u1eafp x\u1ebfp th\u1eddi gian: 4-8 tu\u1ea7n<\/p>","protected":false},"featured_media":42979,"comment_status":"open","ping_status":"closed","template":"","meta":{"_acf_changed":false},"product_cat":[1395,390,581,1408],"product_tag":[9635,4883,11547,11099,392,434,11548,6169],"class_list":["product","first","instock","sale","shipping-taxable","purchasable","product-type-simple"],"acf":[],"_links":{"self":[{"href":"https:\/\/mouldking.store\/vi\/wp-json\/wp\/v2\/product\/42981","targetHints":{"allow":["GET"]}}],"collection":[{"href":"https:\/\/mouldking.store\/vi\/wp-json\/wp\/v2\/product"}],"about":[{"href":"https:\/\/mouldking.store\/vi\/wp-json\/wp\/v2\/types\/product"}],"replies":[{"embeddable":true,"href":"https:\/\/mouldking.store\/vi\/wp-json\/wp\/v2\/comments?post=42981"}],"wp:featuredmedia":[{"embeddable":true,"href":"https:\/\/mouldking.store\/vi\/wp-json\/wp\/v2\/media\/42979"}],"wp:attachment":[{"href":"https:\/\/mouldking.store\/vi\/wp-json\/wp\/v2\/media?parent=42981"}],"wp:term":[{"taxonomy":"product_cat","embeddable":true,"href":"https:\/\/mouldking.store\/vi\/wp-json\/wp\/v2\/product_cat?post=42981"},{"taxonomy":"product_tag","embeddable":true,"href":"https:\/\/mouldking.store\/vi\/wp-json\/wp\/v2\/product_tag?post=42981"}],"curies":[{"name":"wp","href":"https:\/\/api.w.org\/{rel}","templated":true}]}}