{"id":42994,"date":"2023-03-16T10:49:56","date_gmt":"2023-03-16T03:49:56","guid":{"rendered":"https:\/\/mouldking.store\/shop\/moc-factory-133543-nasa-lander-insight-with-2482-pieces\/"},"modified":"2025-12-16T22:25:08","modified_gmt":"2025-12-16T15:25:08","slug":"moc-factory-133543-nasa-lander-insight-with-2482-pieces","status":"publish","type":"product","link":"https:\/\/mouldking.store\/vi\/shop\/moc-factory-133543-nasa-lander-insight-with-2482-pieces\/","title":{"rendered":"Nh\u00e0 m\u00e1y MOC 133543 NASA Lander InSight v\u1edbi 2482 m\u1ea3nh gh\u00e9p"},"content":{"rendered":"<div>\u2705 MOC-133543 NASA Lander InSight<\/p>\n<p>\u2705 T\u00e0u \u0111\u1ed5 b\u1ed9 InSight (Th\u0103m d\u00f2 b\u00ean trong s\u1eed d\u1ee5ng \u0110i\u1ec1u tra \u0111\u1ecba ch\u1ea5n, \u0110o \u0111\u1ea1c v\u00e0 V\u1eadn chuy\u1ec3n nhi\u1ec7t) c\u1ee7a NASA l\u00e0 t\u00e0u v\u0169 tr\u1ee5 robot \u0111\u01b0\u1ee3c thi\u1ebft k\u1ebf \u0111\u1ec3 nghi\u00ean c\u1ee9u c\u1ea5u tr\u00fac v\u00e0 th\u00e0nh ph\u1ea7n b\u00ean trong c\u1ee7a Sao H\u1ecfa. InSight \u0111\u01b0\u1ee3c ph\u00f3ng v\u00e0o ng\u00e0y 5 th\u00e1ng 5 n\u0103m 2018 v\u00e0 h\u1ea1 c\u00e1nh xu\u1ed1ng b\u1ec1 m\u1eb7t Sao H\u1ecfa v\u00e0o ng\u00e0y 26 th\u00e1ng 11 n\u0103m 2018.<\/p>\n<p>\ud83d\udeab QUAN TR\u1eccNG!<\/p>\n<p>T\u00ean s\u1ea3n ph\u1ea9m: NASA Lander InSight<\/p>\n<p>Th\u1ec3 lo\u1ea1i: Kh\u00f4ng gian<\/p>\n<p>B\u1ed9 n\u00e0y ch\u1ee9a: C9307<\/p>\n<p>2482 chi\u1ebfc G\u1ea1ch ch\u1ea5t l\u01b0\u1ee3ng t\u1ed1t<\/p>\n<p>K\u00edch th\u01b0\u1edbc: 59,6 x 49,4 x 29,7 cm<\/p>\n<p>C\u00e2n n\u1eb7ng: 1,37kg<\/p>\n<p>H\u01b0\u1edbng d\u1eabn PDF<\/p>\n<p>\ud83d\udcccB\u1ea3n ch\u1ea5t c\u1ee7a nh\u00e2n v\u1eadt ch\u00ednh<\/p>\n<p>Xin gi\u1edbi thi\u1ec7u b\u1ed9 s\u01b0u t\u1eadp \u0111\u00e1ng t\u1ef1 h\u00e0o c\u1ee7a ch\u00fang t\u00f4i c\u00f3 t\u00ean \u201cNASA Lander InSight\u201d m\u00e0 b\u1ea1n kh\u00f4ng n\u00ean b\u1ecf l\u1ee1.<\/p>\n<p>Nhi\u1ec7m v\u1ee5 ch\u00ednh c\u1ee7a InSight l\u00e0 nghi\u00ean c\u1ee9u b\u00ean trong sao H\u1ecfa b\u1eb1ng c\u00e1ch s\u1eed d\u1ee5ng \u0111\u1ecba ch\u1ea5n h\u1ecdc, \u0111o l\u01b0\u1eddng d\u00f2ng nhi\u1ec7t v\u00e0 khoa h\u1ecdc v\u00f4 tuy\u1ebfn. N\u00f3 \u0111\u01b0\u1ee3c trang b\u1ecb m\u1ed9t b\u1ed9 d\u1ee5ng c\u1ee5 khoa h\u1ecdc, bao g\u1ed3m m\u00e1y \u0111o \u0111\u1ecba ch\u1ea5n, \u0111\u1ea7u d\u00f2 nhi\u1ec7t v\u00e0 m\u00e1y ph\u00e1t v\u00f4 tuy\u1ebfn, cho ph\u00e9p c\u00e1c nh\u00e0 khoa h\u1ecdc nghi\u00ean c\u1ee9u s\u00e2u b\u00ean trong sao H\u1ecfa v\u00e0 hi\u1ec3u r\u00f5 h\u01a1n v\u1ec1 s\u1ef1 h\u00ecnh th\u00e0nh v\u00e0 ti\u1ebfn h\u00f3a c\u1ee7a n\u00f3. InSight l\u00e0 s\u1ee9 m\u1ec7nh sao H\u1ecfa \u0111\u1ea7u ti\u00ean nghi\u00ean c\u1ee9u s\u00e2u b\u00ean trong h\u00e0nh tinh v\u00e0 d\u1ef1 ki\u1ebfn s\u1ebd cung c\u1ea5p nh\u1eefng hi\u1ec3u bi\u1ebft quan tr\u1ecdng v\u1ec1 c\u1ea5u tr\u00fac v\u00e0 th\u00e0nh ph\u1ea7n c\u1ee7a sao H\u1ecfa c\u0169ng nh\u01b0 c\u00e1c h\u00e0nh tinh \u0111\u00e1 kh\u00e1c trong h\u1ec7 m\u1eb7t tr\u1eddi c\u1ee7a ch\u00fang ta. Nhi\u1ec7m v\u1ee5 c\u0169ng \u0111\u01b0\u1ee3c thi\u1ebft k\u1ebf \u0111\u1ec3 cung c\u1ea5p th\u00f4ng tin c\u00f3 gi\u00e1 tr\u1ecb v\u1ec1 \u0111\u1ecba ch\u1ea5t, kh\u00ed quy\u1ec3n v\u00e0 kh\u1ea3 n\u0103ng sinh s\u1ed1ng c\u1ee7a sao H\u1ecfa.<\/p><\/div>","protected":false},"excerpt":{"rendered":"<p>Th\u01b0\u01a1ng hi\u1ec7u: Nh\u00e0 m\u00e1y M\u1ed8C<br \/>\nGi\u1edbi t\u00ednh: Unisex<br \/>\n\u0110\u1ed9 tu\u1ed5i: &gt; 12 tu\u1ed5i<br \/>\nS\u1ed1 m\u00f4 h\u00ecnh: 133543<br \/>\nPh\u00e2n lo\u1ea1i: T\u1eadp h\u1ee3p<br \/>\nH\u00ecnh d\u1ea1ng kh\u1ed1i nh\u1ef1a: G\u1ea1ch t\u1ef1 kh\u00f3a<br \/>\nCh\u1ea5t li\u1ec7u: Nh\u1ef1a<br \/>\nLo\u1ea1i nh\u1ef1a: ABS<br \/>\nKh\u1ed1i g\u1ea1ch: 2482 +<br \/>\nKh\u00f4ng c\u00f3 h\u1ed9p ban \u0111\u1ea7u<\/p>","protected":false},"featured_media":42990,"comment_status":"open","ping_status":"closed","template":"","meta":{"_acf_changed":false},"product_cat":[1357,6016,364],"product_tag":[11552,11551,6111,2276,389],"class_list":["product","first","instock","shipping-taxable","purchasable","product-type-simple"],"acf":[],"_links":{"self":[{"href":"https:\/\/mouldking.store\/vi\/wp-json\/wp\/v2\/product\/42994","targetHints":{"allow":["GET"]}}],"collection":[{"href":"https:\/\/mouldking.store\/vi\/wp-json\/wp\/v2\/product"}],"about":[{"href":"https:\/\/mouldking.store\/vi\/wp-json\/wp\/v2\/types\/product"}],"replies":[{"embeddable":true,"href":"https:\/\/mouldking.store\/vi\/wp-json\/wp\/v2\/comments?post=42994"}],"wp:featuredmedia":[{"embeddable":true,"href":"https:\/\/mouldking.store\/vi\/wp-json\/wp\/v2\/media\/42990"}],"wp:attachment":[{"href":"https:\/\/mouldking.store\/vi\/wp-json\/wp\/v2\/media?parent=42994"}],"wp:term":[{"taxonomy":"product_cat","embeddable":true,"href":"https:\/\/mouldking.store\/vi\/wp-json\/wp\/v2\/product_cat?post=42994"},{"taxonomy":"product_tag","embeddable":true,"href":"https:\/\/mouldking.store\/vi\/wp-json\/wp\/v2\/product_tag?post=42994"}],"curies":[{"name":"wp","href":"https:\/\/api.w.org\/{rel}","templated":true}]}}