{"id":43042,"date":"2023-03-16T11:22:08","date_gmt":"2023-03-16T04:22:08","guid":{"rendered":"https:\/\/mouldking.store\/shop\/moc-factory-89442-garten-of-banban-captain-fiddles-with-59-pieces\/"},"modified":"2025-12-16T22:25:08","modified_gmt":"2025-12-16T15:25:08","slug":"moc-factory-89442-garten-of-banban-captain-fiddles-with-59-pieces","status":"publish","type":"product","link":"https:\/\/mouldking.store\/vi\/shop\/moc-factory-89442-garten-of-banban-captain-fiddles-with-59-pieces\/","title":{"rendered":"MOC Factory 89442 Garten of Banban Captain Fiddles with 59 Pieces"},"content":{"rendered":"<div>\u2705 MOC-89442 Garten of Banban Captain Fiddles<\/p>\n<p>\u2705Fiddles Crew l\u00e0 m\u1ed9t nh\u00f3m Qu\u00e1i v\u1eadt xu\u1ea5t hi\u1ec7n trong Garten of Banban II, l\u00e0 nh\u00f3m \u0111\u01b0\u1ee3c cho l\u00e0 c\u1ee7a Thuy\u1ec1n tr\u01b0\u1edfng Fiddles m\u00e0 anh ta l\u00e0 Thuy\u1ec1n tr\u01b0\u1edfng.<\/p>\n<p>\ud83d\udeab QUAN TR\u1eccNG!<\/p>\n<p>T\u00ean s\u1ea3n ph\u1ea9m: Garten of Banban Captain Fiddles<\/p>\n<p>Th\u1ec3 lo\u1ea1i: Ng\u01b0\u1eddi s\u00e1ng t\u1ea1o<\/p>\n<p>B\u1ed9 n\u00e0y ch\u1ee9a: C9316Y04<\/p>\n<p>59 vi\u00ean g\u1ea1ch ch\u1ea5t l\u01b0\u1ee3ng t\u1ed1t<\/p>\n<p>K\u00edch th\u01b0\u1edbc: 10.8 x 5.3 x 7.4cm<\/p>\n<p>Tr\u1ecdng l\u01b0\u1ee3ng: 0,05kg<\/p>\n<p>H\u01b0\u1edbng d\u1eabn PDF<\/p>\n<p>\ud83d\udcccB\u1ea3n ch\u1ea5t c\u1ee7a nh\u00e2n v\u1eadt ch\u00ednh<\/p>\n<p>Xin gi\u1edbi thi\u1ec7u b\u1ed9 s\u01b0u t\u1eadp \u0111\u00e1ng t\u1ef1 h\u00e0o c\u1ee7a ch\u00fang t\u00f4i c\u00f3 t\u00ean \u201cGarten of Banban Captain Fiddles\u201d m\u00e0 b\u1ea1n kh\u00f4ng n\u00ean b\u1ecf l\u1ee1.<\/p>\n<p>Thuy\u1ec1n tr\u01b0\u1edfng Fiddles tr\u00f4ng gi\u1ed1ng nh\u01b0 m\u1ed9t nh\u00e2n v\u1eadt h\u00ecnh ng\u01b0\u1eddi th\u1ea5p l\u00f9n, kh\u00f4ng c\u00f3 \u0111\u1ea7u, c\u00f3 ngh\u0129a l\u00e0 khu\u00f4n m\u1eb7t n\u1eb1m tr\u00ean ng\u1ef1c, b\u1ea3n th\u00e2n khu\u00f4n m\u1eb7t bao g\u1ed3m hai con m\u1eaft c\u1ee1 trung b\u00ecnh v\u00e0 m\u1ed9t c\u00e1i mi\u1ec7ng c\u00f3 kh\u1eadp khi\u1ec5ng m\u1eadp m\u1ea1p v\u00e0 hai h\u00e0m r\u0103ng s\u1eafc nh\u1ecdn ph\u00eda d\u01b0\u1edbi.<\/p><\/div>","protected":false},"excerpt":{"rendered":"<p>Th\u01b0\u01a1ng hi\u1ec7u: Nh\u00e0 m\u00e1y M\u1ed8C<br \/>\nGi\u1edbi t\u00ednh: Unisex<br \/>\n\u0110\u1ed9 tu\u1ed5i: &gt; 6 tu\u1ed5i<br \/>\nS\u1ed1 m\u00f4 h\u00ecnh: 89442<br \/>\nPh\u00e2n lo\u1ea1i: T\u1eadp h\u1ee3p<br \/>\nH\u00ecnh d\u1ea1ng kh\u1ed1i nh\u1ef1a: G\u1ea1ch t\u1ef1 kh\u00f3a<br \/>\nCh\u1ea5t li\u1ec7u: Nh\u1ef1a<br \/>\nLo\u1ea1i nh\u1ef1a: ABS<br \/>\nKh\u1ed1i g\u1ea1ch: 59 +<br \/>\nKh\u00f4ng c\u00f3 h\u1ed9p ban \u0111\u1ea7u<\/p>","protected":false},"featured_media":43034,"comment_status":"open","ping_status":"closed","template":"","meta":{"_acf_changed":false},"product_cat":[1365,371],"product_tag":[11475,11436,11072,8452,11560,11474],"class_list":["product","first","instock","shipping-taxable","purchasable","product-type-simple"],"acf":[],"_links":{"self":[{"href":"https:\/\/mouldking.store\/vi\/wp-json\/wp\/v2\/product\/43042","targetHints":{"allow":["GET"]}}],"collection":[{"href":"https:\/\/mouldking.store\/vi\/wp-json\/wp\/v2\/product"}],"about":[{"href":"https:\/\/mouldking.store\/vi\/wp-json\/wp\/v2\/types\/product"}],"replies":[{"embeddable":true,"href":"https:\/\/mouldking.store\/vi\/wp-json\/wp\/v2\/comments?post=43042"}],"wp:featuredmedia":[{"embeddable":true,"href":"https:\/\/mouldking.store\/vi\/wp-json\/wp\/v2\/media\/43034"}],"wp:attachment":[{"href":"https:\/\/mouldking.store\/vi\/wp-json\/wp\/v2\/media?parent=43042"}],"wp:term":[{"taxonomy":"product_cat","embeddable":true,"href":"https:\/\/mouldking.store\/vi\/wp-json\/wp\/v2\/product_cat?post=43042"},{"taxonomy":"product_tag","embeddable":true,"href":"https:\/\/mouldking.store\/vi\/wp-json\/wp\/v2\/product_tag?post=43042"}],"curies":[{"name":"wp","href":"https:\/\/api.w.org\/{rel}","templated":true}]}}