{"id":43081,"date":"2023-03-16T12:04:42","date_gmt":"2023-03-16T05:04:42","guid":{"rendered":"https:\/\/mouldking.store\/shop\/moc-factory-89440-palais-galliera-with-41452-pieces\/"},"modified":"2025-12-16T22:25:08","modified_gmt":"2025-12-16T15:25:08","slug":"moc-factory-89440-palais-galliera-with-41452-pieces","status":"publish","type":"product","link":"https:\/\/mouldking.store\/vi\/shop\/moc-factory-89440-palais-galliera-with-41452-pieces\/","title":{"rendered":"MOC Factory 89440 Palais-Galliera v\u1edbi 41452 M\u1ea3nh gh\u00e9p"},"content":{"rendered":"<div>\u2705 MOC-89440 Palais-Galliera<\/p>\n<p>\u2705Palais Galliera is a museum of fashion and fashion history located in Paris, France. It is named after the architect who designed the building, the neo-Renaissance style palace on the avenue Pierre-Ier-de-Serbie in the 16th arrondissement of Paris. The museum was founded in 1977 and is the only museum in France that is exclusively dedicated to fashion and costume design.<\/p>\n<p>\ud83d\udeab QUAN TR\u1eccNG!<\/p>\n<p>Product Name: Palais-Galliera<\/p>\n<p>Danh m\u1ee5c: T\u00f2a nh\u00e0 m\u00f4-\u0111un<\/p>\n<p>This Kit Contains: MOC-89440<\/p>\n<p>41452 pcs Good Quality Bricks<\/p>\n<p>Weight: 34500g<\/p>\n<p>H\u01b0\u1edbng d\u1eabn PDF<\/p>\n<p>\ud83d\udcccB\u1ea3n ch\u1ea5t c\u1ee7a nh\u00e2n v\u1eadt ch\u00ednh<\/p>\n<p>Introducing our proud collection named \u201cPalais-Galliera\u201d you should not miss.<\/p>\n<p>The Palais Galliera has a collection of over 200,000 items, including clothing, accessories, and textiles, that range from the 18th century to contemporary fashion. The museum has a strong focus on French fashion and designers, with many pieces from famous French couture houses such as Chanel, Dior, and Yves Saint Laurent. The Palais Galliera hosts temporary exhibitions throughout the year, which showcase different aspects of fashion history and design. In addition to its exhibitions, the museum also has an extensive research library and a conservation workshop where items from the collection are restored and preserved.<\/p><\/div>","protected":false},"excerpt":{"rendered":"<p>Th\u01b0\u01a1ng hi\u1ec7u: Nh\u00e0 m\u00e1y M\u1ed8C<br \/>\nGi\u1edbi t\u00ednh: Unisex<br \/>\n\u0110\u1ed9 tu\u1ed5i: &gt; 12 tu\u1ed5i<br \/>\nModel Number: 89440<br \/>\nPh\u00e2n lo\u1ea1i: T\u1eadp h\u1ee3p<br \/>\nH\u00ecnh d\u1ea1ng kh\u1ed1i nh\u1ef1a: G\u1ea1ch t\u1ef1 kh\u00f3a<br \/>\nCh\u1ea5t li\u1ec7u: Nh\u1ef1a<br \/>\nLo\u1ea1i nh\u1ef1a: ABS<br \/>\nBricks Blocks: 41452 +<br \/>\nS\u1eafp x\u1ebfp th\u1eddi gian: 4-8 tu\u1ea7n<\/p>","protected":false},"featured_media":43075,"comment_status":"open","ping_status":"closed","template":"","meta":{"_acf_changed":false},"product_cat":[1395,390],"product_tag":[4883,392,11569],"class_list":["product","first","instock","shipping-taxable","purchasable","product-type-simple"],"acf":[],"_links":{"self":[{"href":"https:\/\/mouldking.store\/vi\/wp-json\/wp\/v2\/product\/43081","targetHints":{"allow":["GET"]}}],"collection":[{"href":"https:\/\/mouldking.store\/vi\/wp-json\/wp\/v2\/product"}],"about":[{"href":"https:\/\/mouldking.store\/vi\/wp-json\/wp\/v2\/types\/product"}],"replies":[{"embeddable":true,"href":"https:\/\/mouldking.store\/vi\/wp-json\/wp\/v2\/comments?post=43081"}],"wp:featuredmedia":[{"embeddable":true,"href":"https:\/\/mouldking.store\/vi\/wp-json\/wp\/v2\/media\/43075"}],"wp:attachment":[{"href":"https:\/\/mouldking.store\/vi\/wp-json\/wp\/v2\/media?parent=43081"}],"wp:term":[{"taxonomy":"product_cat","embeddable":true,"href":"https:\/\/mouldking.store\/vi\/wp-json\/wp\/v2\/product_cat?post=43081"},{"taxonomy":"product_tag","embeddable":true,"href":"https:\/\/mouldking.store\/vi\/wp-json\/wp\/v2\/product_tag?post=43081"}],"curies":[{"name":"wp","href":"https:\/\/api.w.org\/{rel}","templated":true}]}}