{"id":43088,"date":"2023-03-16T12:11:21","date_gmt":"2023-03-16T05:11:21","guid":{"rendered":"https:\/\/mouldking.store\/shop\/moc-factory-89439-kumamoto-castle-with-43893-pieces\/"},"modified":"2025-12-16T22:25:08","modified_gmt":"2025-12-16T15:25:08","slug":"moc-factory-89439-kumamoto-castle-with-43893-pieces","status":"publish","type":"product","link":"https:\/\/mouldking.store\/vi\/shop\/moc-factory-89439-kumamoto-castle-with-43893-pieces\/","title":{"rendered":"Nh\u00e0 m\u00e1y MOC 89439 L\u00e2u \u0111\u00e0i Kumamoto v\u1edbi 43893 M\u1ea3nh gh\u00e9p"},"content":{"rendered":"<div>\u2705 MOC-89439 Kumamoto Castle<\/p>\n<p>\u2705Kumamoto Castle is a historic castle located in Kumamoto City, in the Kumamoto Prefecture of Japan. It is one of the most famous castles in Japan and is designated as a National Treasure of Japan.<\/p>\n<p>\ud83d\udeab QUAN TR\u1eccNG!<\/p>\n<p>Product Name: Kumamoto Castle<\/p>\n<p>Danh m\u1ee5c: T\u00f2a nh\u00e0 m\u00f4-\u0111un<\/p>\n<p>This Kit Contains: MOC-89439<\/p>\n<p>43893 pcs Good Quality Bricks<\/p>\n<p>Weight: 36500g<\/p>\n<p>H\u01b0\u1edbng d\u1eabn PDF<\/p>\n<p>\ud83d\udcccB\u1ea3n ch\u1ea5t c\u1ee7a nh\u00e2n v\u1eadt ch\u00ednh<\/p>\n<p>Introducing our proud collection named \u201cKumamoto Castle\u201d you should not miss.<\/p>\n<p>The castle was originally built in 1607 by the daimyo (feudal lord) Kato Kiyomasa, and was expanded and renovated over the centuries. It is renowned for its large size, impressive stone walls, and traditional Japanese architecture. Kumamoto Castle is a popular tourist destination, and visitors can explore the castle grounds, which include several buildings and structures that have been preserved or reconstructed. The castle also houses a museum that displays artifacts related to the history and culture of the Kumamoto region.<\/p><\/div>","protected":false},"excerpt":{"rendered":"<p>Th\u01b0\u01a1ng hi\u1ec7u: Nh\u00e0 m\u00e1y M\u1ed8C<br \/>\nGi\u1edbi t\u00ednh: Unisex<br \/>\n\u0110\u1ed9 tu\u1ed5i: &gt; 12 tu\u1ed5i<br \/>\nModel Number: 89439<br \/>\nPh\u00e2n lo\u1ea1i: T\u1eadp h\u1ee3p<br \/>\nH\u00ecnh d\u1ea1ng kh\u1ed1i nh\u1ef1a: G\u1ea1ch t\u1ef1 kh\u00f3a<br \/>\nCh\u1ea5t li\u1ec7u: Nh\u1ef1a<br \/>\nLo\u1ea1i nh\u1ef1a: ABS<br \/>\nBricks Blocks: 43893 +<br \/>\nS\u1eafp x\u1ebfp th\u1eddi gian: 4-8 tu\u1ea7n<\/p>","protected":false},"featured_media":43082,"comment_status":"open","ping_status":"closed","template":"","meta":{"_acf_changed":false},"product_cat":[1395,390],"product_tag":[787,4883,11570,392],"class_list":["product","first","instock","shipping-taxable","purchasable","product-type-simple"],"acf":[],"_links":{"self":[{"href":"https:\/\/mouldking.store\/vi\/wp-json\/wp\/v2\/product\/43088","targetHints":{"allow":["GET"]}}],"collection":[{"href":"https:\/\/mouldking.store\/vi\/wp-json\/wp\/v2\/product"}],"about":[{"href":"https:\/\/mouldking.store\/vi\/wp-json\/wp\/v2\/types\/product"}],"replies":[{"embeddable":true,"href":"https:\/\/mouldking.store\/vi\/wp-json\/wp\/v2\/comments?post=43088"}],"wp:featuredmedia":[{"embeddable":true,"href":"https:\/\/mouldking.store\/vi\/wp-json\/wp\/v2\/media\/43082"}],"wp:attachment":[{"href":"https:\/\/mouldking.store\/vi\/wp-json\/wp\/v2\/media?parent=43088"}],"wp:term":[{"taxonomy":"product_cat","embeddable":true,"href":"https:\/\/mouldking.store\/vi\/wp-json\/wp\/v2\/product_cat?post=43088"},{"taxonomy":"product_tag","embeddable":true,"href":"https:\/\/mouldking.store\/vi\/wp-json\/wp\/v2\/product_tag?post=43088"}],"curies":[{"name":"wp","href":"https:\/\/api.w.org\/{rel}","templated":true}]}}